{"id":1747,"date":"2024-10-22T12:14:32","date_gmt":"2024-10-22T12:14:32","guid":{"rendered":"https:\/\/newmood.kodektif.com\/?post_type=product&#038;p=1747"},"modified":"2024-10-22T12:14:32","modified_gmt":"2024-10-22T12:14:32","slug":"laura-orta-sehpa","status":"publish","type":"product","link":"https:\/\/newmood.com.tr\/en\/laura-orta-sehpa\/","title":{"rendered":"Laura Coffee Table"},"content":{"rendered":"","protected":false},"excerpt":{"rendered":"<p>Laura Coffee Table adds an elegant touch to your living space with its minimal and modern design. While its natural wooden surface adds warmth to the space, it offers a modern look with its stylish metal legs. Its large surface, notable for its functionality, is ideal for displaying your books, magazines or decorative objects. With its simple and sophisticated design, Laura Coffee Table becomes an indispensable part of your living room and adapts to every decoration style.<\/p>","protected":false},"featured_media":1737,"comment_status":"open","ping_status":"closed","template":"","meta":[],"product_brand":[],"product_cat":[26],"product_tag":[],"class_list":{"0":"post-1747","1":"product","2":"type-product","3":"status-publish","4":"has-post-thumbnail","6":"product_cat-tamamlayicilar","8":"first","9":"instock","10":"shipping-taxable","11":"product-type-simple"},"yoast_head":"<!-- This site is optimized with the Yoast SEO plugin v24.9 - https:\/\/yoast.com\/wordpress\/plugins\/seo\/ -->\n<title>Laura Orta Sehpa - Newmood<\/title>\n<meta name=\"robots\" content=\"index, follow, max-snippet:-1, max-image-preview:large, max-video-preview:-1\" \/>\n<link rel=\"canonical\" href=\"https:\/\/newmood.com.tr\/en\/laura-orta-sehpa\/\" \/>\n<meta property=\"og:locale\" content=\"en_US\" \/>\n<meta property=\"og:type\" content=\"article\" \/>\n<meta property=\"og:title\" content=\"Laura Orta Sehpa - Newmood\" \/>\n<meta property=\"og:description\" content=\"Laura Orta Sehpa, minimal ve modern tasar\u0131m\u0131yla ya\u015fam alan\u0131n\u0131za zarif bir dokunu\u015f katar. Do\u011fal ah\u015fap y\u00fczeyi, mekana s\u0131cakl\u0131k katarken, \u015f\u0131k metal ayaklar\u0131yla modern bir g\u00f6r\u00fcn\u00fcm sunar. \u0130\u015flevselli\u011fiyle dikkat \u00e7eken geni\u015f y\u00fczeyi, kitaplar\u0131n\u0131z\u0131, dergilerinizi veya dekoratif objelerinizi sergilemek i\u00e7in idealdir. Laura Orta Sehpa, sade ve sofistike tasar\u0131m\u0131yla, oturma odan\u0131z\u0131n vazge\u00e7ilmez bir par\u00e7as\u0131 olur ve her dekorasyon stiline uyum sa\u011flar.\" \/>\n<meta property=\"og:url\" content=\"https:\/\/newmood.com.tr\/en\/laura-orta-sehpa\/\" \/>\n<meta property=\"og:site_name\" content=\"Newmood\" \/>\n<meta property=\"og:image\" content=\"https:\/\/newmood.com.tr\/wp-content\/uploads\/2024\/10\/laura-koltuk-takimi-221024-39.jpg\" \/>\n\t<meta property=\"og:image:width\" content=\"1920\" \/>\n\t<meta property=\"og:image:height\" content=\"1200\" \/>\n\t<meta property=\"og:image:type\" content=\"image\/jpeg\" \/>\n<meta name=\"twitter:card\" content=\"summary_large_image\" \/>\n<script type=\"application\/ld+json\" class=\"yoast-schema-graph\">{\"@context\":\"https:\/\/schema.org\",\"@graph\":[{\"@type\":\"WebPage\",\"@id\":\"https:\/\/newmood.com.tr\/en\/laura-orta-sehpa\/\",\"url\":\"https:\/\/newmood.com.tr\/en\/laura-orta-sehpa\/\",\"name\":\"Laura Orta Sehpa - Newmood\",\"isPartOf\":{\"@id\":\"https:\/\/newmood.com.tr\/en\/#website\"},\"primaryImageOfPage\":{\"@id\":\"https:\/\/newmood.com.tr\/en\/laura-orta-sehpa\/#primaryimage\"},\"image\":{\"@id\":\"https:\/\/newmood.com.tr\/en\/laura-orta-sehpa\/#primaryimage\"},\"thumbnailUrl\":\"https:\/\/newmood.com.tr\/wp-content\/uploads\/2024\/10\/laura-koltuk-takimi-221024-39.jpg\",\"datePublished\":\"2024-10-22T12:14:32+00:00\",\"breadcrumb\":{\"@id\":\"https:\/\/newmood.com.tr\/en\/laura-orta-sehpa\/#breadcrumb\"},\"inLanguage\":\"en-US\",\"potentialAction\":[{\"@type\":\"ReadAction\",\"target\":[\"https:\/\/newmood.com.tr\/en\/laura-orta-sehpa\/\"]}]},{\"@type\":\"ImageObject\",\"inLanguage\":\"en-US\",\"@id\":\"https:\/\/newmood.com.tr\/en\/laura-orta-sehpa\/#primaryimage\",\"url\":\"https:\/\/newmood.com.tr\/wp-content\/uploads\/2024\/10\/laura-koltuk-takimi-221024-39.jpg\",\"contentUrl\":\"https:\/\/newmood.com.tr\/wp-content\/uploads\/2024\/10\/laura-koltuk-takimi-221024-39.jpg\",\"width\":1920,\"height\":1200},{\"@type\":\"BreadcrumbList\",\"@id\":\"https:\/\/newmood.com.tr\/en\/laura-orta-sehpa\/#breadcrumb\",\"itemListElement\":[{\"@type\":\"ListItem\",\"position\":1,\"name\":\"Anasayfa\",\"item\":\"https:\/\/newmood.com.tr\/\"},{\"@type\":\"ListItem\",\"position\":2,\"name\":\"\u00dcr\u00fcnler\",\"item\":\"https:\/\/newmood.com.tr\/shop\/\"},{\"@type\":\"ListItem\",\"position\":3,\"name\":\"Laura Orta Sehpa\"}]},{\"@type\":\"WebSite\",\"@id\":\"https:\/\/newmood.com.tr\/en\/#website\",\"url\":\"https:\/\/newmood.com.tr\/en\/\",\"name\":\"Newmood\",\"description\":\"\",\"potentialAction\":[{\"@type\":\"SearchAction\",\"target\":{\"@type\":\"EntryPoint\",\"urlTemplate\":\"https:\/\/newmood.com.tr\/en\/?s={search_term_string}\"},\"query-input\":{\"@type\":\"PropertyValueSpecification\",\"valueRequired\":true,\"valueName\":\"search_term_string\"}}],\"inLanguage\":\"en-US\"}]}<\/script>\n<!-- \/ Yoast SEO plugin. -->","yoast_head_json":{"title":"Laura Orta Sehpa - Newmood","robots":{"index":"index","follow":"follow","max-snippet":"max-snippet:-1","max-image-preview":"max-image-preview:large","max-video-preview":"max-video-preview:-1"},"canonical":"https:\/\/newmood.com.tr\/en\/laura-orta-sehpa\/","og_locale":"en_US","og_type":"article","og_title":"Laura Orta Sehpa - Newmood","og_description":"Laura Orta Sehpa, minimal ve modern tasar\u0131m\u0131yla ya\u015fam alan\u0131n\u0131za zarif bir dokunu\u015f katar. Do\u011fal ah\u015fap y\u00fczeyi, mekana s\u0131cakl\u0131k katarken, \u015f\u0131k metal ayaklar\u0131yla modern bir g\u00f6r\u00fcn\u00fcm sunar. \u0130\u015flevselli\u011fiyle dikkat \u00e7eken geni\u015f y\u00fczeyi, kitaplar\u0131n\u0131z\u0131, dergilerinizi veya dekoratif objelerinizi sergilemek i\u00e7in idealdir. Laura Orta Sehpa, sade ve sofistike tasar\u0131m\u0131yla, oturma odan\u0131z\u0131n vazge\u00e7ilmez bir par\u00e7as\u0131 olur ve her dekorasyon stiline uyum sa\u011flar.","og_url":"https:\/\/newmood.com.tr\/en\/laura-orta-sehpa\/","og_site_name":"Newmood","og_image":[{"width":1920,"height":1200,"url":"https:\/\/newmood.com.tr\/wp-content\/uploads\/2024\/10\/laura-koltuk-takimi-221024-39.jpg","type":"image\/jpeg"}],"twitter_card":"summary_large_image","schema":{"@context":"https:\/\/schema.org","@graph":[{"@type":"WebPage","@id":"https:\/\/newmood.com.tr\/en\/laura-orta-sehpa\/","url":"https:\/\/newmood.com.tr\/en\/laura-orta-sehpa\/","name":"Laura Orta Sehpa - Newmood","isPartOf":{"@id":"https:\/\/newmood.com.tr\/en\/#website"},"primaryImageOfPage":{"@id":"https:\/\/newmood.com.tr\/en\/laura-orta-sehpa\/#primaryimage"},"image":{"@id":"https:\/\/newmood.com.tr\/en\/laura-orta-sehpa\/#primaryimage"},"thumbnailUrl":"https:\/\/newmood.com.tr\/wp-content\/uploads\/2024\/10\/laura-koltuk-takimi-221024-39.jpg","datePublished":"2024-10-22T12:14:32+00:00","breadcrumb":{"@id":"https:\/\/newmood.com.tr\/en\/laura-orta-sehpa\/#breadcrumb"},"inLanguage":"en-US","potentialAction":[{"@type":"ReadAction","target":["https:\/\/newmood.com.tr\/en\/laura-orta-sehpa\/"]}]},{"@type":"ImageObject","inLanguage":"en-US","@id":"https:\/\/newmood.com.tr\/en\/laura-orta-sehpa\/#primaryimage","url":"https:\/\/newmood.com.tr\/wp-content\/uploads\/2024\/10\/laura-koltuk-takimi-221024-39.jpg","contentUrl":"https:\/\/newmood.com.tr\/wp-content\/uploads\/2024\/10\/laura-koltuk-takimi-221024-39.jpg","width":1920,"height":1200},{"@type":"BreadcrumbList","@id":"https:\/\/newmood.com.tr\/en\/laura-orta-sehpa\/#breadcrumb","itemListElement":[{"@type":"ListItem","position":1,"name":"Anasayfa","item":"https:\/\/newmood.com.tr\/"},{"@type":"ListItem","position":2,"name":"\u00dcr\u00fcnler","item":"https:\/\/newmood.com.tr\/shop\/"},{"@type":"ListItem","position":3,"name":"Laura Orta Sehpa"}]},{"@type":"WebSite","@id":"https:\/\/newmood.com.tr\/en\/#website","url":"https:\/\/newmood.com.tr\/en\/","name":"Newmood","description":"","potentialAction":[{"@type":"SearchAction","target":{"@type":"EntryPoint","urlTemplate":"https:\/\/newmood.com.tr\/en\/?s={search_term_string}"},"query-input":{"@type":"PropertyValueSpecification","valueRequired":true,"valueName":"search_term_string"}}],"inLanguage":"en-US"}]}},"_links":{"self":[{"href":"https:\/\/newmood.com.tr\/en\/wp-json\/wp\/v2\/product\/1747"}],"collection":[{"href":"https:\/\/newmood.com.tr\/en\/wp-json\/wp\/v2\/product"}],"about":[{"href":"https:\/\/newmood.com.tr\/en\/wp-json\/wp\/v2\/types\/product"}],"replies":[{"embeddable":true,"href":"https:\/\/newmood.com.tr\/en\/wp-json\/wp\/v2\/comments?post=1747"}],"wp:featuredmedia":[{"embeddable":true,"href":"https:\/\/newmood.com.tr\/en\/wp-json\/wp\/v2\/media\/1737"}],"wp:attachment":[{"href":"https:\/\/newmood.com.tr\/en\/wp-json\/wp\/v2\/media?parent=1747"}],"wp:term":[{"taxonomy":"product_brand","embeddable":true,"href":"https:\/\/newmood.com.tr\/en\/wp-json\/wp\/v2\/product_brand?post=1747"},{"taxonomy":"product_cat","embeddable":true,"href":"https:\/\/newmood.com.tr\/en\/wp-json\/wp\/v2\/product_cat?post=1747"},{"taxonomy":"product_tag","embeddable":true,"href":"https:\/\/newmood.com.tr\/en\/wp-json\/wp\/v2\/product_tag?post=1747"}],"curies":[{"name":"wp","href":"https:\/\/api.w.org\/{rel}","templated":true}]}}