{"id":1746,"date":"2024-10-22T12:13:14","date_gmt":"2024-10-22T12:13:14","guid":{"rendered":"https:\/\/newmood.kodektif.com\/?post_type=product&#038;p=1746"},"modified":"2024-10-22T12:13:14","modified_gmt":"2024-10-22T12:13:14","slug":"laura-berjer","status":"publish","type":"product","link":"https:\/\/newmood.com.tr\/en\/laura-berjer\/","title":{"rendered":"Laura Armchair"},"content":{"rendered":"","protected":false},"excerpt":{"rendered":"<p>Laura Armchair highlights elegance with its modern lines and elegant details. While its soft-textured fabric and ergonomic seating structure offer long-term comfort, it adds an aesthetic touch to your living space with its slim lines. The durable beech timber and stylish metal legs used in its frame offer durability and elegance together. Laura Armchair provides a comfortable seating experience and adds a modern touch to your decoration by adding a sophisticated atmosphere to the space.<\/p>","protected":false},"featured_media":1740,"comment_status":"open","ping_status":"closed","template":"","meta":[],"product_brand":[],"product_cat":[19],"product_tag":[],"class_list":{"0":"post-1746","1":"product","2":"type-product","3":"status-publish","4":"has-post-thumbnail","6":"product_cat-berjerler","8":"first","9":"instock","10":"shipping-taxable","11":"product-type-simple"},"yoast_head":"<!-- This site is optimized with the Yoast SEO plugin v24.9 - https:\/\/yoast.com\/wordpress\/plugins\/seo\/ -->\n<title>Laura Berjer - Newmood<\/title>\n<meta name=\"robots\" content=\"index, follow, max-snippet:-1, max-image-preview:large, max-video-preview:-1\" \/>\n<link rel=\"canonical\" href=\"https:\/\/newmood.com.tr\/en\/laura-berjer\/\" \/>\n<meta property=\"og:locale\" content=\"en_US\" \/>\n<meta property=\"og:type\" content=\"article\" \/>\n<meta property=\"og:title\" content=\"Laura Berjer - Newmood\" \/>\n<meta property=\"og:description\" content=\"Laura Berjer, modern \u00e7izgileri ve zarif detaylar\u0131yla \u015f\u0131kl\u0131\u011f\u0131 \u00f6n plana \u00e7\u0131kar\u0131r. Yumu\u015fak dokulu kuma\u015f\u0131 ve ergonomik oturum yap\u0131s\u0131, uzun s\u00fcreli rahatl\u0131k sunarken, ince hatlar\u0131yla ya\u015fam alan\u0131n\u0131za estetik bir dokunu\u015f katar. \u0130skeletinde kullan\u0131lan dayan\u0131kl\u0131 kay\u0131n kereste ve \u015f\u0131k metal ayaklar, sa\u011flaml\u0131k ve zarafeti bir arada sunar. Laura Berjer, hem konforlu bir oturma deneyimi sa\u011flar hem de mekana sofistike bir hava katarak, dekorasyonunuza modern bir dokunu\u015f ekler.\" \/>\n<meta property=\"og:url\" content=\"https:\/\/newmood.com.tr\/en\/laura-berjer\/\" \/>\n<meta property=\"og:site_name\" content=\"Newmood\" \/>\n<meta property=\"og:image\" content=\"https:\/\/newmood.com.tr\/wp-content\/uploads\/2024\/10\/laura-koltuk-takimi-221024-42.jpg\" \/>\n\t<meta property=\"og:image:width\" content=\"1920\" \/>\n\t<meta property=\"og:image:height\" content=\"1200\" \/>\n\t<meta property=\"og:image:type\" content=\"image\/jpeg\" \/>\n<meta name=\"twitter:card\" content=\"summary_large_image\" \/>\n<script type=\"application\/ld+json\" class=\"yoast-schema-graph\">{\"@context\":\"https:\/\/schema.org\",\"@graph\":[{\"@type\":\"WebPage\",\"@id\":\"https:\/\/newmood.com.tr\/en\/laura-berjer\/\",\"url\":\"https:\/\/newmood.com.tr\/en\/laura-berjer\/\",\"name\":\"Laura Berjer - Newmood\",\"isPartOf\":{\"@id\":\"https:\/\/newmood.com.tr\/en\/#website\"},\"primaryImageOfPage\":{\"@id\":\"https:\/\/newmood.com.tr\/en\/laura-berjer\/#primaryimage\"},\"image\":{\"@id\":\"https:\/\/newmood.com.tr\/en\/laura-berjer\/#primaryimage\"},\"thumbnailUrl\":\"https:\/\/newmood.com.tr\/wp-content\/uploads\/2024\/10\/laura-koltuk-takimi-221024-42.jpg\",\"datePublished\":\"2024-10-22T12:13:14+00:00\",\"breadcrumb\":{\"@id\":\"https:\/\/newmood.com.tr\/en\/laura-berjer\/#breadcrumb\"},\"inLanguage\":\"en-US\",\"potentialAction\":[{\"@type\":\"ReadAction\",\"target\":[\"https:\/\/newmood.com.tr\/en\/laura-berjer\/\"]}]},{\"@type\":\"ImageObject\",\"inLanguage\":\"en-US\",\"@id\":\"https:\/\/newmood.com.tr\/en\/laura-berjer\/#primaryimage\",\"url\":\"https:\/\/newmood.com.tr\/wp-content\/uploads\/2024\/10\/laura-koltuk-takimi-221024-42.jpg\",\"contentUrl\":\"https:\/\/newmood.com.tr\/wp-content\/uploads\/2024\/10\/laura-koltuk-takimi-221024-42.jpg\",\"width\":1920,\"height\":1200},{\"@type\":\"BreadcrumbList\",\"@id\":\"https:\/\/newmood.com.tr\/en\/laura-berjer\/#breadcrumb\",\"itemListElement\":[{\"@type\":\"ListItem\",\"position\":1,\"name\":\"Anasayfa\",\"item\":\"https:\/\/newmood.com.tr\/\"},{\"@type\":\"ListItem\",\"position\":2,\"name\":\"\u00dcr\u00fcnler\",\"item\":\"https:\/\/newmood.com.tr\/shop\/\"},{\"@type\":\"ListItem\",\"position\":3,\"name\":\"Laura Berjer\"}]},{\"@type\":\"WebSite\",\"@id\":\"https:\/\/newmood.com.tr\/en\/#website\",\"url\":\"https:\/\/newmood.com.tr\/en\/\",\"name\":\"Newmood\",\"description\":\"\",\"potentialAction\":[{\"@type\":\"SearchAction\",\"target\":{\"@type\":\"EntryPoint\",\"urlTemplate\":\"https:\/\/newmood.com.tr\/en\/?s={search_term_string}\"},\"query-input\":{\"@type\":\"PropertyValueSpecification\",\"valueRequired\":true,\"valueName\":\"search_term_string\"}}],\"inLanguage\":\"en-US\"}]}<\/script>\n<!-- \/ Yoast SEO plugin. -->","yoast_head_json":{"title":"Laura Berjer - Newmood","robots":{"index":"index","follow":"follow","max-snippet":"max-snippet:-1","max-image-preview":"max-image-preview:large","max-video-preview":"max-video-preview:-1"},"canonical":"https:\/\/newmood.com.tr\/en\/laura-berjer\/","og_locale":"en_US","og_type":"article","og_title":"Laura Berjer - Newmood","og_description":"Laura Berjer, modern \u00e7izgileri ve zarif detaylar\u0131yla \u015f\u0131kl\u0131\u011f\u0131 \u00f6n plana \u00e7\u0131kar\u0131r. Yumu\u015fak dokulu kuma\u015f\u0131 ve ergonomik oturum yap\u0131s\u0131, uzun s\u00fcreli rahatl\u0131k sunarken, ince hatlar\u0131yla ya\u015fam alan\u0131n\u0131za estetik bir dokunu\u015f katar. \u0130skeletinde kullan\u0131lan dayan\u0131kl\u0131 kay\u0131n kereste ve \u015f\u0131k metal ayaklar, sa\u011flaml\u0131k ve zarafeti bir arada sunar. Laura Berjer, hem konforlu bir oturma deneyimi sa\u011flar hem de mekana sofistike bir hava katarak, dekorasyonunuza modern bir dokunu\u015f ekler.","og_url":"https:\/\/newmood.com.tr\/en\/laura-berjer\/","og_site_name":"Newmood","og_image":[{"width":1920,"height":1200,"url":"https:\/\/newmood.com.tr\/wp-content\/uploads\/2024\/10\/laura-koltuk-takimi-221024-42.jpg","type":"image\/jpeg"}],"twitter_card":"summary_large_image","schema":{"@context":"https:\/\/schema.org","@graph":[{"@type":"WebPage","@id":"https:\/\/newmood.com.tr\/en\/laura-berjer\/","url":"https:\/\/newmood.com.tr\/en\/laura-berjer\/","name":"Laura Berjer - Newmood","isPartOf":{"@id":"https:\/\/newmood.com.tr\/en\/#website"},"primaryImageOfPage":{"@id":"https:\/\/newmood.com.tr\/en\/laura-berjer\/#primaryimage"},"image":{"@id":"https:\/\/newmood.com.tr\/en\/laura-berjer\/#primaryimage"},"thumbnailUrl":"https:\/\/newmood.com.tr\/wp-content\/uploads\/2024\/10\/laura-koltuk-takimi-221024-42.jpg","datePublished":"2024-10-22T12:13:14+00:00","breadcrumb":{"@id":"https:\/\/newmood.com.tr\/en\/laura-berjer\/#breadcrumb"},"inLanguage":"en-US","potentialAction":[{"@type":"ReadAction","target":["https:\/\/newmood.com.tr\/en\/laura-berjer\/"]}]},{"@type":"ImageObject","inLanguage":"en-US","@id":"https:\/\/newmood.com.tr\/en\/laura-berjer\/#primaryimage","url":"https:\/\/newmood.com.tr\/wp-content\/uploads\/2024\/10\/laura-koltuk-takimi-221024-42.jpg","contentUrl":"https:\/\/newmood.com.tr\/wp-content\/uploads\/2024\/10\/laura-koltuk-takimi-221024-42.jpg","width":1920,"height":1200},{"@type":"BreadcrumbList","@id":"https:\/\/newmood.com.tr\/en\/laura-berjer\/#breadcrumb","itemListElement":[{"@type":"ListItem","position":1,"name":"Anasayfa","item":"https:\/\/newmood.com.tr\/"},{"@type":"ListItem","position":2,"name":"\u00dcr\u00fcnler","item":"https:\/\/newmood.com.tr\/shop\/"},{"@type":"ListItem","position":3,"name":"Laura Berjer"}]},{"@type":"WebSite","@id":"https:\/\/newmood.com.tr\/en\/#website","url":"https:\/\/newmood.com.tr\/en\/","name":"Newmood","description":"","potentialAction":[{"@type":"SearchAction","target":{"@type":"EntryPoint","urlTemplate":"https:\/\/newmood.com.tr\/en\/?s={search_term_string}"},"query-input":{"@type":"PropertyValueSpecification","valueRequired":true,"valueName":"search_term_string"}}],"inLanguage":"en-US"}]}},"_links":{"self":[{"href":"https:\/\/newmood.com.tr\/en\/wp-json\/wp\/v2\/product\/1746"}],"collection":[{"href":"https:\/\/newmood.com.tr\/en\/wp-json\/wp\/v2\/product"}],"about":[{"href":"https:\/\/newmood.com.tr\/en\/wp-json\/wp\/v2\/types\/product"}],"replies":[{"embeddable":true,"href":"https:\/\/newmood.com.tr\/en\/wp-json\/wp\/v2\/comments?post=1746"}],"wp:featuredmedia":[{"embeddable":true,"href":"https:\/\/newmood.com.tr\/en\/wp-json\/wp\/v2\/media\/1740"}],"wp:attachment":[{"href":"https:\/\/newmood.com.tr\/en\/wp-json\/wp\/v2\/media?parent=1746"}],"wp:term":[{"taxonomy":"product_brand","embeddable":true,"href":"https:\/\/newmood.com.tr\/en\/wp-json\/wp\/v2\/product_brand?post=1746"},{"taxonomy":"product_cat","embeddable":true,"href":"https:\/\/newmood.com.tr\/en\/wp-json\/wp\/v2\/product_cat?post=1746"},{"taxonomy":"product_tag","embeddable":true,"href":"https:\/\/newmood.com.tr\/en\/wp-json\/wp\/v2\/product_tag?post=1746"}],"curies":[{"name":"wp","href":"https:\/\/api.w.org\/{rel}","templated":true}]}}