{"id":1697,"date":"2024-10-22T10:49:46","date_gmt":"2024-10-22T10:49:46","guid":{"rendered":"https:\/\/newmood.kodektif.com\/?post_type=product&#038;p=1697"},"modified":"2024-10-22T10:49:47","modified_gmt":"2024-10-22T10:49:47","slug":"marsala-puf","status":"publish","type":"product","link":"https:\/\/newmood.com.tr\/en\/marsala-puf\/","title":{"rendered":"Marsala Puf"},"content":{"rendered":"","protected":false},"excerpt":{"rendered":"<p>Marsala Puf, minimal ve \u015f\u0131k tasar\u0131m\u0131yla her ya\u015fam alan\u0131na zarif bir dokunu\u015f katar. Yumu\u015fak dokusu ve geni\u015f oturum alan\u0131, hem rahat bir destekleyici mobilya hem de ayak uzatma i\u00e7in konforlu bir se\u00e7enek sunar. Dayan\u0131kl\u0131 kay\u0131n kereste iskeleti, pufa sa\u011flaml\u0131k katarken, modern \u00e7izgilerle tasarlanm\u0131\u015f zarif ayaklar\u0131, estetik g\u00f6r\u00fcn\u00fcm\u00fc tamamlar. Marsala Puf, koltuk tak\u0131m\u0131n\u0131z\u0131n \u015f\u0131kl\u0131\u011f\u0131n\u0131 art\u0131r\u0131rken, ayn\u0131 zamanda fonksiyonel bir rahatl\u0131k sa\u011flar.<\/p>","protected":false},"featured_media":1685,"comment_status":"open","ping_status":"closed","template":"","meta":[],"product_brand":[],"product_cat":[26],"product_tag":[],"class_list":{"0":"post-1697","1":"product","2":"type-product","3":"status-publish","4":"has-post-thumbnail","6":"product_cat-tamamlayicilar","8":"first","9":"instock","10":"shipping-taxable","11":"product-type-simple"},"yoast_head":"<!-- This site is optimized with the Yoast SEO plugin v24.9 - https:\/\/yoast.com\/wordpress\/plugins\/seo\/ -->\n<title>Marsala Puf - Newmood<\/title>\n<meta name=\"robots\" content=\"index, follow, max-snippet:-1, max-image-preview:large, max-video-preview:-1\" \/>\n<link rel=\"canonical\" href=\"https:\/\/newmood.com.tr\/en\/marsala-puf\/\" \/>\n<meta property=\"og:locale\" content=\"en_US\" \/>\n<meta property=\"og:type\" content=\"article\" \/>\n<meta property=\"og:title\" content=\"Marsala Puf - Newmood\" \/>\n<meta property=\"og:description\" content=\"Marsala Puf, minimal ve \u015f\u0131k tasar\u0131m\u0131yla her ya\u015fam alan\u0131na zarif bir dokunu\u015f katar. Yumu\u015fak dokusu ve geni\u015f oturum alan\u0131, hem rahat bir destekleyici mobilya hem de ayak uzatma i\u00e7in konforlu bir se\u00e7enek sunar. Dayan\u0131kl\u0131 kay\u0131n kereste iskeleti, pufa sa\u011flaml\u0131k katarken, modern \u00e7izgilerle tasarlanm\u0131\u015f zarif ayaklar\u0131, estetik g\u00f6r\u00fcn\u00fcm\u00fc tamamlar. Marsala Puf, koltuk tak\u0131m\u0131n\u0131z\u0131n \u015f\u0131kl\u0131\u011f\u0131n\u0131 art\u0131r\u0131rken, ayn\u0131 zamanda fonksiyonel bir rahatl\u0131k sa\u011flar.\" \/>\n<meta property=\"og:url\" content=\"https:\/\/newmood.com.tr\/en\/marsala-puf\/\" \/>\n<meta property=\"og:site_name\" content=\"Newmood\" \/>\n<meta property=\"article:modified_time\" content=\"2024-10-22T10:49:47+00:00\" \/>\n<meta property=\"og:image\" content=\"https:\/\/newmood.com.tr\/wp-content\/uploads\/2024\/10\/marsala-koltuk-takimi-221024-22.jpg\" \/>\n\t<meta property=\"og:image:width\" content=\"1920\" \/>\n\t<meta property=\"og:image:height\" content=\"1200\" \/>\n\t<meta property=\"og:image:type\" content=\"image\/jpeg\" \/>\n<meta name=\"twitter:card\" content=\"summary_large_image\" \/>\n<script type=\"application\/ld+json\" class=\"yoast-schema-graph\">{\"@context\":\"https:\/\/schema.org\",\"@graph\":[{\"@type\":\"WebPage\",\"@id\":\"https:\/\/newmood.com.tr\/en\/marsala-puf\/\",\"url\":\"https:\/\/newmood.com.tr\/en\/marsala-puf\/\",\"name\":\"Marsala Puf - Newmood\",\"isPartOf\":{\"@id\":\"https:\/\/newmood.com.tr\/en\/#website\"},\"primaryImageOfPage\":{\"@id\":\"https:\/\/newmood.com.tr\/en\/marsala-puf\/#primaryimage\"},\"image\":{\"@id\":\"https:\/\/newmood.com.tr\/en\/marsala-puf\/#primaryimage\"},\"thumbnailUrl\":\"https:\/\/newmood.com.tr\/wp-content\/uploads\/2024\/10\/marsala-koltuk-takimi-221024-22.jpg\",\"datePublished\":\"2024-10-22T10:49:46+00:00\",\"dateModified\":\"2024-10-22T10:49:47+00:00\",\"breadcrumb\":{\"@id\":\"https:\/\/newmood.com.tr\/en\/marsala-puf\/#breadcrumb\"},\"inLanguage\":\"en-US\",\"potentialAction\":[{\"@type\":\"ReadAction\",\"target\":[\"https:\/\/newmood.com.tr\/en\/marsala-puf\/\"]}]},{\"@type\":\"ImageObject\",\"inLanguage\":\"en-US\",\"@id\":\"https:\/\/newmood.com.tr\/en\/marsala-puf\/#primaryimage\",\"url\":\"https:\/\/newmood.com.tr\/wp-content\/uploads\/2024\/10\/marsala-koltuk-takimi-221024-22.jpg\",\"contentUrl\":\"https:\/\/newmood.com.tr\/wp-content\/uploads\/2024\/10\/marsala-koltuk-takimi-221024-22.jpg\",\"width\":1920,\"height\":1200},{\"@type\":\"BreadcrumbList\",\"@id\":\"https:\/\/newmood.com.tr\/en\/marsala-puf\/#breadcrumb\",\"itemListElement\":[{\"@type\":\"ListItem\",\"position\":1,\"name\":\"Anasayfa\",\"item\":\"https:\/\/newmood.com.tr\/\"},{\"@type\":\"ListItem\",\"position\":2,\"name\":\"\u00dcr\u00fcnler\",\"item\":\"https:\/\/newmood.com.tr\/shop\/\"},{\"@type\":\"ListItem\",\"position\":3,\"name\":\"Marsala Puf\"}]},{\"@type\":\"WebSite\",\"@id\":\"https:\/\/newmood.com.tr\/en\/#website\",\"url\":\"https:\/\/newmood.com.tr\/en\/\",\"name\":\"Newmood\",\"description\":\"\",\"potentialAction\":[{\"@type\":\"SearchAction\",\"target\":{\"@type\":\"EntryPoint\",\"urlTemplate\":\"https:\/\/newmood.com.tr\/en\/?s={search_term_string}\"},\"query-input\":{\"@type\":\"PropertyValueSpecification\",\"valueRequired\":true,\"valueName\":\"search_term_string\"}}],\"inLanguage\":\"en-US\"}]}<\/script>\n<!-- \/ Yoast SEO plugin. -->","yoast_head_json":{"title":"Marsala Puf - Newmood","robots":{"index":"index","follow":"follow","max-snippet":"max-snippet:-1","max-image-preview":"max-image-preview:large","max-video-preview":"max-video-preview:-1"},"canonical":"https:\/\/newmood.com.tr\/en\/marsala-puf\/","og_locale":"en_US","og_type":"article","og_title":"Marsala Puf - Newmood","og_description":"Marsala Puf, minimal ve \u015f\u0131k tasar\u0131m\u0131yla her ya\u015fam alan\u0131na zarif bir dokunu\u015f katar. Yumu\u015fak dokusu ve geni\u015f oturum alan\u0131, hem rahat bir destekleyici mobilya hem de ayak uzatma i\u00e7in konforlu bir se\u00e7enek sunar. Dayan\u0131kl\u0131 kay\u0131n kereste iskeleti, pufa sa\u011flaml\u0131k katarken, modern \u00e7izgilerle tasarlanm\u0131\u015f zarif ayaklar\u0131, estetik g\u00f6r\u00fcn\u00fcm\u00fc tamamlar. Marsala Puf, koltuk tak\u0131m\u0131n\u0131z\u0131n \u015f\u0131kl\u0131\u011f\u0131n\u0131 art\u0131r\u0131rken, ayn\u0131 zamanda fonksiyonel bir rahatl\u0131k sa\u011flar.","og_url":"https:\/\/newmood.com.tr\/en\/marsala-puf\/","og_site_name":"Newmood","article_modified_time":"2024-10-22T10:49:47+00:00","og_image":[{"width":1920,"height":1200,"url":"https:\/\/newmood.com.tr\/wp-content\/uploads\/2024\/10\/marsala-koltuk-takimi-221024-22.jpg","type":"image\/jpeg"}],"twitter_card":"summary_large_image","schema":{"@context":"https:\/\/schema.org","@graph":[{"@type":"WebPage","@id":"https:\/\/newmood.com.tr\/en\/marsala-puf\/","url":"https:\/\/newmood.com.tr\/en\/marsala-puf\/","name":"Marsala Puf - Newmood","isPartOf":{"@id":"https:\/\/newmood.com.tr\/en\/#website"},"primaryImageOfPage":{"@id":"https:\/\/newmood.com.tr\/en\/marsala-puf\/#primaryimage"},"image":{"@id":"https:\/\/newmood.com.tr\/en\/marsala-puf\/#primaryimage"},"thumbnailUrl":"https:\/\/newmood.com.tr\/wp-content\/uploads\/2024\/10\/marsala-koltuk-takimi-221024-22.jpg","datePublished":"2024-10-22T10:49:46+00:00","dateModified":"2024-10-22T10:49:47+00:00","breadcrumb":{"@id":"https:\/\/newmood.com.tr\/en\/marsala-puf\/#breadcrumb"},"inLanguage":"en-US","potentialAction":[{"@type":"ReadAction","target":["https:\/\/newmood.com.tr\/en\/marsala-puf\/"]}]},{"@type":"ImageObject","inLanguage":"en-US","@id":"https:\/\/newmood.com.tr\/en\/marsala-puf\/#primaryimage","url":"https:\/\/newmood.com.tr\/wp-content\/uploads\/2024\/10\/marsala-koltuk-takimi-221024-22.jpg","contentUrl":"https:\/\/newmood.com.tr\/wp-content\/uploads\/2024\/10\/marsala-koltuk-takimi-221024-22.jpg","width":1920,"height":1200},{"@type":"BreadcrumbList","@id":"https:\/\/newmood.com.tr\/en\/marsala-puf\/#breadcrumb","itemListElement":[{"@type":"ListItem","position":1,"name":"Anasayfa","item":"https:\/\/newmood.com.tr\/"},{"@type":"ListItem","position":2,"name":"\u00dcr\u00fcnler","item":"https:\/\/newmood.com.tr\/shop\/"},{"@type":"ListItem","position":3,"name":"Marsala Puf"}]},{"@type":"WebSite","@id":"https:\/\/newmood.com.tr\/en\/#website","url":"https:\/\/newmood.com.tr\/en\/","name":"Newmood","description":"","potentialAction":[{"@type":"SearchAction","target":{"@type":"EntryPoint","urlTemplate":"https:\/\/newmood.com.tr\/en\/?s={search_term_string}"},"query-input":{"@type":"PropertyValueSpecification","valueRequired":true,"valueName":"search_term_string"}}],"inLanguage":"en-US"}]}},"_links":{"self":[{"href":"https:\/\/newmood.com.tr\/en\/wp-json\/wp\/v2\/product\/1697"}],"collection":[{"href":"https:\/\/newmood.com.tr\/en\/wp-json\/wp\/v2\/product"}],"about":[{"href":"https:\/\/newmood.com.tr\/en\/wp-json\/wp\/v2\/types\/product"}],"replies":[{"embeddable":true,"href":"https:\/\/newmood.com.tr\/en\/wp-json\/wp\/v2\/comments?post=1697"}],"wp:featuredmedia":[{"embeddable":true,"href":"https:\/\/newmood.com.tr\/en\/wp-json\/wp\/v2\/media\/1685"}],"wp:attachment":[{"href":"https:\/\/newmood.com.tr\/en\/wp-json\/wp\/v2\/media?parent=1697"}],"wp:term":[{"taxonomy":"product_brand","embeddable":true,"href":"https:\/\/newmood.com.tr\/en\/wp-json\/wp\/v2\/product_brand?post=1697"},{"taxonomy":"product_cat","embeddable":true,"href":"https:\/\/newmood.com.tr\/en\/wp-json\/wp\/v2\/product_cat?post=1697"},{"taxonomy":"product_tag","embeddable":true,"href":"https:\/\/newmood.com.tr\/en\/wp-json\/wp\/v2\/product_tag?post=1697"}],"curies":[{"name":"wp","href":"https:\/\/api.w.org\/{rel}","templated":true}]}}