{"id":1694,"date":"2024-10-22T10:40:19","date_gmt":"2024-10-22T10:40:19","guid":{"rendered":"https:\/\/newmood.kodektif.com\/?post_type=product&#038;p=1694"},"modified":"2024-10-22T10:40:19","modified_gmt":"2024-10-22T10:40:19","slug":"marsala-koltuk-v1","status":"publish","type":"product","link":"https:\/\/newmood.com.tr\/en\/marsala-koltuk-v1\/","title":{"rendered":"Marsala Sofa V1"},"content":{"rendered":"","protected":false},"excerpt":{"rendered":"<p>Marsala Armchair V1 stands out with its sophisticated design and remarkable details. While its soft fabric and large seating areas help you relieve the tiredness of the day, it adds elegance to your living space with its elegant lines and modern lines. Its durable beech timber frame and stylish metal legs offer durability and aesthetics together. Marsala Sofa V1 offers both an eye-catching design and a comfortable seating experience, prioritizing comfort and elegance.<\/p>","protected":false},"featured_media":1681,"comment_status":"open","ping_status":"closed","template":"","meta":[],"product_brand":[],"product_cat":[18],"product_tag":[],"class_list":{"0":"post-1694","1":"product","2":"type-product","3":"status-publish","4":"has-post-thumbnail","6":"product_cat-koltuklar","8":"first","9":"instock","10":"shipping-taxable","11":"product-type-simple"},"yoast_head":"<!-- This site is optimized with the Yoast SEO plugin v24.9 - https:\/\/yoast.com\/wordpress\/plugins\/seo\/ -->\n<title>Marsala Koltuk V1 - Newmood<\/title>\n<meta name=\"robots\" content=\"index, follow, max-snippet:-1, max-image-preview:large, max-video-preview:-1\" \/>\n<link rel=\"canonical\" href=\"https:\/\/newmood.com.tr\/en\/marsala-koltuk-v1\/\" \/>\n<meta property=\"og:locale\" content=\"en_US\" \/>\n<meta property=\"og:type\" content=\"article\" \/>\n<meta property=\"og:title\" content=\"Marsala Koltuk V1 - Newmood\" \/>\n<meta property=\"og:description\" content=\"Marsala Koltuk V1, sofistike tasar\u0131m\u0131 ve dikkat \u00e7ekici detaylar\u0131yla \u00f6ne \u00e7\u0131kar. Yumu\u015fak kuma\u015f\u0131 ve geni\u015f oturma alanlar\u0131, g\u00fcn\u00fcn yorgunlu\u011funu atman\u0131za yard\u0131mc\u0131 olurken, zarif hatlar\u0131 ve modern \u00e7izgileriyle ya\u015fam alan\u0131n\u0131za \u015f\u0131kl\u0131k katar. Dayan\u0131kl\u0131 kay\u0131n kereste iskeleti ve \u015f\u0131k metal ayaklar\u0131, sa\u011flaml\u0131k ve esteti\u011fi bir arada sunar. Marsala Koltuk V1, konforu ve \u015f\u0131kl\u0131\u011f\u0131 \u00f6n planda tutarak, hem g\u00f6z al\u0131c\u0131 bir tasar\u0131m hem de rahat bir oturma deneyimi sunar.\" \/>\n<meta property=\"og:url\" content=\"https:\/\/newmood.com.tr\/en\/marsala-koltuk-v1\/\" \/>\n<meta property=\"og:site_name\" content=\"Newmood\" \/>\n<meta property=\"og:image\" content=\"https:\/\/newmood.com.tr\/wp-content\/uploads\/2024\/10\/marsala-koltuk-takimi-221024-18.jpg\" \/>\n\t<meta property=\"og:image:width\" content=\"1920\" \/>\n\t<meta property=\"og:image:height\" content=\"1200\" \/>\n\t<meta property=\"og:image:type\" content=\"image\/jpeg\" \/>\n<meta name=\"twitter:card\" content=\"summary_large_image\" \/>\n<script type=\"application\/ld+json\" class=\"yoast-schema-graph\">{\"@context\":\"https:\/\/schema.org\",\"@graph\":[{\"@type\":\"WebPage\",\"@id\":\"https:\/\/newmood.com.tr\/en\/marsala-koltuk-v1\/\",\"url\":\"https:\/\/newmood.com.tr\/en\/marsala-koltuk-v1\/\",\"name\":\"Marsala Koltuk V1 - Newmood\",\"isPartOf\":{\"@id\":\"https:\/\/newmood.com.tr\/en\/#website\"},\"primaryImageOfPage\":{\"@id\":\"https:\/\/newmood.com.tr\/en\/marsala-koltuk-v1\/#primaryimage\"},\"image\":{\"@id\":\"https:\/\/newmood.com.tr\/en\/marsala-koltuk-v1\/#primaryimage\"},\"thumbnailUrl\":\"https:\/\/newmood.com.tr\/wp-content\/uploads\/2024\/10\/marsala-koltuk-takimi-221024-18.jpg\",\"datePublished\":\"2024-10-22T10:40:19+00:00\",\"breadcrumb\":{\"@id\":\"https:\/\/newmood.com.tr\/en\/marsala-koltuk-v1\/#breadcrumb\"},\"inLanguage\":\"en-US\",\"potentialAction\":[{\"@type\":\"ReadAction\",\"target\":[\"https:\/\/newmood.com.tr\/en\/marsala-koltuk-v1\/\"]}]},{\"@type\":\"ImageObject\",\"inLanguage\":\"en-US\",\"@id\":\"https:\/\/newmood.com.tr\/en\/marsala-koltuk-v1\/#primaryimage\",\"url\":\"https:\/\/newmood.com.tr\/wp-content\/uploads\/2024\/10\/marsala-koltuk-takimi-221024-18.jpg\",\"contentUrl\":\"https:\/\/newmood.com.tr\/wp-content\/uploads\/2024\/10\/marsala-koltuk-takimi-221024-18.jpg\",\"width\":1920,\"height\":1200},{\"@type\":\"BreadcrumbList\",\"@id\":\"https:\/\/newmood.com.tr\/en\/marsala-koltuk-v1\/#breadcrumb\",\"itemListElement\":[{\"@type\":\"ListItem\",\"position\":1,\"name\":\"Anasayfa\",\"item\":\"https:\/\/newmood.com.tr\/\"},{\"@type\":\"ListItem\",\"position\":2,\"name\":\"\u00dcr\u00fcnler\",\"item\":\"https:\/\/newmood.com.tr\/shop\/\"},{\"@type\":\"ListItem\",\"position\":3,\"name\":\"Marsala Koltuk V1\"}]},{\"@type\":\"WebSite\",\"@id\":\"https:\/\/newmood.com.tr\/en\/#website\",\"url\":\"https:\/\/newmood.com.tr\/en\/\",\"name\":\"Newmood\",\"description\":\"\",\"potentialAction\":[{\"@type\":\"SearchAction\",\"target\":{\"@type\":\"EntryPoint\",\"urlTemplate\":\"https:\/\/newmood.com.tr\/en\/?s={search_term_string}\"},\"query-input\":{\"@type\":\"PropertyValueSpecification\",\"valueRequired\":true,\"valueName\":\"search_term_string\"}}],\"inLanguage\":\"en-US\"}]}<\/script>\n<!-- \/ Yoast SEO plugin. -->","yoast_head_json":{"title":"Marsala Koltuk V1 - Newmood","robots":{"index":"index","follow":"follow","max-snippet":"max-snippet:-1","max-image-preview":"max-image-preview:large","max-video-preview":"max-video-preview:-1"},"canonical":"https:\/\/newmood.com.tr\/en\/marsala-koltuk-v1\/","og_locale":"en_US","og_type":"article","og_title":"Marsala Koltuk V1 - Newmood","og_description":"Marsala Koltuk V1, sofistike tasar\u0131m\u0131 ve dikkat \u00e7ekici detaylar\u0131yla \u00f6ne \u00e7\u0131kar. Yumu\u015fak kuma\u015f\u0131 ve geni\u015f oturma alanlar\u0131, g\u00fcn\u00fcn yorgunlu\u011funu atman\u0131za yard\u0131mc\u0131 olurken, zarif hatlar\u0131 ve modern \u00e7izgileriyle ya\u015fam alan\u0131n\u0131za \u015f\u0131kl\u0131k katar. Dayan\u0131kl\u0131 kay\u0131n kereste iskeleti ve \u015f\u0131k metal ayaklar\u0131, sa\u011flaml\u0131k ve esteti\u011fi bir arada sunar. Marsala Koltuk V1, konforu ve \u015f\u0131kl\u0131\u011f\u0131 \u00f6n planda tutarak, hem g\u00f6z al\u0131c\u0131 bir tasar\u0131m hem de rahat bir oturma deneyimi sunar.","og_url":"https:\/\/newmood.com.tr\/en\/marsala-koltuk-v1\/","og_site_name":"Newmood","og_image":[{"width":1920,"height":1200,"url":"https:\/\/newmood.com.tr\/wp-content\/uploads\/2024\/10\/marsala-koltuk-takimi-221024-18.jpg","type":"image\/jpeg"}],"twitter_card":"summary_large_image","schema":{"@context":"https:\/\/schema.org","@graph":[{"@type":"WebPage","@id":"https:\/\/newmood.com.tr\/en\/marsala-koltuk-v1\/","url":"https:\/\/newmood.com.tr\/en\/marsala-koltuk-v1\/","name":"Marsala Koltuk V1 - Newmood","isPartOf":{"@id":"https:\/\/newmood.com.tr\/en\/#website"},"primaryImageOfPage":{"@id":"https:\/\/newmood.com.tr\/en\/marsala-koltuk-v1\/#primaryimage"},"image":{"@id":"https:\/\/newmood.com.tr\/en\/marsala-koltuk-v1\/#primaryimage"},"thumbnailUrl":"https:\/\/newmood.com.tr\/wp-content\/uploads\/2024\/10\/marsala-koltuk-takimi-221024-18.jpg","datePublished":"2024-10-22T10:40:19+00:00","breadcrumb":{"@id":"https:\/\/newmood.com.tr\/en\/marsala-koltuk-v1\/#breadcrumb"},"inLanguage":"en-US","potentialAction":[{"@type":"ReadAction","target":["https:\/\/newmood.com.tr\/en\/marsala-koltuk-v1\/"]}]},{"@type":"ImageObject","inLanguage":"en-US","@id":"https:\/\/newmood.com.tr\/en\/marsala-koltuk-v1\/#primaryimage","url":"https:\/\/newmood.com.tr\/wp-content\/uploads\/2024\/10\/marsala-koltuk-takimi-221024-18.jpg","contentUrl":"https:\/\/newmood.com.tr\/wp-content\/uploads\/2024\/10\/marsala-koltuk-takimi-221024-18.jpg","width":1920,"height":1200},{"@type":"BreadcrumbList","@id":"https:\/\/newmood.com.tr\/en\/marsala-koltuk-v1\/#breadcrumb","itemListElement":[{"@type":"ListItem","position":1,"name":"Anasayfa","item":"https:\/\/newmood.com.tr\/"},{"@type":"ListItem","position":2,"name":"\u00dcr\u00fcnler","item":"https:\/\/newmood.com.tr\/shop\/"},{"@type":"ListItem","position":3,"name":"Marsala Koltuk V1"}]},{"@type":"WebSite","@id":"https:\/\/newmood.com.tr\/en\/#website","url":"https:\/\/newmood.com.tr\/en\/","name":"Newmood","description":"","potentialAction":[{"@type":"SearchAction","target":{"@type":"EntryPoint","urlTemplate":"https:\/\/newmood.com.tr\/en\/?s={search_term_string}"},"query-input":{"@type":"PropertyValueSpecification","valueRequired":true,"valueName":"search_term_string"}}],"inLanguage":"en-US"}]}},"_links":{"self":[{"href":"https:\/\/newmood.com.tr\/en\/wp-json\/wp\/v2\/product\/1694"}],"collection":[{"href":"https:\/\/newmood.com.tr\/en\/wp-json\/wp\/v2\/product"}],"about":[{"href":"https:\/\/newmood.com.tr\/en\/wp-json\/wp\/v2\/types\/product"}],"replies":[{"embeddable":true,"href":"https:\/\/newmood.com.tr\/en\/wp-json\/wp\/v2\/comments?post=1694"}],"wp:featuredmedia":[{"embeddable":true,"href":"https:\/\/newmood.com.tr\/en\/wp-json\/wp\/v2\/media\/1681"}],"wp:attachment":[{"href":"https:\/\/newmood.com.tr\/en\/wp-json\/wp\/v2\/media?parent=1694"}],"wp:term":[{"taxonomy":"product_brand","embeddable":true,"href":"https:\/\/newmood.com.tr\/en\/wp-json\/wp\/v2\/product_brand?post=1694"},{"taxonomy":"product_cat","embeddable":true,"href":"https:\/\/newmood.com.tr\/en\/wp-json\/wp\/v2\/product_cat?post=1694"},{"taxonomy":"product_tag","embeddable":true,"href":"https:\/\/newmood.com.tr\/en\/wp-json\/wp\/v2\/product_tag?post=1694"}],"curies":[{"name":"wp","href":"https:\/\/api.w.org\/{rel}","templated":true}]}}