{"id":1663,"date":"2024-10-22T10:38:30","date_gmt":"2024-10-22T10:38:30","guid":{"rendered":"https:\/\/newmood.kodektif.com\/?post_type=product&#038;p=1663"},"modified":"2024-10-22T10:38:31","modified_gmt":"2024-10-22T10:38:31","slug":"marsala-koltuk-takimi","status":"publish","type":"product","link":"https:\/\/newmood.com.tr\/en\/marsala-koltuk-takimi\/","title":{"rendered":"Marsala Sofa Set"},"content":{"rendered":"","protected":false},"excerpt":{"rendered":"<p>Marsala Sofa Set brings a sophisticated touch to your living space with its elegant design and luxurious details. It maximizes comfort with its large seating areas, soft-textured fabric covering and supportive cushions. The solid beech timber used in its frame increases durability, while its modern metal legs give the set an aesthetic appearance. Marsala Sofa Set offers the perfect harmony of modern and classic style, making it an ideal choice for those looking for both elegance and comfort.<\/p>","protected":false},"featured_media":1669,"comment_status":"open","ping_status":"closed","template":"","meta":[],"product_brand":[],"product_cat":[33],"product_tag":[],"class_list":{"0":"post-1663","1":"product","2":"type-product","3":"status-publish","4":"has-post-thumbnail","6":"product_cat-koltuk-takimlari","8":"first","9":"instock","10":"shipping-taxable","11":"product-type-simple"},"yoast_head":"<!-- This site is optimized with the Yoast SEO plugin v24.9 - https:\/\/yoast.com\/wordpress\/plugins\/seo\/ -->\n<title>Marsala Koltuk Tak\u0131m\u0131 - Newmood<\/title>\n<meta name=\"robots\" content=\"index, follow, max-snippet:-1, max-image-preview:large, max-video-preview:-1\" \/>\n<link rel=\"canonical\" href=\"https:\/\/newmood.com.tr\/en\/marsala-koltuk-takimi\/\" \/>\n<meta property=\"og:locale\" content=\"en_US\" \/>\n<meta property=\"og:type\" content=\"article\" \/>\n<meta property=\"og:title\" content=\"Marsala Koltuk Tak\u0131m\u0131 - Newmood\" \/>\n<meta property=\"og:description\" content=\"Marsala Koltuk Tak\u0131m\u0131, zarif tasar\u0131m\u0131 ve l\u00fcks detaylar\u0131yla ya\u015fam alan\u0131n\u0131za sofistike bir dokunu\u015f getirir. Geni\u015f oturum alanlar\u0131, yumu\u015fak dokulu kuma\u015f kaplamas\u0131 ve destekleyici minderleri ile konforu en \u00fcst d\u00fczeye \u00e7\u0131kar\u0131r. \u0130skeletinde kullan\u0131lan sa\u011flam kay\u0131n kereste, dayan\u0131kl\u0131l\u0131\u011f\u0131 art\u0131r\u0131rken, modern metal ayaklar\u0131 tak\u0131ma estetik bir g\u00f6r\u00fcn\u00fcm kazand\u0131r\u0131r. Marsala Koltuk Tak\u0131m\u0131, modern ve klasik stilin m\u00fckemmel uyumunu sunarak, hem \u015f\u0131kl\u0131\u011f\u0131 hem de rahatl\u0131\u011f\u0131 bir arada arayanlar i\u00e7in ideal bir tercih olur.\" \/>\n<meta property=\"og:url\" content=\"https:\/\/newmood.com.tr\/en\/marsala-koltuk-takimi\/\" \/>\n<meta property=\"og:site_name\" content=\"Newmood\" \/>\n<meta property=\"article:modified_time\" content=\"2024-10-22T10:38:31+00:00\" \/>\n<meta property=\"og:image\" content=\"https:\/\/newmood.com.tr\/wp-content\/uploads\/2024\/10\/marsala-koltuk-takimi-221024-6.jpg\" \/>\n\t<meta property=\"og:image:width\" content=\"1920\" \/>\n\t<meta property=\"og:image:height\" content=\"1200\" \/>\n\t<meta property=\"og:image:type\" content=\"image\/jpeg\" \/>\n<meta name=\"twitter:card\" content=\"summary_large_image\" \/>\n<script type=\"application\/ld+json\" class=\"yoast-schema-graph\">{\"@context\":\"https:\/\/schema.org\",\"@graph\":[{\"@type\":\"WebPage\",\"@id\":\"https:\/\/newmood.com.tr\/en\/marsala-koltuk-takimi\/\",\"url\":\"https:\/\/newmood.com.tr\/en\/marsala-koltuk-takimi\/\",\"name\":\"Marsala Koltuk Tak\u0131m\u0131 - Newmood\",\"isPartOf\":{\"@id\":\"https:\/\/newmood.com.tr\/en\/#website\"},\"primaryImageOfPage\":{\"@id\":\"https:\/\/newmood.com.tr\/en\/marsala-koltuk-takimi\/#primaryimage\"},\"image\":{\"@id\":\"https:\/\/newmood.com.tr\/en\/marsala-koltuk-takimi\/#primaryimage\"},\"thumbnailUrl\":\"https:\/\/newmood.com.tr\/wp-content\/uploads\/2024\/10\/marsala-koltuk-takimi-221024-6.jpg\",\"datePublished\":\"2024-10-22T10:38:30+00:00\",\"dateModified\":\"2024-10-22T10:38:31+00:00\",\"breadcrumb\":{\"@id\":\"https:\/\/newmood.com.tr\/en\/marsala-koltuk-takimi\/#breadcrumb\"},\"inLanguage\":\"en-US\",\"potentialAction\":[{\"@type\":\"ReadAction\",\"target\":[\"https:\/\/newmood.com.tr\/en\/marsala-koltuk-takimi\/\"]}]},{\"@type\":\"ImageObject\",\"inLanguage\":\"en-US\",\"@id\":\"https:\/\/newmood.com.tr\/en\/marsala-koltuk-takimi\/#primaryimage\",\"url\":\"https:\/\/newmood.com.tr\/wp-content\/uploads\/2024\/10\/marsala-koltuk-takimi-221024-6.jpg\",\"contentUrl\":\"https:\/\/newmood.com.tr\/wp-content\/uploads\/2024\/10\/marsala-koltuk-takimi-221024-6.jpg\",\"width\":1920,\"height\":1200},{\"@type\":\"BreadcrumbList\",\"@id\":\"https:\/\/newmood.com.tr\/en\/marsala-koltuk-takimi\/#breadcrumb\",\"itemListElement\":[{\"@type\":\"ListItem\",\"position\":1,\"name\":\"Anasayfa\",\"item\":\"https:\/\/newmood.com.tr\/\"},{\"@type\":\"ListItem\",\"position\":2,\"name\":\"\u00dcr\u00fcnler\",\"item\":\"https:\/\/newmood.com.tr\/shop\/\"},{\"@type\":\"ListItem\",\"position\":3,\"name\":\"Marsala Koltuk Tak\u0131m\u0131\"}]},{\"@type\":\"WebSite\",\"@id\":\"https:\/\/newmood.com.tr\/en\/#website\",\"url\":\"https:\/\/newmood.com.tr\/en\/\",\"name\":\"Newmood\",\"description\":\"\",\"potentialAction\":[{\"@type\":\"SearchAction\",\"target\":{\"@type\":\"EntryPoint\",\"urlTemplate\":\"https:\/\/newmood.com.tr\/en\/?s={search_term_string}\"},\"query-input\":{\"@type\":\"PropertyValueSpecification\",\"valueRequired\":true,\"valueName\":\"search_term_string\"}}],\"inLanguage\":\"en-US\"}]}<\/script>\n<!-- \/ Yoast SEO plugin. -->","yoast_head_json":{"title":"Marsala Koltuk Tak\u0131m\u0131 - Newmood","robots":{"index":"index","follow":"follow","max-snippet":"max-snippet:-1","max-image-preview":"max-image-preview:large","max-video-preview":"max-video-preview:-1"},"canonical":"https:\/\/newmood.com.tr\/en\/marsala-koltuk-takimi\/","og_locale":"en_US","og_type":"article","og_title":"Marsala Koltuk Tak\u0131m\u0131 - Newmood","og_description":"Marsala Koltuk Tak\u0131m\u0131, zarif tasar\u0131m\u0131 ve l\u00fcks detaylar\u0131yla ya\u015fam alan\u0131n\u0131za sofistike bir dokunu\u015f getirir. Geni\u015f oturum alanlar\u0131, yumu\u015fak dokulu kuma\u015f kaplamas\u0131 ve destekleyici minderleri ile konforu en \u00fcst d\u00fczeye \u00e7\u0131kar\u0131r. \u0130skeletinde kullan\u0131lan sa\u011flam kay\u0131n kereste, dayan\u0131kl\u0131l\u0131\u011f\u0131 art\u0131r\u0131rken, modern metal ayaklar\u0131 tak\u0131ma estetik bir g\u00f6r\u00fcn\u00fcm kazand\u0131r\u0131r. Marsala Koltuk Tak\u0131m\u0131, modern ve klasik stilin m\u00fckemmel uyumunu sunarak, hem \u015f\u0131kl\u0131\u011f\u0131 hem de rahatl\u0131\u011f\u0131 bir arada arayanlar i\u00e7in ideal bir tercih olur.","og_url":"https:\/\/newmood.com.tr\/en\/marsala-koltuk-takimi\/","og_site_name":"Newmood","article_modified_time":"2024-10-22T10:38:31+00:00","og_image":[{"width":1920,"height":1200,"url":"https:\/\/newmood.com.tr\/wp-content\/uploads\/2024\/10\/marsala-koltuk-takimi-221024-6.jpg","type":"image\/jpeg"}],"twitter_card":"summary_large_image","schema":{"@context":"https:\/\/schema.org","@graph":[{"@type":"WebPage","@id":"https:\/\/newmood.com.tr\/en\/marsala-koltuk-takimi\/","url":"https:\/\/newmood.com.tr\/en\/marsala-koltuk-takimi\/","name":"Marsala Koltuk Tak\u0131m\u0131 - Newmood","isPartOf":{"@id":"https:\/\/newmood.com.tr\/en\/#website"},"primaryImageOfPage":{"@id":"https:\/\/newmood.com.tr\/en\/marsala-koltuk-takimi\/#primaryimage"},"image":{"@id":"https:\/\/newmood.com.tr\/en\/marsala-koltuk-takimi\/#primaryimage"},"thumbnailUrl":"https:\/\/newmood.com.tr\/wp-content\/uploads\/2024\/10\/marsala-koltuk-takimi-221024-6.jpg","datePublished":"2024-10-22T10:38:30+00:00","dateModified":"2024-10-22T10:38:31+00:00","breadcrumb":{"@id":"https:\/\/newmood.com.tr\/en\/marsala-koltuk-takimi\/#breadcrumb"},"inLanguage":"en-US","potentialAction":[{"@type":"ReadAction","target":["https:\/\/newmood.com.tr\/en\/marsala-koltuk-takimi\/"]}]},{"@type":"ImageObject","inLanguage":"en-US","@id":"https:\/\/newmood.com.tr\/en\/marsala-koltuk-takimi\/#primaryimage","url":"https:\/\/newmood.com.tr\/wp-content\/uploads\/2024\/10\/marsala-koltuk-takimi-221024-6.jpg","contentUrl":"https:\/\/newmood.com.tr\/wp-content\/uploads\/2024\/10\/marsala-koltuk-takimi-221024-6.jpg","width":1920,"height":1200},{"@type":"BreadcrumbList","@id":"https:\/\/newmood.com.tr\/en\/marsala-koltuk-takimi\/#breadcrumb","itemListElement":[{"@type":"ListItem","position":1,"name":"Anasayfa","item":"https:\/\/newmood.com.tr\/"},{"@type":"ListItem","position":2,"name":"\u00dcr\u00fcnler","item":"https:\/\/newmood.com.tr\/shop\/"},{"@type":"ListItem","position":3,"name":"Marsala Koltuk Tak\u0131m\u0131"}]},{"@type":"WebSite","@id":"https:\/\/newmood.com.tr\/en\/#website","url":"https:\/\/newmood.com.tr\/en\/","name":"Newmood","description":"","potentialAction":[{"@type":"SearchAction","target":{"@type":"EntryPoint","urlTemplate":"https:\/\/newmood.com.tr\/en\/?s={search_term_string}"},"query-input":{"@type":"PropertyValueSpecification","valueRequired":true,"valueName":"search_term_string"}}],"inLanguage":"en-US"}]}},"_links":{"self":[{"href":"https:\/\/newmood.com.tr\/en\/wp-json\/wp\/v2\/product\/1663"}],"collection":[{"href":"https:\/\/newmood.com.tr\/en\/wp-json\/wp\/v2\/product"}],"about":[{"href":"https:\/\/newmood.com.tr\/en\/wp-json\/wp\/v2\/types\/product"}],"replies":[{"embeddable":true,"href":"https:\/\/newmood.com.tr\/en\/wp-json\/wp\/v2\/comments?post=1663"}],"wp:featuredmedia":[{"embeddable":true,"href":"https:\/\/newmood.com.tr\/en\/wp-json\/wp\/v2\/media\/1669"}],"wp:attachment":[{"href":"https:\/\/newmood.com.tr\/en\/wp-json\/wp\/v2\/media?parent=1663"}],"wp:term":[{"taxonomy":"product_brand","embeddable":true,"href":"https:\/\/newmood.com.tr\/en\/wp-json\/wp\/v2\/product_brand?post=1663"},{"taxonomy":"product_cat","embeddable":true,"href":"https:\/\/newmood.com.tr\/en\/wp-json\/wp\/v2\/product_cat?post=1663"},{"taxonomy":"product_tag","embeddable":true,"href":"https:\/\/newmood.com.tr\/en\/wp-json\/wp\/v2\/product_tag?post=1663"}],"curies":[{"name":"wp","href":"https:\/\/api.w.org\/{rel}","templated":true}]}}