{"id":1661,"date":"2024-10-21T17:39:16","date_gmt":"2024-10-21T17:39:16","guid":{"rendered":"https:\/\/newmood.kodektif.com\/?post_type=product&#038;p=1661"},"modified":"2024-10-21T17:39:16","modified_gmt":"2024-10-21T17:39:16","slug":"freeman-berjer","status":"publish","type":"product","link":"https:\/\/newmood.com.tr\/en\/freeman-berjer\/","title":{"rendered":"Freeman Armchair"},"content":{"rendered":"","protected":false},"excerpt":{"rendered":"<p>Freeman Armchair becomes an indispensable part of your living space with its modern design and comfortable structure. Its soft-textured fabric and ergonomic seating structure offer a comfortable resting experience, while providing a stylish appearance with its elegant lines. Its durable beech timber frame and thin metal legs offer both durability and aesthetic balance. While the Freeman Armchair adds a sophisticated atmosphere to its space even on its own, it becomes a modern and elegant complement to your living room.<\/p>","protected":false},"featured_media":1654,"comment_status":"open","ping_status":"closed","template":"","meta":[],"product_brand":[],"product_cat":[19],"product_tag":[],"class_list":{"0":"post-1661","1":"product","2":"type-product","3":"status-publish","4":"has-post-thumbnail","6":"product_cat-berjerler","8":"first","9":"instock","10":"shipping-taxable","11":"product-type-simple"},"yoast_head":"<!-- This site is optimized with the Yoast SEO plugin v24.9 - https:\/\/yoast.com\/wordpress\/plugins\/seo\/ -->\n<title>Freeman Berjer - Newmood<\/title>\n<meta name=\"robots\" content=\"index, follow, max-snippet:-1, max-image-preview:large, max-video-preview:-1\" \/>\n<link rel=\"canonical\" href=\"https:\/\/newmood.com.tr\/en\/freeman-berjer\/\" \/>\n<meta property=\"og:locale\" content=\"en_US\" \/>\n<meta property=\"og:type\" content=\"article\" \/>\n<meta property=\"og:title\" content=\"Freeman Berjer - Newmood\" \/>\n<meta property=\"og:description\" content=\"Freeman Berjer, modern tasar\u0131m\u0131 ve konforlu yap\u0131s\u0131yla ya\u015fam alan\u0131n\u0131z\u0131n vazge\u00e7ilmez bir par\u00e7as\u0131 olur. Yumu\u015fak dokulu kuma\u015f\u0131 ve ergonomik oturum yap\u0131s\u0131, rahat bir dinlenme deneyimi sunarken, zarif \u00e7izgileriyle \u015f\u0131k bir g\u00f6r\u00fcn\u00fcm sa\u011flar. Dayan\u0131kl\u0131 kay\u0131n kereste iskeleti ve ince metal ayaklar\u0131, hem sa\u011flaml\u0131k hem de estetik bir denge sunar. Freeman Berjer, tek ba\u015f\u0131na bile bulundu\u011fu alana sofistike bir hava katarken, oturma odan\u0131z\u0131n modern ve zarif tamamlay\u0131c\u0131s\u0131 olur.\" \/>\n<meta property=\"og:url\" content=\"https:\/\/newmood.com.tr\/en\/freeman-berjer\/\" \/>\n<meta property=\"og:site_name\" content=\"Newmood\" \/>\n<meta property=\"og:image\" content=\"https:\/\/newmood.com.tr\/wp-content\/uploads\/2024\/10\/freeman-koltuk-takimi-211024-8.jpg\" \/>\n\t<meta property=\"og:image:width\" content=\"1920\" \/>\n\t<meta property=\"og:image:height\" content=\"1200\" \/>\n\t<meta property=\"og:image:type\" content=\"image\/jpeg\" \/>\n<meta name=\"twitter:card\" content=\"summary_large_image\" \/>\n<script type=\"application\/ld+json\" class=\"yoast-schema-graph\">{\"@context\":\"https:\/\/schema.org\",\"@graph\":[{\"@type\":\"WebPage\",\"@id\":\"https:\/\/newmood.com.tr\/en\/freeman-berjer\/\",\"url\":\"https:\/\/newmood.com.tr\/en\/freeman-berjer\/\",\"name\":\"Freeman Berjer - Newmood\",\"isPartOf\":{\"@id\":\"https:\/\/newmood.com.tr\/en\/#website\"},\"primaryImageOfPage\":{\"@id\":\"https:\/\/newmood.com.tr\/en\/freeman-berjer\/#primaryimage\"},\"image\":{\"@id\":\"https:\/\/newmood.com.tr\/en\/freeman-berjer\/#primaryimage\"},\"thumbnailUrl\":\"https:\/\/newmood.com.tr\/wp-content\/uploads\/2024\/10\/freeman-koltuk-takimi-211024-8.jpg\",\"datePublished\":\"2024-10-21T17:39:16+00:00\",\"breadcrumb\":{\"@id\":\"https:\/\/newmood.com.tr\/en\/freeman-berjer\/#breadcrumb\"},\"inLanguage\":\"en-US\",\"potentialAction\":[{\"@type\":\"ReadAction\",\"target\":[\"https:\/\/newmood.com.tr\/en\/freeman-berjer\/\"]}]},{\"@type\":\"ImageObject\",\"inLanguage\":\"en-US\",\"@id\":\"https:\/\/newmood.com.tr\/en\/freeman-berjer\/#primaryimage\",\"url\":\"https:\/\/newmood.com.tr\/wp-content\/uploads\/2024\/10\/freeman-koltuk-takimi-211024-8.jpg\",\"contentUrl\":\"https:\/\/newmood.com.tr\/wp-content\/uploads\/2024\/10\/freeman-koltuk-takimi-211024-8.jpg\",\"width\":1920,\"height\":1200},{\"@type\":\"BreadcrumbList\",\"@id\":\"https:\/\/newmood.com.tr\/en\/freeman-berjer\/#breadcrumb\",\"itemListElement\":[{\"@type\":\"ListItem\",\"position\":1,\"name\":\"Anasayfa\",\"item\":\"https:\/\/newmood.com.tr\/\"},{\"@type\":\"ListItem\",\"position\":2,\"name\":\"\u00dcr\u00fcnler\",\"item\":\"https:\/\/newmood.com.tr\/shop\/\"},{\"@type\":\"ListItem\",\"position\":3,\"name\":\"Freeman Berjer\"}]},{\"@type\":\"WebSite\",\"@id\":\"https:\/\/newmood.com.tr\/en\/#website\",\"url\":\"https:\/\/newmood.com.tr\/en\/\",\"name\":\"Newmood\",\"description\":\"\",\"potentialAction\":[{\"@type\":\"SearchAction\",\"target\":{\"@type\":\"EntryPoint\",\"urlTemplate\":\"https:\/\/newmood.com.tr\/en\/?s={search_term_string}\"},\"query-input\":{\"@type\":\"PropertyValueSpecification\",\"valueRequired\":true,\"valueName\":\"search_term_string\"}}],\"inLanguage\":\"en-US\"}]}<\/script>\n<!-- \/ Yoast SEO plugin. -->","yoast_head_json":{"title":"Freeman Berjer - Newmood","robots":{"index":"index","follow":"follow","max-snippet":"max-snippet:-1","max-image-preview":"max-image-preview:large","max-video-preview":"max-video-preview:-1"},"canonical":"https:\/\/newmood.com.tr\/en\/freeman-berjer\/","og_locale":"en_US","og_type":"article","og_title":"Freeman Berjer - Newmood","og_description":"Freeman Berjer, modern tasar\u0131m\u0131 ve konforlu yap\u0131s\u0131yla ya\u015fam alan\u0131n\u0131z\u0131n vazge\u00e7ilmez bir par\u00e7as\u0131 olur. Yumu\u015fak dokulu kuma\u015f\u0131 ve ergonomik oturum yap\u0131s\u0131, rahat bir dinlenme deneyimi sunarken, zarif \u00e7izgileriyle \u015f\u0131k bir g\u00f6r\u00fcn\u00fcm sa\u011flar. Dayan\u0131kl\u0131 kay\u0131n kereste iskeleti ve ince metal ayaklar\u0131, hem sa\u011flaml\u0131k hem de estetik bir denge sunar. Freeman Berjer, tek ba\u015f\u0131na bile bulundu\u011fu alana sofistike bir hava katarken, oturma odan\u0131z\u0131n modern ve zarif tamamlay\u0131c\u0131s\u0131 olur.","og_url":"https:\/\/newmood.com.tr\/en\/freeman-berjer\/","og_site_name":"Newmood","og_image":[{"width":1920,"height":1200,"url":"https:\/\/newmood.com.tr\/wp-content\/uploads\/2024\/10\/freeman-koltuk-takimi-211024-8.jpg","type":"image\/jpeg"}],"twitter_card":"summary_large_image","schema":{"@context":"https:\/\/schema.org","@graph":[{"@type":"WebPage","@id":"https:\/\/newmood.com.tr\/en\/freeman-berjer\/","url":"https:\/\/newmood.com.tr\/en\/freeman-berjer\/","name":"Freeman Berjer - Newmood","isPartOf":{"@id":"https:\/\/newmood.com.tr\/en\/#website"},"primaryImageOfPage":{"@id":"https:\/\/newmood.com.tr\/en\/freeman-berjer\/#primaryimage"},"image":{"@id":"https:\/\/newmood.com.tr\/en\/freeman-berjer\/#primaryimage"},"thumbnailUrl":"https:\/\/newmood.com.tr\/wp-content\/uploads\/2024\/10\/freeman-koltuk-takimi-211024-8.jpg","datePublished":"2024-10-21T17:39:16+00:00","breadcrumb":{"@id":"https:\/\/newmood.com.tr\/en\/freeman-berjer\/#breadcrumb"},"inLanguage":"en-US","potentialAction":[{"@type":"ReadAction","target":["https:\/\/newmood.com.tr\/en\/freeman-berjer\/"]}]},{"@type":"ImageObject","inLanguage":"en-US","@id":"https:\/\/newmood.com.tr\/en\/freeman-berjer\/#primaryimage","url":"https:\/\/newmood.com.tr\/wp-content\/uploads\/2024\/10\/freeman-koltuk-takimi-211024-8.jpg","contentUrl":"https:\/\/newmood.com.tr\/wp-content\/uploads\/2024\/10\/freeman-koltuk-takimi-211024-8.jpg","width":1920,"height":1200},{"@type":"BreadcrumbList","@id":"https:\/\/newmood.com.tr\/en\/freeman-berjer\/#breadcrumb","itemListElement":[{"@type":"ListItem","position":1,"name":"Anasayfa","item":"https:\/\/newmood.com.tr\/"},{"@type":"ListItem","position":2,"name":"\u00dcr\u00fcnler","item":"https:\/\/newmood.com.tr\/shop\/"},{"@type":"ListItem","position":3,"name":"Freeman Berjer"}]},{"@type":"WebSite","@id":"https:\/\/newmood.com.tr\/en\/#website","url":"https:\/\/newmood.com.tr\/en\/","name":"Newmood","description":"","potentialAction":[{"@type":"SearchAction","target":{"@type":"EntryPoint","urlTemplate":"https:\/\/newmood.com.tr\/en\/?s={search_term_string}"},"query-input":{"@type":"PropertyValueSpecification","valueRequired":true,"valueName":"search_term_string"}}],"inLanguage":"en-US"}]}},"_links":{"self":[{"href":"https:\/\/newmood.com.tr\/en\/wp-json\/wp\/v2\/product\/1661"}],"collection":[{"href":"https:\/\/newmood.com.tr\/en\/wp-json\/wp\/v2\/product"}],"about":[{"href":"https:\/\/newmood.com.tr\/en\/wp-json\/wp\/v2\/types\/product"}],"replies":[{"embeddable":true,"href":"https:\/\/newmood.com.tr\/en\/wp-json\/wp\/v2\/comments?post=1661"}],"wp:featuredmedia":[{"embeddable":true,"href":"https:\/\/newmood.com.tr\/en\/wp-json\/wp\/v2\/media\/1654"}],"wp:attachment":[{"href":"https:\/\/newmood.com.tr\/en\/wp-json\/wp\/v2\/media?parent=1661"}],"wp:term":[{"taxonomy":"product_brand","embeddable":true,"href":"https:\/\/newmood.com.tr\/en\/wp-json\/wp\/v2\/product_brand?post=1661"},{"taxonomy":"product_cat","embeddable":true,"href":"https:\/\/newmood.com.tr\/en\/wp-json\/wp\/v2\/product_cat?post=1661"},{"taxonomy":"product_tag","embeddable":true,"href":"https:\/\/newmood.com.tr\/en\/wp-json\/wp\/v2\/product_tag?post=1661"}],"curies":[{"name":"wp","href":"https:\/\/api.w.org\/{rel}","templated":true}]}}