{"id":1660,"date":"2024-10-21T17:38:10","date_gmt":"2024-10-21T17:38:10","guid":{"rendered":"https:\/\/newmood.kodektif.com\/?post_type=product&#038;p=1660"},"modified":"2024-10-21T17:38:10","modified_gmt":"2024-10-21T17:38:10","slug":"freeman-koltuk","status":"publish","type":"product","link":"https:\/\/newmood.com.tr\/en\/freeman-koltuk\/","title":{"rendered":"Freeman Sofa"},"content":{"rendered":"","protected":false},"excerpt":{"rendered":"<p>Freeman Armchair stands out with its minimal and modern design. While its large seating areas and soft textured fabric highlight comfort, it adapts to any space with its elegant lines and simple appearance. The durable beech timber and thin metal legs used in its frame offer durability and an elegant appearance. With its ergonomic structure, Freeman Armchair provides a comfortable sitting experience and adds a modern touch to the space.<\/p>","protected":false},"featured_media":1647,"comment_status":"open","ping_status":"closed","template":"","meta":[],"product_brand":[],"product_cat":[18],"product_tag":[],"class_list":{"0":"post-1660","1":"product","2":"type-product","3":"status-publish","4":"has-post-thumbnail","6":"product_cat-koltuklar","8":"first","9":"instock","10":"shipping-taxable","11":"product-type-simple"},"yoast_head":"<!-- This site is optimized with the Yoast SEO plugin v24.9 - https:\/\/yoast.com\/wordpress\/plugins\/seo\/ -->\n<title>Freeman Koltuk - Newmood<\/title>\n<meta name=\"robots\" content=\"index, follow, max-snippet:-1, max-image-preview:large, max-video-preview:-1\" \/>\n<link rel=\"canonical\" href=\"https:\/\/newmood.com.tr\/en\/freeman-koltuk\/\" \/>\n<meta property=\"og:locale\" content=\"en_US\" \/>\n<meta property=\"og:type\" content=\"article\" \/>\n<meta property=\"og:title\" content=\"Freeman Koltuk - Newmood\" \/>\n<meta property=\"og:description\" content=\"Freeman Koltuk, minimal ve modern tasar\u0131m\u0131yla \u00f6ne \u00e7\u0131kar. Geni\u015f oturum alanlar\u0131 ve yumu\u015fak dokulu kuma\u015f\u0131, rahatl\u0131\u011f\u0131 \u00f6n plana \u00e7\u0131kar\u0131rken, zarif hatlar\u0131 ve sade g\u00f6r\u00fcn\u00fcm\u00fc ile her mekana uyum sa\u011flar. \u0130skeletinde kullan\u0131lan dayan\u0131kl\u0131 kay\u0131n kereste ve ince metal ayaklar, sa\u011flaml\u0131k ve zarif bir g\u00f6r\u00fcn\u00fcm sunar. Freeman Koltuk, ergonomik yap\u0131s\u0131yla hem konforlu bir oturma deneyimi sa\u011flar hem de mekana modern bir dokunu\u015f ekler.\" \/>\n<meta property=\"og:url\" content=\"https:\/\/newmood.com.tr\/en\/freeman-koltuk\/\" \/>\n<meta property=\"og:site_name\" content=\"Newmood\" \/>\n<meta property=\"og:image\" content=\"https:\/\/newmood.com.tr\/wp-content\/uploads\/2024\/10\/freeman-koltuk-takimi-211024-1.jpg\" \/>\n\t<meta property=\"og:image:width\" content=\"1920\" \/>\n\t<meta property=\"og:image:height\" content=\"1200\" \/>\n\t<meta property=\"og:image:type\" content=\"image\/jpeg\" \/>\n<meta name=\"twitter:card\" content=\"summary_large_image\" \/>\n<script type=\"application\/ld+json\" class=\"yoast-schema-graph\">{\"@context\":\"https:\/\/schema.org\",\"@graph\":[{\"@type\":\"WebPage\",\"@id\":\"https:\/\/newmood.com.tr\/en\/freeman-koltuk\/\",\"url\":\"https:\/\/newmood.com.tr\/en\/freeman-koltuk\/\",\"name\":\"Freeman Koltuk - Newmood\",\"isPartOf\":{\"@id\":\"https:\/\/newmood.com.tr\/en\/#website\"},\"primaryImageOfPage\":{\"@id\":\"https:\/\/newmood.com.tr\/en\/freeman-koltuk\/#primaryimage\"},\"image\":{\"@id\":\"https:\/\/newmood.com.tr\/en\/freeman-koltuk\/#primaryimage\"},\"thumbnailUrl\":\"https:\/\/newmood.com.tr\/wp-content\/uploads\/2024\/10\/freeman-koltuk-takimi-211024-1.jpg\",\"datePublished\":\"2024-10-21T17:38:10+00:00\",\"breadcrumb\":{\"@id\":\"https:\/\/newmood.com.tr\/en\/freeman-koltuk\/#breadcrumb\"},\"inLanguage\":\"en-US\",\"potentialAction\":[{\"@type\":\"ReadAction\",\"target\":[\"https:\/\/newmood.com.tr\/en\/freeman-koltuk\/\"]}]},{\"@type\":\"ImageObject\",\"inLanguage\":\"en-US\",\"@id\":\"https:\/\/newmood.com.tr\/en\/freeman-koltuk\/#primaryimage\",\"url\":\"https:\/\/newmood.com.tr\/wp-content\/uploads\/2024\/10\/freeman-koltuk-takimi-211024-1.jpg\",\"contentUrl\":\"https:\/\/newmood.com.tr\/wp-content\/uploads\/2024\/10\/freeman-koltuk-takimi-211024-1.jpg\",\"width\":1920,\"height\":1200},{\"@type\":\"BreadcrumbList\",\"@id\":\"https:\/\/newmood.com.tr\/en\/freeman-koltuk\/#breadcrumb\",\"itemListElement\":[{\"@type\":\"ListItem\",\"position\":1,\"name\":\"Anasayfa\",\"item\":\"https:\/\/newmood.com.tr\/\"},{\"@type\":\"ListItem\",\"position\":2,\"name\":\"\u00dcr\u00fcnler\",\"item\":\"https:\/\/newmood.com.tr\/shop\/\"},{\"@type\":\"ListItem\",\"position\":3,\"name\":\"Freeman Koltuk\"}]},{\"@type\":\"WebSite\",\"@id\":\"https:\/\/newmood.com.tr\/en\/#website\",\"url\":\"https:\/\/newmood.com.tr\/en\/\",\"name\":\"Newmood\",\"description\":\"\",\"potentialAction\":[{\"@type\":\"SearchAction\",\"target\":{\"@type\":\"EntryPoint\",\"urlTemplate\":\"https:\/\/newmood.com.tr\/en\/?s={search_term_string}\"},\"query-input\":{\"@type\":\"PropertyValueSpecification\",\"valueRequired\":true,\"valueName\":\"search_term_string\"}}],\"inLanguage\":\"en-US\"}]}<\/script>\n<!-- \/ Yoast SEO plugin. -->","yoast_head_json":{"title":"Freeman Koltuk - Newmood","robots":{"index":"index","follow":"follow","max-snippet":"max-snippet:-1","max-image-preview":"max-image-preview:large","max-video-preview":"max-video-preview:-1"},"canonical":"https:\/\/newmood.com.tr\/en\/freeman-koltuk\/","og_locale":"en_US","og_type":"article","og_title":"Freeman Koltuk - Newmood","og_description":"Freeman Koltuk, minimal ve modern tasar\u0131m\u0131yla \u00f6ne \u00e7\u0131kar. Geni\u015f oturum alanlar\u0131 ve yumu\u015fak dokulu kuma\u015f\u0131, rahatl\u0131\u011f\u0131 \u00f6n plana \u00e7\u0131kar\u0131rken, zarif hatlar\u0131 ve sade g\u00f6r\u00fcn\u00fcm\u00fc ile her mekana uyum sa\u011flar. \u0130skeletinde kullan\u0131lan dayan\u0131kl\u0131 kay\u0131n kereste ve ince metal ayaklar, sa\u011flaml\u0131k ve zarif bir g\u00f6r\u00fcn\u00fcm sunar. Freeman Koltuk, ergonomik yap\u0131s\u0131yla hem konforlu bir oturma deneyimi sa\u011flar hem de mekana modern bir dokunu\u015f ekler.","og_url":"https:\/\/newmood.com.tr\/en\/freeman-koltuk\/","og_site_name":"Newmood","og_image":[{"width":1920,"height":1200,"url":"https:\/\/newmood.com.tr\/wp-content\/uploads\/2024\/10\/freeman-koltuk-takimi-211024-1.jpg","type":"image\/jpeg"}],"twitter_card":"summary_large_image","schema":{"@context":"https:\/\/schema.org","@graph":[{"@type":"WebPage","@id":"https:\/\/newmood.com.tr\/en\/freeman-koltuk\/","url":"https:\/\/newmood.com.tr\/en\/freeman-koltuk\/","name":"Freeman Koltuk - Newmood","isPartOf":{"@id":"https:\/\/newmood.com.tr\/en\/#website"},"primaryImageOfPage":{"@id":"https:\/\/newmood.com.tr\/en\/freeman-koltuk\/#primaryimage"},"image":{"@id":"https:\/\/newmood.com.tr\/en\/freeman-koltuk\/#primaryimage"},"thumbnailUrl":"https:\/\/newmood.com.tr\/wp-content\/uploads\/2024\/10\/freeman-koltuk-takimi-211024-1.jpg","datePublished":"2024-10-21T17:38:10+00:00","breadcrumb":{"@id":"https:\/\/newmood.com.tr\/en\/freeman-koltuk\/#breadcrumb"},"inLanguage":"en-US","potentialAction":[{"@type":"ReadAction","target":["https:\/\/newmood.com.tr\/en\/freeman-koltuk\/"]}]},{"@type":"ImageObject","inLanguage":"en-US","@id":"https:\/\/newmood.com.tr\/en\/freeman-koltuk\/#primaryimage","url":"https:\/\/newmood.com.tr\/wp-content\/uploads\/2024\/10\/freeman-koltuk-takimi-211024-1.jpg","contentUrl":"https:\/\/newmood.com.tr\/wp-content\/uploads\/2024\/10\/freeman-koltuk-takimi-211024-1.jpg","width":1920,"height":1200},{"@type":"BreadcrumbList","@id":"https:\/\/newmood.com.tr\/en\/freeman-koltuk\/#breadcrumb","itemListElement":[{"@type":"ListItem","position":1,"name":"Anasayfa","item":"https:\/\/newmood.com.tr\/"},{"@type":"ListItem","position":2,"name":"\u00dcr\u00fcnler","item":"https:\/\/newmood.com.tr\/shop\/"},{"@type":"ListItem","position":3,"name":"Freeman Koltuk"}]},{"@type":"WebSite","@id":"https:\/\/newmood.com.tr\/en\/#website","url":"https:\/\/newmood.com.tr\/en\/","name":"Newmood","description":"","potentialAction":[{"@type":"SearchAction","target":{"@type":"EntryPoint","urlTemplate":"https:\/\/newmood.com.tr\/en\/?s={search_term_string}"},"query-input":{"@type":"PropertyValueSpecification","valueRequired":true,"valueName":"search_term_string"}}],"inLanguage":"en-US"}]}},"_links":{"self":[{"href":"https:\/\/newmood.com.tr\/en\/wp-json\/wp\/v2\/product\/1660"}],"collection":[{"href":"https:\/\/newmood.com.tr\/en\/wp-json\/wp\/v2\/product"}],"about":[{"href":"https:\/\/newmood.com.tr\/en\/wp-json\/wp\/v2\/types\/product"}],"replies":[{"embeddable":true,"href":"https:\/\/newmood.com.tr\/en\/wp-json\/wp\/v2\/comments?post=1660"}],"wp:featuredmedia":[{"embeddable":true,"href":"https:\/\/newmood.com.tr\/en\/wp-json\/wp\/v2\/media\/1647"}],"wp:attachment":[{"href":"https:\/\/newmood.com.tr\/en\/wp-json\/wp\/v2\/media?parent=1660"}],"wp:term":[{"taxonomy":"product_brand","embeddable":true,"href":"https:\/\/newmood.com.tr\/en\/wp-json\/wp\/v2\/product_brand?post=1660"},{"taxonomy":"product_cat","embeddable":true,"href":"https:\/\/newmood.com.tr\/en\/wp-json\/wp\/v2\/product_cat?post=1660"},{"taxonomy":"product_tag","embeddable":true,"href":"https:\/\/newmood.com.tr\/en\/wp-json\/wp\/v2\/product_tag?post=1660"}],"curies":[{"name":"wp","href":"https:\/\/api.w.org\/{rel}","templated":true}]}}