{"id":1571,"date":"2024-09-17T11:11:08","date_gmt":"2024-09-17T11:11:08","guid":{"rendered":"https:\/\/newmood.kodektif.com\/?post_type=product&#038;p=1571"},"modified":"2024-09-17T11:11:09","modified_gmt":"2024-09-17T11:11:09","slug":"toscano-ara-sehpa","status":"publish","type":"product","link":"https:\/\/newmood.com.tr\/en\/toscano-ara-sehpa\/","title":{"rendered":"Toscano Intermediate Table"},"content":{"rendered":"","protected":false},"excerpt":{"rendered":"<p>Toscano Ara Coffee Table adds elegance to your space with its minimal design and stylish details. Thanks to its functional structure, it offers an aesthetic appearance, especially between sofa sets or in different corners. It reflects the harmony of modern and classic touches with its fine lines and quality material selection. Offering both a decorative and useful surface with its small but effective size, Toscano Ara Coffee Table provides practical solutions while enriching your interior decoration.<\/p>","protected":false},"featured_media":1573,"comment_status":"open","ping_status":"closed","template":"","meta":[],"product_brand":[],"product_cat":[15,22,26],"product_tag":[],"class_list":{"0":"post-1571","1":"product","2":"type-product","3":"status-publish","4":"has-post-thumbnail","6":"product_cat-urunler","7":"product_cat-sehpalar","8":"product_cat-tamamlayicilar","10":"first","11":"instock","12":"shipping-taxable","13":"product-type-simple"},"yoast_head":"<!-- This site is optimized with the Yoast SEO plugin v24.9 - https:\/\/yoast.com\/wordpress\/plugins\/seo\/ -->\n<title>Toscano Ara Sehpa - Newmood<\/title>\n<meta name=\"robots\" content=\"index, follow, max-snippet:-1, max-image-preview:large, max-video-preview:-1\" \/>\n<link rel=\"canonical\" href=\"https:\/\/newmood.com.tr\/en\/toscano-ara-sehpa\/\" \/>\n<meta property=\"og:locale\" content=\"en_US\" \/>\n<meta property=\"og:type\" content=\"article\" \/>\n<meta property=\"og:title\" content=\"Toscano Ara Sehpa - Newmood\" \/>\n<meta property=\"og:description\" content=\"Toscano Ara Sehpa, minimal tasar\u0131m\u0131 ve \u015f\u0131k detaylar\u0131yla mek\u00e2n\u0131n\u0131za zarafet katar. Fonksiyonel yap\u0131s\u0131 sayesinde, \u00f6zellikle koltuk tak\u0131mlar\u0131n\u0131n aras\u0131nda veya farkl\u0131 k\u00f6\u015felerde estetik bir g\u00f6r\u00fcn\u00fcm sunar. \u0130nce \u00e7izgileri ve kaliteli malzeme se\u00e7imiyle, modern ve klasik dokunu\u015flar\u0131n uyumunu yans\u0131t\u0131r. K\u00fc\u00e7\u00fck ama etkili boyutuyla hem dekoratif hem de kullan\u0131\u015fl\u0131 bir y\u00fczey sunan Toscano Ara Sehpa, i\u00e7 mek\u00e2n dekorasyonunuzu zenginle\u015ftirirken pratik \u00e7\u00f6z\u00fcmler sa\u011flar.\" \/>\n<meta property=\"og:url\" content=\"https:\/\/newmood.com.tr\/en\/toscano-ara-sehpa\/\" \/>\n<meta property=\"og:site_name\" content=\"Newmood\" \/>\n<meta property=\"article:modified_time\" content=\"2024-09-17T11:11:09+00:00\" \/>\n<meta property=\"og:image\" content=\"https:\/\/newmood.com.tr\/wp-content\/uploads\/2024\/09\/toscano-ara-sehpa-170924-2.jpg\" \/>\n\t<meta property=\"og:image:width\" content=\"1920\" \/>\n\t<meta property=\"og:image:height\" content=\"1200\" \/>\n\t<meta property=\"og:image:type\" content=\"image\/jpeg\" \/>\n<meta name=\"twitter:card\" content=\"summary_large_image\" \/>\n<script type=\"application\/ld+json\" class=\"yoast-schema-graph\">{\"@context\":\"https:\/\/schema.org\",\"@graph\":[{\"@type\":\"WebPage\",\"@id\":\"https:\/\/newmood.com.tr\/en\/toscano-ara-sehpa\/\",\"url\":\"https:\/\/newmood.com.tr\/en\/toscano-ara-sehpa\/\",\"name\":\"Toscano Ara Sehpa - Newmood\",\"isPartOf\":{\"@id\":\"https:\/\/newmood.com.tr\/en\/#website\"},\"primaryImageOfPage\":{\"@id\":\"https:\/\/newmood.com.tr\/en\/toscano-ara-sehpa\/#primaryimage\"},\"image\":{\"@id\":\"https:\/\/newmood.com.tr\/en\/toscano-ara-sehpa\/#primaryimage\"},\"thumbnailUrl\":\"https:\/\/newmood.com.tr\/wp-content\/uploads\/2024\/09\/toscano-ara-sehpa-170924-2.jpg\",\"datePublished\":\"2024-09-17T11:11:08+00:00\",\"dateModified\":\"2024-09-17T11:11:09+00:00\",\"breadcrumb\":{\"@id\":\"https:\/\/newmood.com.tr\/en\/toscano-ara-sehpa\/#breadcrumb\"},\"inLanguage\":\"en-US\",\"potentialAction\":[{\"@type\":\"ReadAction\",\"target\":[\"https:\/\/newmood.com.tr\/en\/toscano-ara-sehpa\/\"]}]},{\"@type\":\"ImageObject\",\"inLanguage\":\"en-US\",\"@id\":\"https:\/\/newmood.com.tr\/en\/toscano-ara-sehpa\/#primaryimage\",\"url\":\"https:\/\/newmood.com.tr\/wp-content\/uploads\/2024\/09\/toscano-ara-sehpa-170924-2.jpg\",\"contentUrl\":\"https:\/\/newmood.com.tr\/wp-content\/uploads\/2024\/09\/toscano-ara-sehpa-170924-2.jpg\",\"width\":1920,\"height\":1200},{\"@type\":\"BreadcrumbList\",\"@id\":\"https:\/\/newmood.com.tr\/en\/toscano-ara-sehpa\/#breadcrumb\",\"itemListElement\":[{\"@type\":\"ListItem\",\"position\":1,\"name\":\"Anasayfa\",\"item\":\"https:\/\/newmood.com.tr\/\"},{\"@type\":\"ListItem\",\"position\":2,\"name\":\"\u00dcr\u00fcnler\",\"item\":\"https:\/\/newmood.com.tr\/shop\/\"},{\"@type\":\"ListItem\",\"position\":3,\"name\":\"Toscano Ara Sehpa\"}]},{\"@type\":\"WebSite\",\"@id\":\"https:\/\/newmood.com.tr\/en\/#website\",\"url\":\"https:\/\/newmood.com.tr\/en\/\",\"name\":\"Newmood\",\"description\":\"\",\"potentialAction\":[{\"@type\":\"SearchAction\",\"target\":{\"@type\":\"EntryPoint\",\"urlTemplate\":\"https:\/\/newmood.com.tr\/en\/?s={search_term_string}\"},\"query-input\":{\"@type\":\"PropertyValueSpecification\",\"valueRequired\":true,\"valueName\":\"search_term_string\"}}],\"inLanguage\":\"en-US\"}]}<\/script>\n<!-- \/ Yoast SEO plugin. -->","yoast_head_json":{"title":"Toscano Ara Sehpa - Newmood","robots":{"index":"index","follow":"follow","max-snippet":"max-snippet:-1","max-image-preview":"max-image-preview:large","max-video-preview":"max-video-preview:-1"},"canonical":"https:\/\/newmood.com.tr\/en\/toscano-ara-sehpa\/","og_locale":"en_US","og_type":"article","og_title":"Toscano Ara Sehpa - Newmood","og_description":"Toscano Ara Sehpa, minimal tasar\u0131m\u0131 ve \u015f\u0131k detaylar\u0131yla mek\u00e2n\u0131n\u0131za zarafet katar. Fonksiyonel yap\u0131s\u0131 sayesinde, \u00f6zellikle koltuk tak\u0131mlar\u0131n\u0131n aras\u0131nda veya farkl\u0131 k\u00f6\u015felerde estetik bir g\u00f6r\u00fcn\u00fcm sunar. \u0130nce \u00e7izgileri ve kaliteli malzeme se\u00e7imiyle, modern ve klasik dokunu\u015flar\u0131n uyumunu yans\u0131t\u0131r. K\u00fc\u00e7\u00fck ama etkili boyutuyla hem dekoratif hem de kullan\u0131\u015fl\u0131 bir y\u00fczey sunan Toscano Ara Sehpa, i\u00e7 mek\u00e2n dekorasyonunuzu zenginle\u015ftirirken pratik \u00e7\u00f6z\u00fcmler sa\u011flar.","og_url":"https:\/\/newmood.com.tr\/en\/toscano-ara-sehpa\/","og_site_name":"Newmood","article_modified_time":"2024-09-17T11:11:09+00:00","og_image":[{"width":1920,"height":1200,"url":"https:\/\/newmood.com.tr\/wp-content\/uploads\/2024\/09\/toscano-ara-sehpa-170924-2.jpg","type":"image\/jpeg"}],"twitter_card":"summary_large_image","schema":{"@context":"https:\/\/schema.org","@graph":[{"@type":"WebPage","@id":"https:\/\/newmood.com.tr\/en\/toscano-ara-sehpa\/","url":"https:\/\/newmood.com.tr\/en\/toscano-ara-sehpa\/","name":"Toscano Ara Sehpa - Newmood","isPartOf":{"@id":"https:\/\/newmood.com.tr\/en\/#website"},"primaryImageOfPage":{"@id":"https:\/\/newmood.com.tr\/en\/toscano-ara-sehpa\/#primaryimage"},"image":{"@id":"https:\/\/newmood.com.tr\/en\/toscano-ara-sehpa\/#primaryimage"},"thumbnailUrl":"https:\/\/newmood.com.tr\/wp-content\/uploads\/2024\/09\/toscano-ara-sehpa-170924-2.jpg","datePublished":"2024-09-17T11:11:08+00:00","dateModified":"2024-09-17T11:11:09+00:00","breadcrumb":{"@id":"https:\/\/newmood.com.tr\/en\/toscano-ara-sehpa\/#breadcrumb"},"inLanguage":"en-US","potentialAction":[{"@type":"ReadAction","target":["https:\/\/newmood.com.tr\/en\/toscano-ara-sehpa\/"]}]},{"@type":"ImageObject","inLanguage":"en-US","@id":"https:\/\/newmood.com.tr\/en\/toscano-ara-sehpa\/#primaryimage","url":"https:\/\/newmood.com.tr\/wp-content\/uploads\/2024\/09\/toscano-ara-sehpa-170924-2.jpg","contentUrl":"https:\/\/newmood.com.tr\/wp-content\/uploads\/2024\/09\/toscano-ara-sehpa-170924-2.jpg","width":1920,"height":1200},{"@type":"BreadcrumbList","@id":"https:\/\/newmood.com.tr\/en\/toscano-ara-sehpa\/#breadcrumb","itemListElement":[{"@type":"ListItem","position":1,"name":"Anasayfa","item":"https:\/\/newmood.com.tr\/"},{"@type":"ListItem","position":2,"name":"\u00dcr\u00fcnler","item":"https:\/\/newmood.com.tr\/shop\/"},{"@type":"ListItem","position":3,"name":"Toscano Ara Sehpa"}]},{"@type":"WebSite","@id":"https:\/\/newmood.com.tr\/en\/#website","url":"https:\/\/newmood.com.tr\/en\/","name":"Newmood","description":"","potentialAction":[{"@type":"SearchAction","target":{"@type":"EntryPoint","urlTemplate":"https:\/\/newmood.com.tr\/en\/?s={search_term_string}"},"query-input":{"@type":"PropertyValueSpecification","valueRequired":true,"valueName":"search_term_string"}}],"inLanguage":"en-US"}]}},"_links":{"self":[{"href":"https:\/\/newmood.com.tr\/en\/wp-json\/wp\/v2\/product\/1571"}],"collection":[{"href":"https:\/\/newmood.com.tr\/en\/wp-json\/wp\/v2\/product"}],"about":[{"href":"https:\/\/newmood.com.tr\/en\/wp-json\/wp\/v2\/types\/product"}],"replies":[{"embeddable":true,"href":"https:\/\/newmood.com.tr\/en\/wp-json\/wp\/v2\/comments?post=1571"}],"wp:featuredmedia":[{"embeddable":true,"href":"https:\/\/newmood.com.tr\/en\/wp-json\/wp\/v2\/media\/1573"}],"wp:attachment":[{"href":"https:\/\/newmood.com.tr\/en\/wp-json\/wp\/v2\/media?parent=1571"}],"wp:term":[{"taxonomy":"product_brand","embeddable":true,"href":"https:\/\/newmood.com.tr\/en\/wp-json\/wp\/v2\/product_brand?post=1571"},{"taxonomy":"product_cat","embeddable":true,"href":"https:\/\/newmood.com.tr\/en\/wp-json\/wp\/v2\/product_cat?post=1571"},{"taxonomy":"product_tag","embeddable":true,"href":"https:\/\/newmood.com.tr\/en\/wp-json\/wp\/v2\/product_tag?post=1571"}],"curies":[{"name":"wp","href":"https:\/\/api.w.org\/{rel}","templated":true}]}}