{"id":1568,"date":"2024-09-17T11:07:14","date_gmt":"2024-09-17T11:07:14","guid":{"rendered":"https:\/\/newmood.kodektif.com\/?post_type=product&#038;p=1568"},"modified":"2024-09-17T11:07:14","modified_gmt":"2024-09-17T11:07:14","slug":"toscano-yan-sehpa","status":"publish","type":"product","link":"https:\/\/newmood.com.tr\/en\/toscano-yan-sehpa\/","title":{"rendered":"Toscano Side Table"},"content":{"rendered":"","protected":false},"excerpt":{"rendered":"<p>Toscano Side Table adds elegance to any space with its elegant design that combines classical details with modern lines. This coffee table, which draws attention with its fine workmanship and strong stance, is a perfect complement especially for sophisticated living spaces. It brings aesthetics and ease of use to your living space by providing both a decorative element and a functional surface next to the armchairs.<\/p>","protected":false},"featured_media":1569,"comment_status":"open","ping_status":"closed","template":"","meta":[],"product_brand":[],"product_cat":[15,22,26],"product_tag":[],"class_list":{"0":"post-1568","1":"product","2":"type-product","3":"status-publish","4":"has-post-thumbnail","6":"product_cat-urunler","7":"product_cat-sehpalar","8":"product_cat-tamamlayicilar","10":"first","11":"instock","12":"shipping-taxable","13":"product-type-simple"},"yoast_head":"<!-- This site is optimized with the Yoast SEO plugin v24.9 - https:\/\/yoast.com\/wordpress\/plugins\/seo\/ -->\n<title>Toscano Yan Sehpa - Newmood<\/title>\n<meta name=\"robots\" content=\"index, follow, max-snippet:-1, max-image-preview:large, max-video-preview:-1\" \/>\n<link rel=\"canonical\" href=\"https:\/\/newmood.com.tr\/en\/toscano-yan-sehpa\/\" \/>\n<meta property=\"og:locale\" content=\"en_US\" \/>\n<meta property=\"og:type\" content=\"article\" \/>\n<meta property=\"og:title\" content=\"Toscano Yan Sehpa - Newmood\" \/>\n<meta property=\"og:description\" content=\"Toscano Yan Sehpa, klasik detaylar\u0131 modern \u00e7izgilerle birle\u015ftiren zarif tasar\u0131m\u0131yla her mek\u00e2na \u015f\u0131kl\u0131k kazand\u0131r\u0131yor. \u0130nce i\u015f\u00e7ili\u011fi ve g\u00fc\u00e7l\u00fc duru\u015fuyla dikkat \u00e7eken bu sehpa, \u00f6zellikle sofistike ya\u015fam alanlar\u0131 i\u00e7in m\u00fckemmel bir tamamlay\u0131c\u0131d\u0131r. Koltuklar\u0131n yan\u0131nda hem dekoratif bir unsur olarak hem de fonksiyonel bir y\u00fczey sunarak, ya\u015fam alan\u0131n\u0131za estetik ve kullan\u0131m kolayl\u0131\u011f\u0131 getirir.\" \/>\n<meta property=\"og:url\" content=\"https:\/\/newmood.com.tr\/en\/toscano-yan-sehpa\/\" \/>\n<meta property=\"og:site_name\" content=\"Newmood\" \/>\n<meta property=\"og:image\" content=\"https:\/\/newmood.com.tr\/wp-content\/uploads\/2024\/09\/toscano-yan-sehpa-170924-1.jpg\" \/>\n\t<meta property=\"og:image:width\" content=\"1920\" \/>\n\t<meta property=\"og:image:height\" content=\"1200\" \/>\n\t<meta property=\"og:image:type\" content=\"image\/jpeg\" \/>\n<meta name=\"twitter:card\" content=\"summary_large_image\" \/>\n<script type=\"application\/ld+json\" class=\"yoast-schema-graph\">{\"@context\":\"https:\/\/schema.org\",\"@graph\":[{\"@type\":\"WebPage\",\"@id\":\"https:\/\/newmood.com.tr\/en\/toscano-yan-sehpa\/\",\"url\":\"https:\/\/newmood.com.tr\/en\/toscano-yan-sehpa\/\",\"name\":\"Toscano Yan Sehpa - Newmood\",\"isPartOf\":{\"@id\":\"https:\/\/newmood.com.tr\/en\/#website\"},\"primaryImageOfPage\":{\"@id\":\"https:\/\/newmood.com.tr\/en\/toscano-yan-sehpa\/#primaryimage\"},\"image\":{\"@id\":\"https:\/\/newmood.com.tr\/en\/toscano-yan-sehpa\/#primaryimage\"},\"thumbnailUrl\":\"https:\/\/newmood.com.tr\/wp-content\/uploads\/2024\/09\/toscano-yan-sehpa-170924-1.jpg\",\"datePublished\":\"2024-09-17T11:07:14+00:00\",\"breadcrumb\":{\"@id\":\"https:\/\/newmood.com.tr\/en\/toscano-yan-sehpa\/#breadcrumb\"},\"inLanguage\":\"en-US\",\"potentialAction\":[{\"@type\":\"ReadAction\",\"target\":[\"https:\/\/newmood.com.tr\/en\/toscano-yan-sehpa\/\"]}]},{\"@type\":\"ImageObject\",\"inLanguage\":\"en-US\",\"@id\":\"https:\/\/newmood.com.tr\/en\/toscano-yan-sehpa\/#primaryimage\",\"url\":\"https:\/\/newmood.com.tr\/wp-content\/uploads\/2024\/09\/toscano-yan-sehpa-170924-1.jpg\",\"contentUrl\":\"https:\/\/newmood.com.tr\/wp-content\/uploads\/2024\/09\/toscano-yan-sehpa-170924-1.jpg\",\"width\":1920,\"height\":1200},{\"@type\":\"BreadcrumbList\",\"@id\":\"https:\/\/newmood.com.tr\/en\/toscano-yan-sehpa\/#breadcrumb\",\"itemListElement\":[{\"@type\":\"ListItem\",\"position\":1,\"name\":\"Anasayfa\",\"item\":\"https:\/\/newmood.com.tr\/\"},{\"@type\":\"ListItem\",\"position\":2,\"name\":\"\u00dcr\u00fcnler\",\"item\":\"https:\/\/newmood.com.tr\/shop\/\"},{\"@type\":\"ListItem\",\"position\":3,\"name\":\"Toscano Yan Sehpa\"}]},{\"@type\":\"WebSite\",\"@id\":\"https:\/\/newmood.com.tr\/en\/#website\",\"url\":\"https:\/\/newmood.com.tr\/en\/\",\"name\":\"Newmood\",\"description\":\"\",\"potentialAction\":[{\"@type\":\"SearchAction\",\"target\":{\"@type\":\"EntryPoint\",\"urlTemplate\":\"https:\/\/newmood.com.tr\/en\/?s={search_term_string}\"},\"query-input\":{\"@type\":\"PropertyValueSpecification\",\"valueRequired\":true,\"valueName\":\"search_term_string\"}}],\"inLanguage\":\"en-US\"}]}<\/script>\n<!-- \/ Yoast SEO plugin. -->","yoast_head_json":{"title":"Toscano Yan Sehpa - Newmood","robots":{"index":"index","follow":"follow","max-snippet":"max-snippet:-1","max-image-preview":"max-image-preview:large","max-video-preview":"max-video-preview:-1"},"canonical":"https:\/\/newmood.com.tr\/en\/toscano-yan-sehpa\/","og_locale":"en_US","og_type":"article","og_title":"Toscano Yan Sehpa - Newmood","og_description":"Toscano Yan Sehpa, klasik detaylar\u0131 modern \u00e7izgilerle birle\u015ftiren zarif tasar\u0131m\u0131yla her mek\u00e2na \u015f\u0131kl\u0131k kazand\u0131r\u0131yor. \u0130nce i\u015f\u00e7ili\u011fi ve g\u00fc\u00e7l\u00fc duru\u015fuyla dikkat \u00e7eken bu sehpa, \u00f6zellikle sofistike ya\u015fam alanlar\u0131 i\u00e7in m\u00fckemmel bir tamamlay\u0131c\u0131d\u0131r. Koltuklar\u0131n yan\u0131nda hem dekoratif bir unsur olarak hem de fonksiyonel bir y\u00fczey sunarak, ya\u015fam alan\u0131n\u0131za estetik ve kullan\u0131m kolayl\u0131\u011f\u0131 getirir.","og_url":"https:\/\/newmood.com.tr\/en\/toscano-yan-sehpa\/","og_site_name":"Newmood","og_image":[{"width":1920,"height":1200,"url":"https:\/\/newmood.com.tr\/wp-content\/uploads\/2024\/09\/toscano-yan-sehpa-170924-1.jpg","type":"image\/jpeg"}],"twitter_card":"summary_large_image","schema":{"@context":"https:\/\/schema.org","@graph":[{"@type":"WebPage","@id":"https:\/\/newmood.com.tr\/en\/toscano-yan-sehpa\/","url":"https:\/\/newmood.com.tr\/en\/toscano-yan-sehpa\/","name":"Toscano Yan Sehpa - Newmood","isPartOf":{"@id":"https:\/\/newmood.com.tr\/en\/#website"},"primaryImageOfPage":{"@id":"https:\/\/newmood.com.tr\/en\/toscano-yan-sehpa\/#primaryimage"},"image":{"@id":"https:\/\/newmood.com.tr\/en\/toscano-yan-sehpa\/#primaryimage"},"thumbnailUrl":"https:\/\/newmood.com.tr\/wp-content\/uploads\/2024\/09\/toscano-yan-sehpa-170924-1.jpg","datePublished":"2024-09-17T11:07:14+00:00","breadcrumb":{"@id":"https:\/\/newmood.com.tr\/en\/toscano-yan-sehpa\/#breadcrumb"},"inLanguage":"en-US","potentialAction":[{"@type":"ReadAction","target":["https:\/\/newmood.com.tr\/en\/toscano-yan-sehpa\/"]}]},{"@type":"ImageObject","inLanguage":"en-US","@id":"https:\/\/newmood.com.tr\/en\/toscano-yan-sehpa\/#primaryimage","url":"https:\/\/newmood.com.tr\/wp-content\/uploads\/2024\/09\/toscano-yan-sehpa-170924-1.jpg","contentUrl":"https:\/\/newmood.com.tr\/wp-content\/uploads\/2024\/09\/toscano-yan-sehpa-170924-1.jpg","width":1920,"height":1200},{"@type":"BreadcrumbList","@id":"https:\/\/newmood.com.tr\/en\/toscano-yan-sehpa\/#breadcrumb","itemListElement":[{"@type":"ListItem","position":1,"name":"Anasayfa","item":"https:\/\/newmood.com.tr\/"},{"@type":"ListItem","position":2,"name":"\u00dcr\u00fcnler","item":"https:\/\/newmood.com.tr\/shop\/"},{"@type":"ListItem","position":3,"name":"Toscano Yan Sehpa"}]},{"@type":"WebSite","@id":"https:\/\/newmood.com.tr\/en\/#website","url":"https:\/\/newmood.com.tr\/en\/","name":"Newmood","description":"","potentialAction":[{"@type":"SearchAction","target":{"@type":"EntryPoint","urlTemplate":"https:\/\/newmood.com.tr\/en\/?s={search_term_string}"},"query-input":{"@type":"PropertyValueSpecification","valueRequired":true,"valueName":"search_term_string"}}],"inLanguage":"en-US"}]}},"_links":{"self":[{"href":"https:\/\/newmood.com.tr\/en\/wp-json\/wp\/v2\/product\/1568"}],"collection":[{"href":"https:\/\/newmood.com.tr\/en\/wp-json\/wp\/v2\/product"}],"about":[{"href":"https:\/\/newmood.com.tr\/en\/wp-json\/wp\/v2\/types\/product"}],"replies":[{"embeddable":true,"href":"https:\/\/newmood.com.tr\/en\/wp-json\/wp\/v2\/comments?post=1568"}],"wp:featuredmedia":[{"embeddable":true,"href":"https:\/\/newmood.com.tr\/en\/wp-json\/wp\/v2\/media\/1569"}],"wp:attachment":[{"href":"https:\/\/newmood.com.tr\/en\/wp-json\/wp\/v2\/media?parent=1568"}],"wp:term":[{"taxonomy":"product_brand","embeddable":true,"href":"https:\/\/newmood.com.tr\/en\/wp-json\/wp\/v2\/product_brand?post=1568"},{"taxonomy":"product_cat","embeddable":true,"href":"https:\/\/newmood.com.tr\/en\/wp-json\/wp\/v2\/product_cat?post=1568"},{"taxonomy":"product_tag","embeddable":true,"href":"https:\/\/newmood.com.tr\/en\/wp-json\/wp\/v2\/product_tag?post=1568"}],"curies":[{"name":"wp","href":"https:\/\/api.w.org\/{rel}","templated":true}]}}