{"id":1558,"date":"2024-09-16T12:34:56","date_gmt":"2024-09-16T12:34:56","guid":{"rendered":"https:\/\/newmood.kodektif.com\/?post_type=product&#038;p=1558"},"modified":"2024-09-16T12:34:56","modified_gmt":"2024-09-16T12:34:56","slug":"nirvana-modern-orta-sehpa","status":"publish","type":"product","link":"https:\/\/newmood.com.tr\/en\/nirvana-modern-orta-sehpa\/","title":{"rendered":"Nirvana Modern Coffee Table"},"content":{"rendered":"","protected":false},"excerpt":{"rendered":"<p>Nirvana Modern Orta Sehpa, modern ve zarif \u00e7izgileriyle ya\u015fam alan\u0131n\u0131za \u015f\u0131kl\u0131k getiriyor. G\u00f6z al\u0131c\u0131 tasar\u0131m\u0131, sade ama sofistike detaylar\u0131yla her dekorasyon tarz\u0131na uyum sa\u011flar. Geni\u015f y\u00fczeyi, hem i\u015flevsel kullan\u0131m hem de dekoratif objeler i\u00e7in ideal bir alan sunarken, dengeli yap\u0131s\u0131yla konfor ve esteti\u011fi bir arada sunar.<\/p>","protected":false},"featured_media":1559,"comment_status":"open","ping_status":"closed","template":"","meta":[],"product_brand":[],"product_cat":[15,22,26],"product_tag":[],"class_list":{"0":"post-1558","1":"product","2":"type-product","3":"status-publish","4":"has-post-thumbnail","6":"product_cat-urunler","7":"product_cat-sehpalar","8":"product_cat-tamamlayicilar","10":"first","11":"instock","12":"shipping-taxable","13":"product-type-simple"},"yoast_head":"<!-- This site is optimized with the Yoast SEO plugin v24.9 - https:\/\/yoast.com\/wordpress\/plugins\/seo\/ -->\n<title>Nirvana Modern Orta Sehpa - Newmood<\/title>\n<meta name=\"robots\" content=\"index, follow, max-snippet:-1, max-image-preview:large, max-video-preview:-1\" \/>\n<link rel=\"canonical\" href=\"https:\/\/newmood.com.tr\/en\/nirvana-modern-orta-sehpa\/\" \/>\n<meta property=\"og:locale\" content=\"en_US\" \/>\n<meta property=\"og:type\" content=\"article\" \/>\n<meta property=\"og:title\" content=\"Nirvana Modern Orta Sehpa - Newmood\" \/>\n<meta property=\"og:description\" content=\"Nirvana Modern Orta Sehpa, modern ve zarif \u00e7izgileriyle ya\u015fam alan\u0131n\u0131za \u015f\u0131kl\u0131k getiriyor. G\u00f6z al\u0131c\u0131 tasar\u0131m\u0131, sade ama sofistike detaylar\u0131yla her dekorasyon tarz\u0131na uyum sa\u011flar. Geni\u015f y\u00fczeyi, hem i\u015flevsel kullan\u0131m hem de dekoratif objeler i\u00e7in ideal bir alan sunarken, dengeli yap\u0131s\u0131yla konfor ve esteti\u011fi bir arada sunar.\" \/>\n<meta property=\"og:url\" content=\"https:\/\/newmood.com.tr\/en\/nirvana-modern-orta-sehpa\/\" \/>\n<meta property=\"og:site_name\" content=\"Newmood\" \/>\n<meta property=\"og:image\" content=\"https:\/\/newmood.com.tr\/wp-content\/uploads\/2024\/09\/nirvana-modern-orta-sehpa-160924-1.jpg\" \/>\n\t<meta property=\"og:image:width\" content=\"1920\" \/>\n\t<meta property=\"og:image:height\" content=\"1200\" \/>\n\t<meta property=\"og:image:type\" content=\"image\/jpeg\" \/>\n<meta name=\"twitter:card\" content=\"summary_large_image\" \/>\n<script type=\"application\/ld+json\" class=\"yoast-schema-graph\">{\"@context\":\"https:\/\/schema.org\",\"@graph\":[{\"@type\":\"WebPage\",\"@id\":\"https:\/\/newmood.com.tr\/en\/nirvana-modern-orta-sehpa\/\",\"url\":\"https:\/\/newmood.com.tr\/en\/nirvana-modern-orta-sehpa\/\",\"name\":\"Nirvana Modern Orta Sehpa - Newmood\",\"isPartOf\":{\"@id\":\"https:\/\/newmood.com.tr\/en\/#website\"},\"primaryImageOfPage\":{\"@id\":\"https:\/\/newmood.com.tr\/en\/nirvana-modern-orta-sehpa\/#primaryimage\"},\"image\":{\"@id\":\"https:\/\/newmood.com.tr\/en\/nirvana-modern-orta-sehpa\/#primaryimage\"},\"thumbnailUrl\":\"https:\/\/newmood.com.tr\/wp-content\/uploads\/2024\/09\/nirvana-modern-orta-sehpa-160924-1.jpg\",\"datePublished\":\"2024-09-16T12:34:56+00:00\",\"breadcrumb\":{\"@id\":\"https:\/\/newmood.com.tr\/en\/nirvana-modern-orta-sehpa\/#breadcrumb\"},\"inLanguage\":\"en-US\",\"potentialAction\":[{\"@type\":\"ReadAction\",\"target\":[\"https:\/\/newmood.com.tr\/en\/nirvana-modern-orta-sehpa\/\"]}]},{\"@type\":\"ImageObject\",\"inLanguage\":\"en-US\",\"@id\":\"https:\/\/newmood.com.tr\/en\/nirvana-modern-orta-sehpa\/#primaryimage\",\"url\":\"https:\/\/newmood.com.tr\/wp-content\/uploads\/2024\/09\/nirvana-modern-orta-sehpa-160924-1.jpg\",\"contentUrl\":\"https:\/\/newmood.com.tr\/wp-content\/uploads\/2024\/09\/nirvana-modern-orta-sehpa-160924-1.jpg\",\"width\":1920,\"height\":1200},{\"@type\":\"BreadcrumbList\",\"@id\":\"https:\/\/newmood.com.tr\/en\/nirvana-modern-orta-sehpa\/#breadcrumb\",\"itemListElement\":[{\"@type\":\"ListItem\",\"position\":1,\"name\":\"Anasayfa\",\"item\":\"https:\/\/newmood.com.tr\/\"},{\"@type\":\"ListItem\",\"position\":2,\"name\":\"\u00dcr\u00fcnler\",\"item\":\"https:\/\/newmood.com.tr\/shop\/\"},{\"@type\":\"ListItem\",\"position\":3,\"name\":\"Nirvana Modern Orta Sehpa\"}]},{\"@type\":\"WebSite\",\"@id\":\"https:\/\/newmood.com.tr\/en\/#website\",\"url\":\"https:\/\/newmood.com.tr\/en\/\",\"name\":\"Newmood\",\"description\":\"\",\"potentialAction\":[{\"@type\":\"SearchAction\",\"target\":{\"@type\":\"EntryPoint\",\"urlTemplate\":\"https:\/\/newmood.com.tr\/en\/?s={search_term_string}\"},\"query-input\":{\"@type\":\"PropertyValueSpecification\",\"valueRequired\":true,\"valueName\":\"search_term_string\"}}],\"inLanguage\":\"en-US\"}]}<\/script>\n<!-- \/ Yoast SEO plugin. -->","yoast_head_json":{"title":"Nirvana Modern Orta Sehpa - Newmood","robots":{"index":"index","follow":"follow","max-snippet":"max-snippet:-1","max-image-preview":"max-image-preview:large","max-video-preview":"max-video-preview:-1"},"canonical":"https:\/\/newmood.com.tr\/en\/nirvana-modern-orta-sehpa\/","og_locale":"en_US","og_type":"article","og_title":"Nirvana Modern Orta Sehpa - Newmood","og_description":"Nirvana Modern Orta Sehpa, modern ve zarif \u00e7izgileriyle ya\u015fam alan\u0131n\u0131za \u015f\u0131kl\u0131k getiriyor. G\u00f6z al\u0131c\u0131 tasar\u0131m\u0131, sade ama sofistike detaylar\u0131yla her dekorasyon tarz\u0131na uyum sa\u011flar. Geni\u015f y\u00fczeyi, hem i\u015flevsel kullan\u0131m hem de dekoratif objeler i\u00e7in ideal bir alan sunarken, dengeli yap\u0131s\u0131yla konfor ve esteti\u011fi bir arada sunar.","og_url":"https:\/\/newmood.com.tr\/en\/nirvana-modern-orta-sehpa\/","og_site_name":"Newmood","og_image":[{"width":1920,"height":1200,"url":"https:\/\/newmood.com.tr\/wp-content\/uploads\/2024\/09\/nirvana-modern-orta-sehpa-160924-1.jpg","type":"image\/jpeg"}],"twitter_card":"summary_large_image","schema":{"@context":"https:\/\/schema.org","@graph":[{"@type":"WebPage","@id":"https:\/\/newmood.com.tr\/en\/nirvana-modern-orta-sehpa\/","url":"https:\/\/newmood.com.tr\/en\/nirvana-modern-orta-sehpa\/","name":"Nirvana Modern Orta Sehpa - Newmood","isPartOf":{"@id":"https:\/\/newmood.com.tr\/en\/#website"},"primaryImageOfPage":{"@id":"https:\/\/newmood.com.tr\/en\/nirvana-modern-orta-sehpa\/#primaryimage"},"image":{"@id":"https:\/\/newmood.com.tr\/en\/nirvana-modern-orta-sehpa\/#primaryimage"},"thumbnailUrl":"https:\/\/newmood.com.tr\/wp-content\/uploads\/2024\/09\/nirvana-modern-orta-sehpa-160924-1.jpg","datePublished":"2024-09-16T12:34:56+00:00","breadcrumb":{"@id":"https:\/\/newmood.com.tr\/en\/nirvana-modern-orta-sehpa\/#breadcrumb"},"inLanguage":"en-US","potentialAction":[{"@type":"ReadAction","target":["https:\/\/newmood.com.tr\/en\/nirvana-modern-orta-sehpa\/"]}]},{"@type":"ImageObject","inLanguage":"en-US","@id":"https:\/\/newmood.com.tr\/en\/nirvana-modern-orta-sehpa\/#primaryimage","url":"https:\/\/newmood.com.tr\/wp-content\/uploads\/2024\/09\/nirvana-modern-orta-sehpa-160924-1.jpg","contentUrl":"https:\/\/newmood.com.tr\/wp-content\/uploads\/2024\/09\/nirvana-modern-orta-sehpa-160924-1.jpg","width":1920,"height":1200},{"@type":"BreadcrumbList","@id":"https:\/\/newmood.com.tr\/en\/nirvana-modern-orta-sehpa\/#breadcrumb","itemListElement":[{"@type":"ListItem","position":1,"name":"Anasayfa","item":"https:\/\/newmood.com.tr\/"},{"@type":"ListItem","position":2,"name":"\u00dcr\u00fcnler","item":"https:\/\/newmood.com.tr\/shop\/"},{"@type":"ListItem","position":3,"name":"Nirvana Modern Orta Sehpa"}]},{"@type":"WebSite","@id":"https:\/\/newmood.com.tr\/en\/#website","url":"https:\/\/newmood.com.tr\/en\/","name":"Newmood","description":"","potentialAction":[{"@type":"SearchAction","target":{"@type":"EntryPoint","urlTemplate":"https:\/\/newmood.com.tr\/en\/?s={search_term_string}"},"query-input":{"@type":"PropertyValueSpecification","valueRequired":true,"valueName":"search_term_string"}}],"inLanguage":"en-US"}]}},"_links":{"self":[{"href":"https:\/\/newmood.com.tr\/en\/wp-json\/wp\/v2\/product\/1558"}],"collection":[{"href":"https:\/\/newmood.com.tr\/en\/wp-json\/wp\/v2\/product"}],"about":[{"href":"https:\/\/newmood.com.tr\/en\/wp-json\/wp\/v2\/types\/product"}],"replies":[{"embeddable":true,"href":"https:\/\/newmood.com.tr\/en\/wp-json\/wp\/v2\/comments?post=1558"}],"wp:featuredmedia":[{"embeddable":true,"href":"https:\/\/newmood.com.tr\/en\/wp-json\/wp\/v2\/media\/1559"}],"wp:attachment":[{"href":"https:\/\/newmood.com.tr\/en\/wp-json\/wp\/v2\/media?parent=1558"}],"wp:term":[{"taxonomy":"product_brand","embeddable":true,"href":"https:\/\/newmood.com.tr\/en\/wp-json\/wp\/v2\/product_brand?post=1558"},{"taxonomy":"product_cat","embeddable":true,"href":"https:\/\/newmood.com.tr\/en\/wp-json\/wp\/v2\/product_cat?post=1558"},{"taxonomy":"product_tag","embeddable":true,"href":"https:\/\/newmood.com.tr\/en\/wp-json\/wp\/v2\/product_tag?post=1558"}],"curies":[{"name":"wp","href":"https:\/\/api.w.org\/{rel}","templated":true}]}}