{"id":1541,"date":"2024-09-14T16:15:19","date_gmt":"2024-09-14T16:15:19","guid":{"rendered":"https:\/\/newmood.kodektif.com\/?post_type=product&#038;p=1541"},"modified":"2024-10-30T13:15:06","modified_gmt":"2024-10-30T13:15:06","slug":"colmar-orta-sehpa","status":"publish","type":"product","link":"https:\/\/newmood.com.tr\/en\/colmar-orta-sehpa\/","title":{"rendered":"Colmar Coffee Table"},"content":{"rendered":"","protected":false},"excerpt":{"rendered":"<p>Colmar Coffee Table adds elegance to your living area with its elegant and modern design. With its natural wood texture and minimalist lines, this coffee table adapts to every decoration style and creates an aesthetic center point. While its large surface offers a functional area for daily use, its solid structure ensures long-lasting use.<\/p>","protected":false},"featured_media":1542,"comment_status":"open","ping_status":"closed","template":"","meta":[],"product_brand":[],"product_cat":[15,22,26],"product_tag":[],"class_list":{"0":"post-1541","1":"product","2":"type-product","3":"status-publish","4":"has-post-thumbnail","6":"product_cat-urunler","7":"product_cat-sehpalar","8":"product_cat-tamamlayicilar","10":"first","11":"instock","12":"shipping-taxable","13":"product-type-simple"},"yoast_head":"<!-- This site is optimized with the Yoast SEO plugin v24.9 - https:\/\/yoast.com\/wordpress\/plugins\/seo\/ -->\n<title>Colmar Orta Sehpa - Newmood<\/title>\n<meta name=\"robots\" content=\"index, follow, max-snippet:-1, max-image-preview:large, max-video-preview:-1\" \/>\n<link rel=\"canonical\" href=\"https:\/\/newmood.com.tr\/en\/colmar-orta-sehpa\/\" \/>\n<meta property=\"og:locale\" content=\"en_US\" \/>\n<meta property=\"og:type\" content=\"article\" \/>\n<meta property=\"og:title\" content=\"Colmar Orta Sehpa - Newmood\" \/>\n<meta property=\"og:description\" content=\"Colmar Orta Sehpa, zarif ve modern tasar\u0131m\u0131yla oturma alan\u0131n\u0131za \u015f\u0131kl\u0131k kat\u0131yor. Do\u011fal ah\u015fap dokusu ve minimalist \u00e7izgileriyle, her dekorasyon stiline uyum sa\u011flayan bu sehpa, estetik bir merkez noktas\u0131 olu\u015fturur. Geni\u015f y\u00fczeyi, g\u00fcnl\u00fck kullan\u0131m i\u00e7in i\u015flevsel bir alan sunarken, sa\u011flam yap\u0131s\u0131 uzun \u00f6m\u00fcrl\u00fc kullan\u0131m sa\u011flar.\" \/>\n<meta property=\"og:url\" content=\"https:\/\/newmood.com.tr\/en\/colmar-orta-sehpa\/\" \/>\n<meta property=\"og:site_name\" content=\"Newmood\" \/>\n<meta property=\"article:modified_time\" content=\"2024-10-30T13:15:06+00:00\" \/>\n<meta property=\"og:image\" content=\"https:\/\/newmood.com.tr\/wp-content\/uploads\/2024\/09\/colmar-orta-sehpa-140924-2.jpg\" \/>\n\t<meta property=\"og:image:width\" content=\"1920\" \/>\n\t<meta property=\"og:image:height\" content=\"1200\" \/>\n\t<meta property=\"og:image:type\" content=\"image\/jpeg\" \/>\n<meta name=\"twitter:card\" content=\"summary_large_image\" \/>\n<script type=\"application\/ld+json\" class=\"yoast-schema-graph\">{\"@context\":\"https:\/\/schema.org\",\"@graph\":[{\"@type\":\"WebPage\",\"@id\":\"https:\/\/newmood.com.tr\/en\/colmar-orta-sehpa\/\",\"url\":\"https:\/\/newmood.com.tr\/en\/colmar-orta-sehpa\/\",\"name\":\"Colmar Orta Sehpa - Newmood\",\"isPartOf\":{\"@id\":\"https:\/\/newmood.com.tr\/en\/#website\"},\"primaryImageOfPage\":{\"@id\":\"https:\/\/newmood.com.tr\/en\/colmar-orta-sehpa\/#primaryimage\"},\"image\":{\"@id\":\"https:\/\/newmood.com.tr\/en\/colmar-orta-sehpa\/#primaryimage\"},\"thumbnailUrl\":\"https:\/\/newmood.com.tr\/wp-content\/uploads\/2024\/09\/colmar-orta-sehpa-140924-2.jpg\",\"datePublished\":\"2024-09-14T16:15:19+00:00\",\"dateModified\":\"2024-10-30T13:15:06+00:00\",\"breadcrumb\":{\"@id\":\"https:\/\/newmood.com.tr\/en\/colmar-orta-sehpa\/#breadcrumb\"},\"inLanguage\":\"en-US\",\"potentialAction\":[{\"@type\":\"ReadAction\",\"target\":[\"https:\/\/newmood.com.tr\/en\/colmar-orta-sehpa\/\"]}]},{\"@type\":\"ImageObject\",\"inLanguage\":\"en-US\",\"@id\":\"https:\/\/newmood.com.tr\/en\/colmar-orta-sehpa\/#primaryimage\",\"url\":\"https:\/\/newmood.com.tr\/wp-content\/uploads\/2024\/09\/colmar-orta-sehpa-140924-2.jpg\",\"contentUrl\":\"https:\/\/newmood.com.tr\/wp-content\/uploads\/2024\/09\/colmar-orta-sehpa-140924-2.jpg\",\"width\":1920,\"height\":1200},{\"@type\":\"BreadcrumbList\",\"@id\":\"https:\/\/newmood.com.tr\/en\/colmar-orta-sehpa\/#breadcrumb\",\"itemListElement\":[{\"@type\":\"ListItem\",\"position\":1,\"name\":\"Anasayfa\",\"item\":\"https:\/\/newmood.com.tr\/\"},{\"@type\":\"ListItem\",\"position\":2,\"name\":\"\u00dcr\u00fcnler\",\"item\":\"https:\/\/newmood.com.tr\/shop\/\"},{\"@type\":\"ListItem\",\"position\":3,\"name\":\"Colmar Orta Sehpa\"}]},{\"@type\":\"WebSite\",\"@id\":\"https:\/\/newmood.com.tr\/en\/#website\",\"url\":\"https:\/\/newmood.com.tr\/en\/\",\"name\":\"Newmood\",\"description\":\"\",\"potentialAction\":[{\"@type\":\"SearchAction\",\"target\":{\"@type\":\"EntryPoint\",\"urlTemplate\":\"https:\/\/newmood.com.tr\/en\/?s={search_term_string}\"},\"query-input\":{\"@type\":\"PropertyValueSpecification\",\"valueRequired\":true,\"valueName\":\"search_term_string\"}}],\"inLanguage\":\"en-US\"}]}<\/script>\n<!-- \/ Yoast SEO plugin. -->","yoast_head_json":{"title":"Colmar Orta Sehpa - Newmood","robots":{"index":"index","follow":"follow","max-snippet":"max-snippet:-1","max-image-preview":"max-image-preview:large","max-video-preview":"max-video-preview:-1"},"canonical":"https:\/\/newmood.com.tr\/en\/colmar-orta-sehpa\/","og_locale":"en_US","og_type":"article","og_title":"Colmar Orta Sehpa - Newmood","og_description":"Colmar Orta Sehpa, zarif ve modern tasar\u0131m\u0131yla oturma alan\u0131n\u0131za \u015f\u0131kl\u0131k kat\u0131yor. Do\u011fal ah\u015fap dokusu ve minimalist \u00e7izgileriyle, her dekorasyon stiline uyum sa\u011flayan bu sehpa, estetik bir merkez noktas\u0131 olu\u015fturur. Geni\u015f y\u00fczeyi, g\u00fcnl\u00fck kullan\u0131m i\u00e7in i\u015flevsel bir alan sunarken, sa\u011flam yap\u0131s\u0131 uzun \u00f6m\u00fcrl\u00fc kullan\u0131m sa\u011flar.","og_url":"https:\/\/newmood.com.tr\/en\/colmar-orta-sehpa\/","og_site_name":"Newmood","article_modified_time":"2024-10-30T13:15:06+00:00","og_image":[{"width":1920,"height":1200,"url":"https:\/\/newmood.com.tr\/wp-content\/uploads\/2024\/09\/colmar-orta-sehpa-140924-2.jpg","type":"image\/jpeg"}],"twitter_card":"summary_large_image","schema":{"@context":"https:\/\/schema.org","@graph":[{"@type":"WebPage","@id":"https:\/\/newmood.com.tr\/en\/colmar-orta-sehpa\/","url":"https:\/\/newmood.com.tr\/en\/colmar-orta-sehpa\/","name":"Colmar Orta Sehpa - Newmood","isPartOf":{"@id":"https:\/\/newmood.com.tr\/en\/#website"},"primaryImageOfPage":{"@id":"https:\/\/newmood.com.tr\/en\/colmar-orta-sehpa\/#primaryimage"},"image":{"@id":"https:\/\/newmood.com.tr\/en\/colmar-orta-sehpa\/#primaryimage"},"thumbnailUrl":"https:\/\/newmood.com.tr\/wp-content\/uploads\/2024\/09\/colmar-orta-sehpa-140924-2.jpg","datePublished":"2024-09-14T16:15:19+00:00","dateModified":"2024-10-30T13:15:06+00:00","breadcrumb":{"@id":"https:\/\/newmood.com.tr\/en\/colmar-orta-sehpa\/#breadcrumb"},"inLanguage":"en-US","potentialAction":[{"@type":"ReadAction","target":["https:\/\/newmood.com.tr\/en\/colmar-orta-sehpa\/"]}]},{"@type":"ImageObject","inLanguage":"en-US","@id":"https:\/\/newmood.com.tr\/en\/colmar-orta-sehpa\/#primaryimage","url":"https:\/\/newmood.com.tr\/wp-content\/uploads\/2024\/09\/colmar-orta-sehpa-140924-2.jpg","contentUrl":"https:\/\/newmood.com.tr\/wp-content\/uploads\/2024\/09\/colmar-orta-sehpa-140924-2.jpg","width":1920,"height":1200},{"@type":"BreadcrumbList","@id":"https:\/\/newmood.com.tr\/en\/colmar-orta-sehpa\/#breadcrumb","itemListElement":[{"@type":"ListItem","position":1,"name":"Anasayfa","item":"https:\/\/newmood.com.tr\/"},{"@type":"ListItem","position":2,"name":"\u00dcr\u00fcnler","item":"https:\/\/newmood.com.tr\/shop\/"},{"@type":"ListItem","position":3,"name":"Colmar Orta Sehpa"}]},{"@type":"WebSite","@id":"https:\/\/newmood.com.tr\/en\/#website","url":"https:\/\/newmood.com.tr\/en\/","name":"Newmood","description":"","potentialAction":[{"@type":"SearchAction","target":{"@type":"EntryPoint","urlTemplate":"https:\/\/newmood.com.tr\/en\/?s={search_term_string}"},"query-input":{"@type":"PropertyValueSpecification","valueRequired":true,"valueName":"search_term_string"}}],"inLanguage":"en-US"}]}},"_links":{"self":[{"href":"https:\/\/newmood.com.tr\/en\/wp-json\/wp\/v2\/product\/1541"}],"collection":[{"href":"https:\/\/newmood.com.tr\/en\/wp-json\/wp\/v2\/product"}],"about":[{"href":"https:\/\/newmood.com.tr\/en\/wp-json\/wp\/v2\/types\/product"}],"replies":[{"embeddable":true,"href":"https:\/\/newmood.com.tr\/en\/wp-json\/wp\/v2\/comments?post=1541"}],"wp:featuredmedia":[{"embeddable":true,"href":"https:\/\/newmood.com.tr\/en\/wp-json\/wp\/v2\/media\/1542"}],"wp:attachment":[{"href":"https:\/\/newmood.com.tr\/en\/wp-json\/wp\/v2\/media?parent=1541"}],"wp:term":[{"taxonomy":"product_brand","embeddable":true,"href":"https:\/\/newmood.com.tr\/en\/wp-json\/wp\/v2\/product_brand?post=1541"},{"taxonomy":"product_cat","embeddable":true,"href":"https:\/\/newmood.com.tr\/en\/wp-json\/wp\/v2\/product_cat?post=1541"},{"taxonomy":"product_tag","embeddable":true,"href":"https:\/\/newmood.com.tr\/en\/wp-json\/wp\/v2\/product_tag?post=1541"}],"curies":[{"name":"wp","href":"https:\/\/api.w.org\/{rel}","templated":true}]}}