{"id":1531,"date":"2024-09-14T15:25:28","date_gmt":"2024-09-14T15:25:28","guid":{"rendered":"https:\/\/newmood.kodektif.com\/?post_type=product&#038;p=1531"},"modified":"2024-09-14T15:25:28","modified_gmt":"2024-09-14T15:25:28","slug":"toscano-berjer","status":"publish","type":"product","link":"https:\/\/newmood.com.tr\/en\/toscano-berjer\/","title":{"rendered":"Toscano Armchair"},"content":{"rendered":"","protected":false},"excerpt":{"rendered":"<p>Toscano Armchair attracts attention with its sophisticated design and high comfort. It takes the sitting experience to the next level with its soft fabric covering, wide seating area and supportive back structure. Elegant details designed with fine workmanship make the armchair both aesthetic and functional. Combining modern and classic lines, Toscano Armchair adds elegance to your living space with its elegant legs and durable structure.<\/p>","protected":false},"featured_media":1532,"comment_status":"open","ping_status":"closed","template":"","meta":[],"product_brand":[],"product_cat":[15,19],"product_tag":[],"class_list":{"0":"post-1531","1":"product","2":"type-product","3":"status-publish","4":"has-post-thumbnail","6":"product_cat-urunler","7":"product_cat-berjerler","9":"first","10":"instock","11":"shipping-taxable","12":"product-type-simple"},"yoast_head":"<!-- This site is optimized with the Yoast SEO plugin v24.9 - https:\/\/yoast.com\/wordpress\/plugins\/seo\/ -->\n<title>Toscano Berjer - Newmood<\/title>\n<meta name=\"robots\" content=\"index, follow, max-snippet:-1, max-image-preview:large, max-video-preview:-1\" \/>\n<link rel=\"canonical\" href=\"https:\/\/newmood.com.tr\/en\/toscano-berjer\/\" \/>\n<meta property=\"og:locale\" content=\"en_US\" \/>\n<meta property=\"og:type\" content=\"article\" \/>\n<meta property=\"og:title\" content=\"Toscano Berjer - Newmood\" \/>\n<meta property=\"og:description\" content=\"Toscano Berjer, sofistike tasar\u0131m\u0131 ve y\u00fcksek konforuyla dikkat \u00e7eker. Yumu\u015fak kuma\u015f kaplamas\u0131, geni\u015f oturma alan\u0131 ve destekleyici s\u0131rt yap\u0131s\u0131 ile oturma deneyimini bir \u00fcst seviyeye ta\u015f\u0131r. \u0130nce i\u015f\u00e7ilikle tasarlanm\u0131\u015f zarif detaylar\u0131, berjeri hem estetik hem de fonksiyonel k\u0131lar. Modern ve klasik \u00e7izgileri bir araya getiren Toscano Berjer, zarif ayaklar\u0131 ve dayan\u0131kl\u0131 yap\u0131s\u0131yla ya\u015fam alan\u0131n\u0131za \u015f\u0131kl\u0131k katar.\" \/>\n<meta property=\"og:url\" content=\"https:\/\/newmood.com.tr\/en\/toscano-berjer\/\" \/>\n<meta property=\"og:site_name\" content=\"Newmood\" \/>\n<meta property=\"og:image\" content=\"https:\/\/newmood.com.tr\/wp-content\/uploads\/2024\/09\/toscano-berjer-140924-1.jpg\" \/>\n\t<meta property=\"og:image:width\" content=\"1920\" \/>\n\t<meta property=\"og:image:height\" content=\"1200\" \/>\n\t<meta property=\"og:image:type\" content=\"image\/jpeg\" \/>\n<meta name=\"twitter:card\" content=\"summary_large_image\" \/>\n<script type=\"application\/ld+json\" class=\"yoast-schema-graph\">{\"@context\":\"https:\/\/schema.org\",\"@graph\":[{\"@type\":\"WebPage\",\"@id\":\"https:\/\/newmood.com.tr\/en\/toscano-berjer\/\",\"url\":\"https:\/\/newmood.com.tr\/en\/toscano-berjer\/\",\"name\":\"Toscano Berjer - Newmood\",\"isPartOf\":{\"@id\":\"https:\/\/newmood.com.tr\/en\/#website\"},\"primaryImageOfPage\":{\"@id\":\"https:\/\/newmood.com.tr\/en\/toscano-berjer\/#primaryimage\"},\"image\":{\"@id\":\"https:\/\/newmood.com.tr\/en\/toscano-berjer\/#primaryimage\"},\"thumbnailUrl\":\"https:\/\/newmood.com.tr\/wp-content\/uploads\/2024\/09\/toscano-berjer-140924-1.jpg\",\"datePublished\":\"2024-09-14T15:25:28+00:00\",\"breadcrumb\":{\"@id\":\"https:\/\/newmood.com.tr\/en\/toscano-berjer\/#breadcrumb\"},\"inLanguage\":\"en-US\",\"potentialAction\":[{\"@type\":\"ReadAction\",\"target\":[\"https:\/\/newmood.com.tr\/en\/toscano-berjer\/\"]}]},{\"@type\":\"ImageObject\",\"inLanguage\":\"en-US\",\"@id\":\"https:\/\/newmood.com.tr\/en\/toscano-berjer\/#primaryimage\",\"url\":\"https:\/\/newmood.com.tr\/wp-content\/uploads\/2024\/09\/toscano-berjer-140924-1.jpg\",\"contentUrl\":\"https:\/\/newmood.com.tr\/wp-content\/uploads\/2024\/09\/toscano-berjer-140924-1.jpg\",\"width\":1920,\"height\":1200},{\"@type\":\"BreadcrumbList\",\"@id\":\"https:\/\/newmood.com.tr\/en\/toscano-berjer\/#breadcrumb\",\"itemListElement\":[{\"@type\":\"ListItem\",\"position\":1,\"name\":\"Anasayfa\",\"item\":\"https:\/\/newmood.com.tr\/\"},{\"@type\":\"ListItem\",\"position\":2,\"name\":\"\u00dcr\u00fcnler\",\"item\":\"https:\/\/newmood.com.tr\/shop\/\"},{\"@type\":\"ListItem\",\"position\":3,\"name\":\"Toscano Berjer\"}]},{\"@type\":\"WebSite\",\"@id\":\"https:\/\/newmood.com.tr\/en\/#website\",\"url\":\"https:\/\/newmood.com.tr\/en\/\",\"name\":\"Newmood\",\"description\":\"\",\"potentialAction\":[{\"@type\":\"SearchAction\",\"target\":{\"@type\":\"EntryPoint\",\"urlTemplate\":\"https:\/\/newmood.com.tr\/en\/?s={search_term_string}\"},\"query-input\":{\"@type\":\"PropertyValueSpecification\",\"valueRequired\":true,\"valueName\":\"search_term_string\"}}],\"inLanguage\":\"en-US\"}]}<\/script>\n<!-- \/ Yoast SEO plugin. -->","yoast_head_json":{"title":"Toscano Berjer - Newmood","robots":{"index":"index","follow":"follow","max-snippet":"max-snippet:-1","max-image-preview":"max-image-preview:large","max-video-preview":"max-video-preview:-1"},"canonical":"https:\/\/newmood.com.tr\/en\/toscano-berjer\/","og_locale":"en_US","og_type":"article","og_title":"Toscano Berjer - Newmood","og_description":"Toscano Berjer, sofistike tasar\u0131m\u0131 ve y\u00fcksek konforuyla dikkat \u00e7eker. Yumu\u015fak kuma\u015f kaplamas\u0131, geni\u015f oturma alan\u0131 ve destekleyici s\u0131rt yap\u0131s\u0131 ile oturma deneyimini bir \u00fcst seviyeye ta\u015f\u0131r. \u0130nce i\u015f\u00e7ilikle tasarlanm\u0131\u015f zarif detaylar\u0131, berjeri hem estetik hem de fonksiyonel k\u0131lar. Modern ve klasik \u00e7izgileri bir araya getiren Toscano Berjer, zarif ayaklar\u0131 ve dayan\u0131kl\u0131 yap\u0131s\u0131yla ya\u015fam alan\u0131n\u0131za \u015f\u0131kl\u0131k katar.","og_url":"https:\/\/newmood.com.tr\/en\/toscano-berjer\/","og_site_name":"Newmood","og_image":[{"width":1920,"height":1200,"url":"https:\/\/newmood.com.tr\/wp-content\/uploads\/2024\/09\/toscano-berjer-140924-1.jpg","type":"image\/jpeg"}],"twitter_card":"summary_large_image","schema":{"@context":"https:\/\/schema.org","@graph":[{"@type":"WebPage","@id":"https:\/\/newmood.com.tr\/en\/toscano-berjer\/","url":"https:\/\/newmood.com.tr\/en\/toscano-berjer\/","name":"Toscano Berjer - Newmood","isPartOf":{"@id":"https:\/\/newmood.com.tr\/en\/#website"},"primaryImageOfPage":{"@id":"https:\/\/newmood.com.tr\/en\/toscano-berjer\/#primaryimage"},"image":{"@id":"https:\/\/newmood.com.tr\/en\/toscano-berjer\/#primaryimage"},"thumbnailUrl":"https:\/\/newmood.com.tr\/wp-content\/uploads\/2024\/09\/toscano-berjer-140924-1.jpg","datePublished":"2024-09-14T15:25:28+00:00","breadcrumb":{"@id":"https:\/\/newmood.com.tr\/en\/toscano-berjer\/#breadcrumb"},"inLanguage":"en-US","potentialAction":[{"@type":"ReadAction","target":["https:\/\/newmood.com.tr\/en\/toscano-berjer\/"]}]},{"@type":"ImageObject","inLanguage":"en-US","@id":"https:\/\/newmood.com.tr\/en\/toscano-berjer\/#primaryimage","url":"https:\/\/newmood.com.tr\/wp-content\/uploads\/2024\/09\/toscano-berjer-140924-1.jpg","contentUrl":"https:\/\/newmood.com.tr\/wp-content\/uploads\/2024\/09\/toscano-berjer-140924-1.jpg","width":1920,"height":1200},{"@type":"BreadcrumbList","@id":"https:\/\/newmood.com.tr\/en\/toscano-berjer\/#breadcrumb","itemListElement":[{"@type":"ListItem","position":1,"name":"Anasayfa","item":"https:\/\/newmood.com.tr\/"},{"@type":"ListItem","position":2,"name":"\u00dcr\u00fcnler","item":"https:\/\/newmood.com.tr\/shop\/"},{"@type":"ListItem","position":3,"name":"Toscano Berjer"}]},{"@type":"WebSite","@id":"https:\/\/newmood.com.tr\/en\/#website","url":"https:\/\/newmood.com.tr\/en\/","name":"Newmood","description":"","potentialAction":[{"@type":"SearchAction","target":{"@type":"EntryPoint","urlTemplate":"https:\/\/newmood.com.tr\/en\/?s={search_term_string}"},"query-input":{"@type":"PropertyValueSpecification","valueRequired":true,"valueName":"search_term_string"}}],"inLanguage":"en-US"}]}},"_links":{"self":[{"href":"https:\/\/newmood.com.tr\/en\/wp-json\/wp\/v2\/product\/1531"}],"collection":[{"href":"https:\/\/newmood.com.tr\/en\/wp-json\/wp\/v2\/product"}],"about":[{"href":"https:\/\/newmood.com.tr\/en\/wp-json\/wp\/v2\/types\/product"}],"replies":[{"embeddable":true,"href":"https:\/\/newmood.com.tr\/en\/wp-json\/wp\/v2\/comments?post=1531"}],"wp:featuredmedia":[{"embeddable":true,"href":"https:\/\/newmood.com.tr\/en\/wp-json\/wp\/v2\/media\/1532"}],"wp:attachment":[{"href":"https:\/\/newmood.com.tr\/en\/wp-json\/wp\/v2\/media?parent=1531"}],"wp:term":[{"taxonomy":"product_brand","embeddable":true,"href":"https:\/\/newmood.com.tr\/en\/wp-json\/wp\/v2\/product_brand?post=1531"},{"taxonomy":"product_cat","embeddable":true,"href":"https:\/\/newmood.com.tr\/en\/wp-json\/wp\/v2\/product_cat?post=1531"},{"taxonomy":"product_tag","embeddable":true,"href":"https:\/\/newmood.com.tr\/en\/wp-json\/wp\/v2\/product_tag?post=1531"}],"curies":[{"name":"wp","href":"https:\/\/api.w.org\/{rel}","templated":true}]}}