{"id":1501,"date":"2024-09-14T15:01:51","date_gmt":"2024-09-14T15:01:51","guid":{"rendered":"https:\/\/newmood.kodektif.com\/?post_type=product&#038;p=1501"},"modified":"2024-09-14T15:03:49","modified_gmt":"2024-09-14T15:03:49","slug":"marsala-berjer","status":"publish","type":"product","link":"https:\/\/newmood.com.tr\/en\/marsala-berjer\/","title":{"rendered":"Marsala Armchair"},"content":{"rendered":"","protected":false},"excerpt":{"rendered":"<p>Marsala Armchair brings a sophisticated touch to your living space with its elegant design and luxurious details. Its soft textured fabric and large seating area combine comfort with aesthetics. While its stylish stitching details and high back structure make the sitting experience more comfortable, it adds a contemporary atmosphere to the space with its modern lines. Marsala Armchair is a piece that you can use for many years with its durable structure and is a perfect complement to both living rooms and living rooms.<\/p>","protected":false},"featured_media":1518,"comment_status":"open","ping_status":"closed","template":"","meta":[],"product_brand":[],"product_cat":[15,19],"product_tag":[],"class_list":{"0":"post-1501","1":"product","2":"type-product","3":"status-publish","4":"has-post-thumbnail","6":"product_cat-urunler","7":"product_cat-berjerler","9":"first","10":"instock","11":"shipping-taxable","12":"product-type-simple"},"yoast_head":"<!-- This site is optimized with the Yoast SEO plugin v24.9 - https:\/\/yoast.com\/wordpress\/plugins\/seo\/ -->\n<title>Marsala Berjer - Newmood<\/title>\n<meta name=\"robots\" content=\"index, follow, max-snippet:-1, max-image-preview:large, max-video-preview:-1\" \/>\n<link rel=\"canonical\" href=\"https:\/\/newmood.com.tr\/en\/marsala-berjer\/\" \/>\n<meta property=\"og:locale\" content=\"en_US\" \/>\n<meta property=\"og:type\" content=\"article\" \/>\n<meta property=\"og:title\" content=\"Marsala Berjer - Newmood\" \/>\n<meta property=\"og:description\" content=\"Marsala Berjer, zarif tasar\u0131m\u0131 ve l\u00fcks detaylar\u0131yla ya\u015fam alan\u0131n\u0131za sofistike bir dokunu\u015f getirir. Yumu\u015fak dokulu kuma\u015f\u0131 ve geni\u015f oturma alan\u0131, konforu estetikle bulu\u015fturur. \u015e\u0131k diki\u015f detaylar\u0131 ve y\u00fcksek s\u0131rt yap\u0131s\u0131, oturma deneyimini daha rahat hale getirirken, modern \u00e7izgileriyle de bulundu\u011fu mek\u00e2na \u00e7a\u011fda\u015f bir hava katar. Marsala Berjer, dayan\u0131kl\u0131 yap\u0131s\u0131yla uzun y\u0131llar kullanabilece\u011finiz bir par\u00e7a olup, hem salon hem de oturma odalar\u0131 i\u00e7in m\u00fckemmel bir tamamlay\u0131c\u0131d\u0131r.\" \/>\n<meta property=\"og:url\" content=\"https:\/\/newmood.com.tr\/en\/marsala-berjer\/\" \/>\n<meta property=\"og:site_name\" content=\"Newmood\" \/>\n<meta property=\"article:modified_time\" content=\"2024-09-14T15:03:49+00:00\" \/>\n<meta property=\"og:image\" content=\"https:\/\/newmood.com.tr\/wp-content\/uploads\/2024\/09\/marsala-berjer-140924-1.jpg\" \/>\n\t<meta property=\"og:image:width\" content=\"1920\" \/>\n\t<meta property=\"og:image:height\" content=\"1200\" \/>\n\t<meta property=\"og:image:type\" content=\"image\/jpeg\" \/>\n<meta name=\"twitter:card\" content=\"summary_large_image\" \/>\n<script type=\"application\/ld+json\" class=\"yoast-schema-graph\">{\"@context\":\"https:\/\/schema.org\",\"@graph\":[{\"@type\":\"WebPage\",\"@id\":\"https:\/\/newmood.com.tr\/en\/marsala-berjer\/\",\"url\":\"https:\/\/newmood.com.tr\/en\/marsala-berjer\/\",\"name\":\"Marsala Berjer - Newmood\",\"isPartOf\":{\"@id\":\"https:\/\/newmood.com.tr\/en\/#website\"},\"primaryImageOfPage\":{\"@id\":\"https:\/\/newmood.com.tr\/en\/marsala-berjer\/#primaryimage\"},\"image\":{\"@id\":\"https:\/\/newmood.com.tr\/en\/marsala-berjer\/#primaryimage\"},\"thumbnailUrl\":\"https:\/\/newmood.com.tr\/wp-content\/uploads\/2024\/09\/marsala-berjer-140924-1.jpg\",\"datePublished\":\"2024-09-14T15:01:51+00:00\",\"dateModified\":\"2024-09-14T15:03:49+00:00\",\"breadcrumb\":{\"@id\":\"https:\/\/newmood.com.tr\/en\/marsala-berjer\/#breadcrumb\"},\"inLanguage\":\"en-US\",\"potentialAction\":[{\"@type\":\"ReadAction\",\"target\":[\"https:\/\/newmood.com.tr\/en\/marsala-berjer\/\"]}]},{\"@type\":\"ImageObject\",\"inLanguage\":\"en-US\",\"@id\":\"https:\/\/newmood.com.tr\/en\/marsala-berjer\/#primaryimage\",\"url\":\"https:\/\/newmood.com.tr\/wp-content\/uploads\/2024\/09\/marsala-berjer-140924-1.jpg\",\"contentUrl\":\"https:\/\/newmood.com.tr\/wp-content\/uploads\/2024\/09\/marsala-berjer-140924-1.jpg\",\"width\":1920,\"height\":1200},{\"@type\":\"BreadcrumbList\",\"@id\":\"https:\/\/newmood.com.tr\/en\/marsala-berjer\/#breadcrumb\",\"itemListElement\":[{\"@type\":\"ListItem\",\"position\":1,\"name\":\"Anasayfa\",\"item\":\"https:\/\/newmood.com.tr\/\"},{\"@type\":\"ListItem\",\"position\":2,\"name\":\"\u00dcr\u00fcnler\",\"item\":\"https:\/\/newmood.com.tr\/shop\/\"},{\"@type\":\"ListItem\",\"position\":3,\"name\":\"Marsala Berjer\"}]},{\"@type\":\"WebSite\",\"@id\":\"https:\/\/newmood.com.tr\/en\/#website\",\"url\":\"https:\/\/newmood.com.tr\/en\/\",\"name\":\"Newmood\",\"description\":\"\",\"potentialAction\":[{\"@type\":\"SearchAction\",\"target\":{\"@type\":\"EntryPoint\",\"urlTemplate\":\"https:\/\/newmood.com.tr\/en\/?s={search_term_string}\"},\"query-input\":{\"@type\":\"PropertyValueSpecification\",\"valueRequired\":true,\"valueName\":\"search_term_string\"}}],\"inLanguage\":\"en-US\"}]}<\/script>\n<!-- \/ Yoast SEO plugin. -->","yoast_head_json":{"title":"Marsala Berjer - Newmood","robots":{"index":"index","follow":"follow","max-snippet":"max-snippet:-1","max-image-preview":"max-image-preview:large","max-video-preview":"max-video-preview:-1"},"canonical":"https:\/\/newmood.com.tr\/en\/marsala-berjer\/","og_locale":"en_US","og_type":"article","og_title":"Marsala Berjer - Newmood","og_description":"Marsala Berjer, zarif tasar\u0131m\u0131 ve l\u00fcks detaylar\u0131yla ya\u015fam alan\u0131n\u0131za sofistike bir dokunu\u015f getirir. Yumu\u015fak dokulu kuma\u015f\u0131 ve geni\u015f oturma alan\u0131, konforu estetikle bulu\u015fturur. \u015e\u0131k diki\u015f detaylar\u0131 ve y\u00fcksek s\u0131rt yap\u0131s\u0131, oturma deneyimini daha rahat hale getirirken, modern \u00e7izgileriyle de bulundu\u011fu mek\u00e2na \u00e7a\u011fda\u015f bir hava katar. Marsala Berjer, dayan\u0131kl\u0131 yap\u0131s\u0131yla uzun y\u0131llar kullanabilece\u011finiz bir par\u00e7a olup, hem salon hem de oturma odalar\u0131 i\u00e7in m\u00fckemmel bir tamamlay\u0131c\u0131d\u0131r.","og_url":"https:\/\/newmood.com.tr\/en\/marsala-berjer\/","og_site_name":"Newmood","article_modified_time":"2024-09-14T15:03:49+00:00","og_image":[{"width":1920,"height":1200,"url":"https:\/\/newmood.com.tr\/wp-content\/uploads\/2024\/09\/marsala-berjer-140924-1.jpg","type":"image\/jpeg"}],"twitter_card":"summary_large_image","schema":{"@context":"https:\/\/schema.org","@graph":[{"@type":"WebPage","@id":"https:\/\/newmood.com.tr\/en\/marsala-berjer\/","url":"https:\/\/newmood.com.tr\/en\/marsala-berjer\/","name":"Marsala Berjer - Newmood","isPartOf":{"@id":"https:\/\/newmood.com.tr\/en\/#website"},"primaryImageOfPage":{"@id":"https:\/\/newmood.com.tr\/en\/marsala-berjer\/#primaryimage"},"image":{"@id":"https:\/\/newmood.com.tr\/en\/marsala-berjer\/#primaryimage"},"thumbnailUrl":"https:\/\/newmood.com.tr\/wp-content\/uploads\/2024\/09\/marsala-berjer-140924-1.jpg","datePublished":"2024-09-14T15:01:51+00:00","dateModified":"2024-09-14T15:03:49+00:00","breadcrumb":{"@id":"https:\/\/newmood.com.tr\/en\/marsala-berjer\/#breadcrumb"},"inLanguage":"en-US","potentialAction":[{"@type":"ReadAction","target":["https:\/\/newmood.com.tr\/en\/marsala-berjer\/"]}]},{"@type":"ImageObject","inLanguage":"en-US","@id":"https:\/\/newmood.com.tr\/en\/marsala-berjer\/#primaryimage","url":"https:\/\/newmood.com.tr\/wp-content\/uploads\/2024\/09\/marsala-berjer-140924-1.jpg","contentUrl":"https:\/\/newmood.com.tr\/wp-content\/uploads\/2024\/09\/marsala-berjer-140924-1.jpg","width":1920,"height":1200},{"@type":"BreadcrumbList","@id":"https:\/\/newmood.com.tr\/en\/marsala-berjer\/#breadcrumb","itemListElement":[{"@type":"ListItem","position":1,"name":"Anasayfa","item":"https:\/\/newmood.com.tr\/"},{"@type":"ListItem","position":2,"name":"\u00dcr\u00fcnler","item":"https:\/\/newmood.com.tr\/shop\/"},{"@type":"ListItem","position":3,"name":"Marsala Berjer"}]},{"@type":"WebSite","@id":"https:\/\/newmood.com.tr\/en\/#website","url":"https:\/\/newmood.com.tr\/en\/","name":"Newmood","description":"","potentialAction":[{"@type":"SearchAction","target":{"@type":"EntryPoint","urlTemplate":"https:\/\/newmood.com.tr\/en\/?s={search_term_string}"},"query-input":{"@type":"PropertyValueSpecification","valueRequired":true,"valueName":"search_term_string"}}],"inLanguage":"en-US"}]}},"_links":{"self":[{"href":"https:\/\/newmood.com.tr\/en\/wp-json\/wp\/v2\/product\/1501"}],"collection":[{"href":"https:\/\/newmood.com.tr\/en\/wp-json\/wp\/v2\/product"}],"about":[{"href":"https:\/\/newmood.com.tr\/en\/wp-json\/wp\/v2\/types\/product"}],"replies":[{"embeddable":true,"href":"https:\/\/newmood.com.tr\/en\/wp-json\/wp\/v2\/comments?post=1501"}],"wp:featuredmedia":[{"embeddable":true,"href":"https:\/\/newmood.com.tr\/en\/wp-json\/wp\/v2\/media\/1518"}],"wp:attachment":[{"href":"https:\/\/newmood.com.tr\/en\/wp-json\/wp\/v2\/media?parent=1501"}],"wp:term":[{"taxonomy":"product_brand","embeddable":true,"href":"https:\/\/newmood.com.tr\/en\/wp-json\/wp\/v2\/product_brand?post=1501"},{"taxonomy":"product_cat","embeddable":true,"href":"https:\/\/newmood.com.tr\/en\/wp-json\/wp\/v2\/product_cat?post=1501"},{"taxonomy":"product_tag","embeddable":true,"href":"https:\/\/newmood.com.tr\/en\/wp-json\/wp\/v2\/product_tag?post=1501"}],"curies":[{"name":"wp","href":"https:\/\/api.w.org\/{rel}","templated":true}]}}