{"id":1494,"date":"2024-09-14T14:50:55","date_gmt":"2024-09-14T14:50:55","guid":{"rendered":"https:\/\/newmood.kodektif.com\/?post_type=product&#038;p=1494"},"modified":"2024-09-14T14:50:55","modified_gmt":"2024-09-14T14:50:55","slug":"cross-berjer","status":"publish","type":"product","link":"https:\/\/newmood.com.tr\/en\/cross-berjer\/","title":{"rendered":"Cross Armchair"},"content":{"rendered":"","protected":false},"excerpt":{"rendered":"<p>Cross Armchair is a piece of furniture where modern design and timeless elegance meet. While its large seating area and ergonomic structure offer maximum comfort, it adds elegance to the space with its aesthetic lines. High quality fabric covering and striking stitching details make the Cross Armchair both stylish and functional.<\/p>","protected":false},"featured_media":1497,"comment_status":"open","ping_status":"closed","template":"","meta":[],"product_brand":[],"product_cat":[15,19],"product_tag":[],"class_list":{"0":"post-1494","1":"product","2":"type-product","3":"status-publish","4":"has-post-thumbnail","6":"product_cat-urunler","7":"product_cat-berjerler","9":"first","10":"instock","11":"shipping-taxable","12":"product-type-simple"},"yoast_head":"<!-- This site is optimized with the Yoast SEO plugin v24.9 - https:\/\/yoast.com\/wordpress\/plugins\/seo\/ -->\n<title>Cross Berjer - Newmood<\/title>\n<meta name=\"robots\" content=\"index, follow, max-snippet:-1, max-image-preview:large, max-video-preview:-1\" \/>\n<link rel=\"canonical\" href=\"https:\/\/newmood.com.tr\/en\/cross-berjer\/\" \/>\n<meta property=\"og:locale\" content=\"en_US\" \/>\n<meta property=\"og:type\" content=\"article\" \/>\n<meta property=\"og:title\" content=\"Cross Berjer - Newmood\" \/>\n<meta property=\"og:description\" content=\"Cross Berjer, modern tasar\u0131m\u0131n ve zamans\u0131z \u015f\u0131kl\u0131\u011f\u0131n bulu\u015ftu\u011fu bir mobilya par\u00e7as\u0131d\u0131r. Geni\u015f oturma alan\u0131 ve ergonomik yap\u0131s\u0131, maksimum konfor sunarken, estetik \u00e7izgileriyle mek\u00e2na zarafet katar. Y\u00fcksek kaliteli kuma\u015f kaplamas\u0131 ve dikkat \u00e7eken diki\u015f detaylar\u0131, Cross Berjer\u2019i hem \u015f\u0131k hem de i\u015flevsel k\u0131lar.\" \/>\n<meta property=\"og:url\" content=\"https:\/\/newmood.com.tr\/en\/cross-berjer\/\" \/>\n<meta property=\"og:site_name\" content=\"Newmood\" \/>\n<meta property=\"og:image\" content=\"https:\/\/newmood.com.tr\/wp-content\/uploads\/2024\/09\/cross-berjer-140924-3.jpg\" \/>\n\t<meta property=\"og:image:width\" content=\"1920\" \/>\n\t<meta property=\"og:image:height\" content=\"1200\" \/>\n\t<meta property=\"og:image:type\" content=\"image\/jpeg\" \/>\n<meta name=\"twitter:card\" content=\"summary_large_image\" \/>\n<script type=\"application\/ld+json\" class=\"yoast-schema-graph\">{\"@context\":\"https:\/\/schema.org\",\"@graph\":[{\"@type\":\"WebPage\",\"@id\":\"https:\/\/newmood.com.tr\/en\/cross-berjer\/\",\"url\":\"https:\/\/newmood.com.tr\/en\/cross-berjer\/\",\"name\":\"Cross Berjer - Newmood\",\"isPartOf\":{\"@id\":\"https:\/\/newmood.com.tr\/en\/#website\"},\"primaryImageOfPage\":{\"@id\":\"https:\/\/newmood.com.tr\/en\/cross-berjer\/#primaryimage\"},\"image\":{\"@id\":\"https:\/\/newmood.com.tr\/en\/cross-berjer\/#primaryimage\"},\"thumbnailUrl\":\"https:\/\/newmood.com.tr\/wp-content\/uploads\/2024\/09\/cross-berjer-140924-3.jpg\",\"datePublished\":\"2024-09-14T14:50:55+00:00\",\"breadcrumb\":{\"@id\":\"https:\/\/newmood.com.tr\/en\/cross-berjer\/#breadcrumb\"},\"inLanguage\":\"en-US\",\"potentialAction\":[{\"@type\":\"ReadAction\",\"target\":[\"https:\/\/newmood.com.tr\/en\/cross-berjer\/\"]}]},{\"@type\":\"ImageObject\",\"inLanguage\":\"en-US\",\"@id\":\"https:\/\/newmood.com.tr\/en\/cross-berjer\/#primaryimage\",\"url\":\"https:\/\/newmood.com.tr\/wp-content\/uploads\/2024\/09\/cross-berjer-140924-3.jpg\",\"contentUrl\":\"https:\/\/newmood.com.tr\/wp-content\/uploads\/2024\/09\/cross-berjer-140924-3.jpg\",\"width\":1920,\"height\":1200},{\"@type\":\"BreadcrumbList\",\"@id\":\"https:\/\/newmood.com.tr\/en\/cross-berjer\/#breadcrumb\",\"itemListElement\":[{\"@type\":\"ListItem\",\"position\":1,\"name\":\"Anasayfa\",\"item\":\"https:\/\/newmood.com.tr\/\"},{\"@type\":\"ListItem\",\"position\":2,\"name\":\"\u00dcr\u00fcnler\",\"item\":\"https:\/\/newmood.com.tr\/shop\/\"},{\"@type\":\"ListItem\",\"position\":3,\"name\":\"Cross Berjer\"}]},{\"@type\":\"WebSite\",\"@id\":\"https:\/\/newmood.com.tr\/en\/#website\",\"url\":\"https:\/\/newmood.com.tr\/en\/\",\"name\":\"Newmood\",\"description\":\"\",\"potentialAction\":[{\"@type\":\"SearchAction\",\"target\":{\"@type\":\"EntryPoint\",\"urlTemplate\":\"https:\/\/newmood.com.tr\/en\/?s={search_term_string}\"},\"query-input\":{\"@type\":\"PropertyValueSpecification\",\"valueRequired\":true,\"valueName\":\"search_term_string\"}}],\"inLanguage\":\"en-US\"}]}<\/script>\n<!-- \/ Yoast SEO plugin. -->","yoast_head_json":{"title":"Cross Berjer - Newmood","robots":{"index":"index","follow":"follow","max-snippet":"max-snippet:-1","max-image-preview":"max-image-preview:large","max-video-preview":"max-video-preview:-1"},"canonical":"https:\/\/newmood.com.tr\/en\/cross-berjer\/","og_locale":"en_US","og_type":"article","og_title":"Cross Berjer - Newmood","og_description":"Cross Berjer, modern tasar\u0131m\u0131n ve zamans\u0131z \u015f\u0131kl\u0131\u011f\u0131n bulu\u015ftu\u011fu bir mobilya par\u00e7as\u0131d\u0131r. Geni\u015f oturma alan\u0131 ve ergonomik yap\u0131s\u0131, maksimum konfor sunarken, estetik \u00e7izgileriyle mek\u00e2na zarafet katar. Y\u00fcksek kaliteli kuma\u015f kaplamas\u0131 ve dikkat \u00e7eken diki\u015f detaylar\u0131, Cross Berjer\u2019i hem \u015f\u0131k hem de i\u015flevsel k\u0131lar.","og_url":"https:\/\/newmood.com.tr\/en\/cross-berjer\/","og_site_name":"Newmood","og_image":[{"width":1920,"height":1200,"url":"https:\/\/newmood.com.tr\/wp-content\/uploads\/2024\/09\/cross-berjer-140924-3.jpg","type":"image\/jpeg"}],"twitter_card":"summary_large_image","schema":{"@context":"https:\/\/schema.org","@graph":[{"@type":"WebPage","@id":"https:\/\/newmood.com.tr\/en\/cross-berjer\/","url":"https:\/\/newmood.com.tr\/en\/cross-berjer\/","name":"Cross Berjer - Newmood","isPartOf":{"@id":"https:\/\/newmood.com.tr\/en\/#website"},"primaryImageOfPage":{"@id":"https:\/\/newmood.com.tr\/en\/cross-berjer\/#primaryimage"},"image":{"@id":"https:\/\/newmood.com.tr\/en\/cross-berjer\/#primaryimage"},"thumbnailUrl":"https:\/\/newmood.com.tr\/wp-content\/uploads\/2024\/09\/cross-berjer-140924-3.jpg","datePublished":"2024-09-14T14:50:55+00:00","breadcrumb":{"@id":"https:\/\/newmood.com.tr\/en\/cross-berjer\/#breadcrumb"},"inLanguage":"en-US","potentialAction":[{"@type":"ReadAction","target":["https:\/\/newmood.com.tr\/en\/cross-berjer\/"]}]},{"@type":"ImageObject","inLanguage":"en-US","@id":"https:\/\/newmood.com.tr\/en\/cross-berjer\/#primaryimage","url":"https:\/\/newmood.com.tr\/wp-content\/uploads\/2024\/09\/cross-berjer-140924-3.jpg","contentUrl":"https:\/\/newmood.com.tr\/wp-content\/uploads\/2024\/09\/cross-berjer-140924-3.jpg","width":1920,"height":1200},{"@type":"BreadcrumbList","@id":"https:\/\/newmood.com.tr\/en\/cross-berjer\/#breadcrumb","itemListElement":[{"@type":"ListItem","position":1,"name":"Anasayfa","item":"https:\/\/newmood.com.tr\/"},{"@type":"ListItem","position":2,"name":"\u00dcr\u00fcnler","item":"https:\/\/newmood.com.tr\/shop\/"},{"@type":"ListItem","position":3,"name":"Cross Berjer"}]},{"@type":"WebSite","@id":"https:\/\/newmood.com.tr\/en\/#website","url":"https:\/\/newmood.com.tr\/en\/","name":"Newmood","description":"","potentialAction":[{"@type":"SearchAction","target":{"@type":"EntryPoint","urlTemplate":"https:\/\/newmood.com.tr\/en\/?s={search_term_string}"},"query-input":{"@type":"PropertyValueSpecification","valueRequired":true,"valueName":"search_term_string"}}],"inLanguage":"en-US"}]}},"_links":{"self":[{"href":"https:\/\/newmood.com.tr\/en\/wp-json\/wp\/v2\/product\/1494"}],"collection":[{"href":"https:\/\/newmood.com.tr\/en\/wp-json\/wp\/v2\/product"}],"about":[{"href":"https:\/\/newmood.com.tr\/en\/wp-json\/wp\/v2\/types\/product"}],"replies":[{"embeddable":true,"href":"https:\/\/newmood.com.tr\/en\/wp-json\/wp\/v2\/comments?post=1494"}],"wp:featuredmedia":[{"embeddable":true,"href":"https:\/\/newmood.com.tr\/en\/wp-json\/wp\/v2\/media\/1497"}],"wp:attachment":[{"href":"https:\/\/newmood.com.tr\/en\/wp-json\/wp\/v2\/media?parent=1494"}],"wp:term":[{"taxonomy":"product_brand","embeddable":true,"href":"https:\/\/newmood.com.tr\/en\/wp-json\/wp\/v2\/product_brand?post=1494"},{"taxonomy":"product_cat","embeddable":true,"href":"https:\/\/newmood.com.tr\/en\/wp-json\/wp\/v2\/product_cat?post=1494"},{"taxonomy":"product_tag","embeddable":true,"href":"https:\/\/newmood.com.tr\/en\/wp-json\/wp\/v2\/product_tag?post=1494"}],"curies":[{"name":"wp","href":"https:\/\/api.w.org\/{rel}","templated":true}]}}