{"id":1350,"date":"2024-09-12T09:54:30","date_gmt":"2024-09-12T09:54:30","guid":{"rendered":"https:\/\/newmood.kodektif.com\/?post_type=product&#038;p=1350"},"modified":"2024-09-12T09:54:30","modified_gmt":"2024-09-12T09:54:30","slug":"aston-relax-kose-koltuk-takimi","status":"publish","type":"product","link":"https:\/\/newmood.com.tr\/en\/aston-relax-kose-koltuk-takimi\/","title":{"rendered":"Aston Relax Corner Set"},"content":{"rendered":"","protected":false},"excerpt":{"rendered":"<p>Aston Relax Corner Sofa brings together comfort and elegance, adding a sophisticated touch to modern living spaces. Its wide and ergonomic structure makes your moments of rest and relaxation more enjoyable. While the Relax mechanism provides maximum comfort by providing back and foot support, it prioritizes comfort in long-term sitting experience thanks to its soft cushions and wide seating area.<\/p>","protected":false},"featured_media":1352,"comment_status":"open","ping_status":"closed","template":"","meta":[],"product_brand":[],"product_cat":[17,38],"product_tag":[],"class_list":{"0":"post-1350","1":"product","2":"type-product","3":"status-publish","4":"has-post-thumbnail","6":"product_cat-koleksiyonlar","7":"product_cat-kose-takimlari","9":"first","10":"instock","11":"shipping-taxable","12":"product-type-simple"},"yoast_head":"<!-- This site is optimized with the Yoast SEO plugin v24.9 - https:\/\/yoast.com\/wordpress\/plugins\/seo\/ -->\n<title>Aston Relax K\u00f6\u015fe Koltuk Tak\u0131m\u0131 - Newmood<\/title>\n<meta name=\"robots\" content=\"index, follow, max-snippet:-1, max-image-preview:large, max-video-preview:-1\" \/>\n<link rel=\"canonical\" href=\"https:\/\/newmood.com.tr\/en\/aston-relax-kose-koltuk-takimi\/\" \/>\n<meta property=\"og:locale\" content=\"en_US\" \/>\n<meta property=\"og:type\" content=\"article\" \/>\n<meta property=\"og:title\" content=\"Aston Relax K\u00f6\u015fe Koltuk Tak\u0131m\u0131 - Newmood\" \/>\n<meta property=\"og:description\" content=\"Aston Relax K\u00f6\u015fe Koltuk, konfor ve \u015f\u0131kl\u0131\u011f\u0131 bir araya getirerek modern ya\u015fam alanlar\u0131na sofistike bir dokunu\u015f kat\u0131yor. Geni\u015f ve ergonomik yap\u0131s\u0131, dinlenme ve rahatlama anlar\u0131n\u0131z\u0131 daha keyifli hale getirir. Relax mekanizmas\u0131, s\u0131rt ve ayak deste\u011fi sunarak maksimum rahatl\u0131k sa\u011flarken, yumu\u015fak minderleri ve geni\u015f oturma alan\u0131 sayesinde uzun s\u00fcreli oturma deneyiminde konforu \u00f6n planda tutar.\" \/>\n<meta property=\"og:url\" content=\"https:\/\/newmood.com.tr\/en\/aston-relax-kose-koltuk-takimi\/\" \/>\n<meta property=\"og:site_name\" content=\"Newmood\" \/>\n<meta property=\"og:image\" content=\"https:\/\/newmood.com.tr\/wp-content\/uploads\/2024\/09\/aston-relax-kose-takimi-120924-2.jpg\" \/>\n\t<meta property=\"og:image:width\" content=\"1920\" \/>\n\t<meta property=\"og:image:height\" content=\"1200\" \/>\n\t<meta property=\"og:image:type\" content=\"image\/jpeg\" \/>\n<meta name=\"twitter:card\" content=\"summary_large_image\" \/>\n<script type=\"application\/ld+json\" class=\"yoast-schema-graph\">{\"@context\":\"https:\/\/schema.org\",\"@graph\":[{\"@type\":\"WebPage\",\"@id\":\"https:\/\/newmood.com.tr\/en\/aston-relax-kose-koltuk-takimi\/\",\"url\":\"https:\/\/newmood.com.tr\/en\/aston-relax-kose-koltuk-takimi\/\",\"name\":\"Aston Relax K\u00f6\u015fe Koltuk Tak\u0131m\u0131 - Newmood\",\"isPartOf\":{\"@id\":\"https:\/\/newmood.com.tr\/en\/#website\"},\"primaryImageOfPage\":{\"@id\":\"https:\/\/newmood.com.tr\/en\/aston-relax-kose-koltuk-takimi\/#primaryimage\"},\"image\":{\"@id\":\"https:\/\/newmood.com.tr\/en\/aston-relax-kose-koltuk-takimi\/#primaryimage\"},\"thumbnailUrl\":\"https:\/\/newmood.com.tr\/wp-content\/uploads\/2024\/09\/aston-relax-kose-takimi-120924-2.jpg\",\"datePublished\":\"2024-09-12T09:54:30+00:00\",\"breadcrumb\":{\"@id\":\"https:\/\/newmood.com.tr\/en\/aston-relax-kose-koltuk-takimi\/#breadcrumb\"},\"inLanguage\":\"en-US\",\"potentialAction\":[{\"@type\":\"ReadAction\",\"target\":[\"https:\/\/newmood.com.tr\/en\/aston-relax-kose-koltuk-takimi\/\"]}]},{\"@type\":\"ImageObject\",\"inLanguage\":\"en-US\",\"@id\":\"https:\/\/newmood.com.tr\/en\/aston-relax-kose-koltuk-takimi\/#primaryimage\",\"url\":\"https:\/\/newmood.com.tr\/wp-content\/uploads\/2024\/09\/aston-relax-kose-takimi-120924-2.jpg\",\"contentUrl\":\"https:\/\/newmood.com.tr\/wp-content\/uploads\/2024\/09\/aston-relax-kose-takimi-120924-2.jpg\",\"width\":1920,\"height\":1200},{\"@type\":\"BreadcrumbList\",\"@id\":\"https:\/\/newmood.com.tr\/en\/aston-relax-kose-koltuk-takimi\/#breadcrumb\",\"itemListElement\":[{\"@type\":\"ListItem\",\"position\":1,\"name\":\"Anasayfa\",\"item\":\"https:\/\/newmood.com.tr\/\"},{\"@type\":\"ListItem\",\"position\":2,\"name\":\"\u00dcr\u00fcnler\",\"item\":\"https:\/\/newmood.com.tr\/shop\/\"},{\"@type\":\"ListItem\",\"position\":3,\"name\":\"Aston Relax K\u00f6\u015fe Koltuk Tak\u0131m\u0131\"}]},{\"@type\":\"WebSite\",\"@id\":\"https:\/\/newmood.com.tr\/en\/#website\",\"url\":\"https:\/\/newmood.com.tr\/en\/\",\"name\":\"Newmood\",\"description\":\"\",\"potentialAction\":[{\"@type\":\"SearchAction\",\"target\":{\"@type\":\"EntryPoint\",\"urlTemplate\":\"https:\/\/newmood.com.tr\/en\/?s={search_term_string}\"},\"query-input\":{\"@type\":\"PropertyValueSpecification\",\"valueRequired\":true,\"valueName\":\"search_term_string\"}}],\"inLanguage\":\"en-US\"}]}<\/script>\n<!-- \/ Yoast SEO plugin. -->","yoast_head_json":{"title":"Aston Relax K\u00f6\u015fe Koltuk Tak\u0131m\u0131 - Newmood","robots":{"index":"index","follow":"follow","max-snippet":"max-snippet:-1","max-image-preview":"max-image-preview:large","max-video-preview":"max-video-preview:-1"},"canonical":"https:\/\/newmood.com.tr\/en\/aston-relax-kose-koltuk-takimi\/","og_locale":"en_US","og_type":"article","og_title":"Aston Relax K\u00f6\u015fe Koltuk Tak\u0131m\u0131 - Newmood","og_description":"Aston Relax K\u00f6\u015fe Koltuk, konfor ve \u015f\u0131kl\u0131\u011f\u0131 bir araya getirerek modern ya\u015fam alanlar\u0131na sofistike bir dokunu\u015f kat\u0131yor. Geni\u015f ve ergonomik yap\u0131s\u0131, dinlenme ve rahatlama anlar\u0131n\u0131z\u0131 daha keyifli hale getirir. Relax mekanizmas\u0131, s\u0131rt ve ayak deste\u011fi sunarak maksimum rahatl\u0131k sa\u011flarken, yumu\u015fak minderleri ve geni\u015f oturma alan\u0131 sayesinde uzun s\u00fcreli oturma deneyiminde konforu \u00f6n planda tutar.","og_url":"https:\/\/newmood.com.tr\/en\/aston-relax-kose-koltuk-takimi\/","og_site_name":"Newmood","og_image":[{"width":1920,"height":1200,"url":"https:\/\/newmood.com.tr\/wp-content\/uploads\/2024\/09\/aston-relax-kose-takimi-120924-2.jpg","type":"image\/jpeg"}],"twitter_card":"summary_large_image","schema":{"@context":"https:\/\/schema.org","@graph":[{"@type":"WebPage","@id":"https:\/\/newmood.com.tr\/en\/aston-relax-kose-koltuk-takimi\/","url":"https:\/\/newmood.com.tr\/en\/aston-relax-kose-koltuk-takimi\/","name":"Aston Relax K\u00f6\u015fe Koltuk Tak\u0131m\u0131 - Newmood","isPartOf":{"@id":"https:\/\/newmood.com.tr\/en\/#website"},"primaryImageOfPage":{"@id":"https:\/\/newmood.com.tr\/en\/aston-relax-kose-koltuk-takimi\/#primaryimage"},"image":{"@id":"https:\/\/newmood.com.tr\/en\/aston-relax-kose-koltuk-takimi\/#primaryimage"},"thumbnailUrl":"https:\/\/newmood.com.tr\/wp-content\/uploads\/2024\/09\/aston-relax-kose-takimi-120924-2.jpg","datePublished":"2024-09-12T09:54:30+00:00","breadcrumb":{"@id":"https:\/\/newmood.com.tr\/en\/aston-relax-kose-koltuk-takimi\/#breadcrumb"},"inLanguage":"en-US","potentialAction":[{"@type":"ReadAction","target":["https:\/\/newmood.com.tr\/en\/aston-relax-kose-koltuk-takimi\/"]}]},{"@type":"ImageObject","inLanguage":"en-US","@id":"https:\/\/newmood.com.tr\/en\/aston-relax-kose-koltuk-takimi\/#primaryimage","url":"https:\/\/newmood.com.tr\/wp-content\/uploads\/2024\/09\/aston-relax-kose-takimi-120924-2.jpg","contentUrl":"https:\/\/newmood.com.tr\/wp-content\/uploads\/2024\/09\/aston-relax-kose-takimi-120924-2.jpg","width":1920,"height":1200},{"@type":"BreadcrumbList","@id":"https:\/\/newmood.com.tr\/en\/aston-relax-kose-koltuk-takimi\/#breadcrumb","itemListElement":[{"@type":"ListItem","position":1,"name":"Anasayfa","item":"https:\/\/newmood.com.tr\/"},{"@type":"ListItem","position":2,"name":"\u00dcr\u00fcnler","item":"https:\/\/newmood.com.tr\/shop\/"},{"@type":"ListItem","position":3,"name":"Aston Relax K\u00f6\u015fe Koltuk Tak\u0131m\u0131"}]},{"@type":"WebSite","@id":"https:\/\/newmood.com.tr\/en\/#website","url":"https:\/\/newmood.com.tr\/en\/","name":"Newmood","description":"","potentialAction":[{"@type":"SearchAction","target":{"@type":"EntryPoint","urlTemplate":"https:\/\/newmood.com.tr\/en\/?s={search_term_string}"},"query-input":{"@type":"PropertyValueSpecification","valueRequired":true,"valueName":"search_term_string"}}],"inLanguage":"en-US"}]}},"_links":{"self":[{"href":"https:\/\/newmood.com.tr\/en\/wp-json\/wp\/v2\/product\/1350"}],"collection":[{"href":"https:\/\/newmood.com.tr\/en\/wp-json\/wp\/v2\/product"}],"about":[{"href":"https:\/\/newmood.com.tr\/en\/wp-json\/wp\/v2\/types\/product"}],"replies":[{"embeddable":true,"href":"https:\/\/newmood.com.tr\/en\/wp-json\/wp\/v2\/comments?post=1350"}],"wp:featuredmedia":[{"embeddable":true,"href":"https:\/\/newmood.com.tr\/en\/wp-json\/wp\/v2\/media\/1352"}],"wp:attachment":[{"href":"https:\/\/newmood.com.tr\/en\/wp-json\/wp\/v2\/media?parent=1350"}],"wp:term":[{"taxonomy":"product_brand","embeddable":true,"href":"https:\/\/newmood.com.tr\/en\/wp-json\/wp\/v2\/product_brand?post=1350"},{"taxonomy":"product_cat","embeddable":true,"href":"https:\/\/newmood.com.tr\/en\/wp-json\/wp\/v2\/product_cat?post=1350"},{"taxonomy":"product_tag","embeddable":true,"href":"https:\/\/newmood.com.tr\/en\/wp-json\/wp\/v2\/product_tag?post=1350"}],"curies":[{"name":"wp","href":"https:\/\/api.w.org\/{rel}","templated":true}]}}