{"id":1343,"date":"2024-09-12T09:45:34","date_gmt":"2024-09-12T09:45:34","guid":{"rendered":"https:\/\/newmood.kodektif.com\/?post_type=product&#038;p=1343"},"modified":"2024-09-12T09:45:34","modified_gmt":"2024-09-12T09:45:34","slug":"scala-kose-takimi","status":"publish","type":"product","link":"https:\/\/newmood.com.tr\/en\/scala-kose-takimi\/","title":{"rendered":"Scala Corner Set"},"content":{"rendered":"","protected":false},"excerpt":{"rendered":"<p>Scala Corner Set adds elegance to the decoration of your home with its modern and minimalist design. Its large seating area offers long-term comfort with its high-quality cushions. The modular structure of the set allows you to make different arrangements to suit your living space, so you can place the corner set as you wish.<\/p>","protected":false},"featured_media":1345,"comment_status":"open","ping_status":"closed","template":"","meta":[],"product_brand":[],"product_cat":[17,38],"product_tag":[],"class_list":{"0":"post-1343","1":"product","2":"type-product","3":"status-publish","4":"has-post-thumbnail","6":"product_cat-koleksiyonlar","7":"product_cat-kose-takimlari","9":"first","10":"instock","11":"shipping-taxable","12":"product-type-simple"},"yoast_head":"<!-- This site is optimized with the Yoast SEO plugin v24.9 - https:\/\/yoast.com\/wordpress\/plugins\/seo\/ -->\n<title>Scala K\u00f6\u015fe Tak\u0131m\u0131 - Newmood<\/title>\n<meta name=\"robots\" content=\"index, follow, max-snippet:-1, max-image-preview:large, max-video-preview:-1\" \/>\n<link rel=\"canonical\" href=\"https:\/\/newmood.com.tr\/en\/scala-kose-takimi\/\" \/>\n<meta property=\"og:locale\" content=\"en_US\" \/>\n<meta property=\"og:type\" content=\"article\" \/>\n<meta property=\"og:title\" content=\"Scala K\u00f6\u015fe Tak\u0131m\u0131 - Newmood\" \/>\n<meta property=\"og:description\" content=\"Scala K\u00f6\u015fe Tak\u0131m\u0131, modern ve minimalist tasar\u0131m\u0131yla evinizin dekorasyonuna zarafet katar. Geni\u015f oturma alan\u0131, y\u00fcksek kaliteli minderleriyle uzun s\u00fcreli konfor sunar. Tak\u0131m\u0131n mod\u00fcler yap\u0131s\u0131, ya\u015fam alan\u0131n\u0131za uyacak \u015fekilde farkl\u0131 d\u00fczenlemeler yapman\u0131za olanak tan\u0131r, bu sayede k\u00f6\u015fe tak\u0131m\u0131n\u0131 istedi\u011finiz \u015fekilde yerle\u015ftirebilirsiniz.\" \/>\n<meta property=\"og:url\" content=\"https:\/\/newmood.com.tr\/en\/scala-kose-takimi\/\" \/>\n<meta property=\"og:site_name\" content=\"Newmood\" \/>\n<meta property=\"og:image\" content=\"https:\/\/newmood.com.tr\/wp-content\/uploads\/2024\/09\/scala-kose-takimi-120924-2.jpg\" \/>\n\t<meta property=\"og:image:width\" content=\"1920\" \/>\n\t<meta property=\"og:image:height\" content=\"1200\" \/>\n\t<meta property=\"og:image:type\" content=\"image\/jpeg\" \/>\n<meta name=\"twitter:card\" content=\"summary_large_image\" \/>\n<script type=\"application\/ld+json\" class=\"yoast-schema-graph\">{\"@context\":\"https:\/\/schema.org\",\"@graph\":[{\"@type\":\"WebPage\",\"@id\":\"https:\/\/newmood.com.tr\/en\/scala-kose-takimi\/\",\"url\":\"https:\/\/newmood.com.tr\/en\/scala-kose-takimi\/\",\"name\":\"Scala K\u00f6\u015fe Tak\u0131m\u0131 - Newmood\",\"isPartOf\":{\"@id\":\"https:\/\/newmood.com.tr\/en\/#website\"},\"primaryImageOfPage\":{\"@id\":\"https:\/\/newmood.com.tr\/en\/scala-kose-takimi\/#primaryimage\"},\"image\":{\"@id\":\"https:\/\/newmood.com.tr\/en\/scala-kose-takimi\/#primaryimage\"},\"thumbnailUrl\":\"https:\/\/newmood.com.tr\/wp-content\/uploads\/2024\/09\/scala-kose-takimi-120924-2.jpg\",\"datePublished\":\"2024-09-12T09:45:34+00:00\",\"breadcrumb\":{\"@id\":\"https:\/\/newmood.com.tr\/en\/scala-kose-takimi\/#breadcrumb\"},\"inLanguage\":\"en-US\",\"potentialAction\":[{\"@type\":\"ReadAction\",\"target\":[\"https:\/\/newmood.com.tr\/en\/scala-kose-takimi\/\"]}]},{\"@type\":\"ImageObject\",\"inLanguage\":\"en-US\",\"@id\":\"https:\/\/newmood.com.tr\/en\/scala-kose-takimi\/#primaryimage\",\"url\":\"https:\/\/newmood.com.tr\/wp-content\/uploads\/2024\/09\/scala-kose-takimi-120924-2.jpg\",\"contentUrl\":\"https:\/\/newmood.com.tr\/wp-content\/uploads\/2024\/09\/scala-kose-takimi-120924-2.jpg\",\"width\":1920,\"height\":1200},{\"@type\":\"BreadcrumbList\",\"@id\":\"https:\/\/newmood.com.tr\/en\/scala-kose-takimi\/#breadcrumb\",\"itemListElement\":[{\"@type\":\"ListItem\",\"position\":1,\"name\":\"Anasayfa\",\"item\":\"https:\/\/newmood.com.tr\/\"},{\"@type\":\"ListItem\",\"position\":2,\"name\":\"\u00dcr\u00fcnler\",\"item\":\"https:\/\/newmood.com.tr\/shop\/\"},{\"@type\":\"ListItem\",\"position\":3,\"name\":\"Scala K\u00f6\u015fe Tak\u0131m\u0131\"}]},{\"@type\":\"WebSite\",\"@id\":\"https:\/\/newmood.com.tr\/en\/#website\",\"url\":\"https:\/\/newmood.com.tr\/en\/\",\"name\":\"Newmood\",\"description\":\"\",\"potentialAction\":[{\"@type\":\"SearchAction\",\"target\":{\"@type\":\"EntryPoint\",\"urlTemplate\":\"https:\/\/newmood.com.tr\/en\/?s={search_term_string}\"},\"query-input\":{\"@type\":\"PropertyValueSpecification\",\"valueRequired\":true,\"valueName\":\"search_term_string\"}}],\"inLanguage\":\"en-US\"}]}<\/script>\n<!-- \/ Yoast SEO plugin. -->","yoast_head_json":{"title":"Scala K\u00f6\u015fe Tak\u0131m\u0131 - Newmood","robots":{"index":"index","follow":"follow","max-snippet":"max-snippet:-1","max-image-preview":"max-image-preview:large","max-video-preview":"max-video-preview:-1"},"canonical":"https:\/\/newmood.com.tr\/en\/scala-kose-takimi\/","og_locale":"en_US","og_type":"article","og_title":"Scala K\u00f6\u015fe Tak\u0131m\u0131 - Newmood","og_description":"Scala K\u00f6\u015fe Tak\u0131m\u0131, modern ve minimalist tasar\u0131m\u0131yla evinizin dekorasyonuna zarafet katar. Geni\u015f oturma alan\u0131, y\u00fcksek kaliteli minderleriyle uzun s\u00fcreli konfor sunar. Tak\u0131m\u0131n mod\u00fcler yap\u0131s\u0131, ya\u015fam alan\u0131n\u0131za uyacak \u015fekilde farkl\u0131 d\u00fczenlemeler yapman\u0131za olanak tan\u0131r, bu sayede k\u00f6\u015fe tak\u0131m\u0131n\u0131 istedi\u011finiz \u015fekilde yerle\u015ftirebilirsiniz.","og_url":"https:\/\/newmood.com.tr\/en\/scala-kose-takimi\/","og_site_name":"Newmood","og_image":[{"width":1920,"height":1200,"url":"https:\/\/newmood.com.tr\/wp-content\/uploads\/2024\/09\/scala-kose-takimi-120924-2.jpg","type":"image\/jpeg"}],"twitter_card":"summary_large_image","schema":{"@context":"https:\/\/schema.org","@graph":[{"@type":"WebPage","@id":"https:\/\/newmood.com.tr\/en\/scala-kose-takimi\/","url":"https:\/\/newmood.com.tr\/en\/scala-kose-takimi\/","name":"Scala K\u00f6\u015fe Tak\u0131m\u0131 - Newmood","isPartOf":{"@id":"https:\/\/newmood.com.tr\/en\/#website"},"primaryImageOfPage":{"@id":"https:\/\/newmood.com.tr\/en\/scala-kose-takimi\/#primaryimage"},"image":{"@id":"https:\/\/newmood.com.tr\/en\/scala-kose-takimi\/#primaryimage"},"thumbnailUrl":"https:\/\/newmood.com.tr\/wp-content\/uploads\/2024\/09\/scala-kose-takimi-120924-2.jpg","datePublished":"2024-09-12T09:45:34+00:00","breadcrumb":{"@id":"https:\/\/newmood.com.tr\/en\/scala-kose-takimi\/#breadcrumb"},"inLanguage":"en-US","potentialAction":[{"@type":"ReadAction","target":["https:\/\/newmood.com.tr\/en\/scala-kose-takimi\/"]}]},{"@type":"ImageObject","inLanguage":"en-US","@id":"https:\/\/newmood.com.tr\/en\/scala-kose-takimi\/#primaryimage","url":"https:\/\/newmood.com.tr\/wp-content\/uploads\/2024\/09\/scala-kose-takimi-120924-2.jpg","contentUrl":"https:\/\/newmood.com.tr\/wp-content\/uploads\/2024\/09\/scala-kose-takimi-120924-2.jpg","width":1920,"height":1200},{"@type":"BreadcrumbList","@id":"https:\/\/newmood.com.tr\/en\/scala-kose-takimi\/#breadcrumb","itemListElement":[{"@type":"ListItem","position":1,"name":"Anasayfa","item":"https:\/\/newmood.com.tr\/"},{"@type":"ListItem","position":2,"name":"\u00dcr\u00fcnler","item":"https:\/\/newmood.com.tr\/shop\/"},{"@type":"ListItem","position":3,"name":"Scala K\u00f6\u015fe Tak\u0131m\u0131"}]},{"@type":"WebSite","@id":"https:\/\/newmood.com.tr\/en\/#website","url":"https:\/\/newmood.com.tr\/en\/","name":"Newmood","description":"","potentialAction":[{"@type":"SearchAction","target":{"@type":"EntryPoint","urlTemplate":"https:\/\/newmood.com.tr\/en\/?s={search_term_string}"},"query-input":{"@type":"PropertyValueSpecification","valueRequired":true,"valueName":"search_term_string"}}],"inLanguage":"en-US"}]}},"_links":{"self":[{"href":"https:\/\/newmood.com.tr\/en\/wp-json\/wp\/v2\/product\/1343"}],"collection":[{"href":"https:\/\/newmood.com.tr\/en\/wp-json\/wp\/v2\/product"}],"about":[{"href":"https:\/\/newmood.com.tr\/en\/wp-json\/wp\/v2\/types\/product"}],"replies":[{"embeddable":true,"href":"https:\/\/newmood.com.tr\/en\/wp-json\/wp\/v2\/comments?post=1343"}],"wp:featuredmedia":[{"embeddable":true,"href":"https:\/\/newmood.com.tr\/en\/wp-json\/wp\/v2\/media\/1345"}],"wp:attachment":[{"href":"https:\/\/newmood.com.tr\/en\/wp-json\/wp\/v2\/media?parent=1343"}],"wp:term":[{"taxonomy":"product_brand","embeddable":true,"href":"https:\/\/newmood.com.tr\/en\/wp-json\/wp\/v2\/product_brand?post=1343"},{"taxonomy":"product_cat","embeddable":true,"href":"https:\/\/newmood.com.tr\/en\/wp-json\/wp\/v2\/product_cat?post=1343"},{"taxonomy":"product_tag","embeddable":true,"href":"https:\/\/newmood.com.tr\/en\/wp-json\/wp\/v2\/product_tag?post=1343"}],"curies":[{"name":"wp","href":"https:\/\/api.w.org\/{rel}","templated":true}]}}