{"id":1342,"date":"2024-09-12T09:39:04","date_gmt":"2024-09-12T09:39:04","guid":{"rendered":"https:\/\/newmood.kodektif.com\/?post_type=product&#038;p=1342"},"modified":"2024-09-12T09:39:05","modified_gmt":"2024-09-12T09:39:05","slug":"new-scala-kose-koltuk","status":"publish","type":"product","link":"https:\/\/newmood.com.tr\/en\/new-scala-kose-koltuk\/","title":{"rendered":"New Scala Corner Sofa"},"content":{"rendered":"","protected":false},"excerpt":{"rendered":"<p>New Scala Corner Sofa adds a sophisticated atmosphere to your living space with its modern lines and stylish design. The large and comfortable seating area offers a comfortable resting experience with its soft-textured cushions. Thanks to its modular structure, it can be arranged to fit your space, and with its corner structure, it creates both an aesthetic and functional space.<\/p>","protected":false},"featured_media":1338,"comment_status":"open","ping_status":"closed","template":"","meta":[],"product_brand":[],"product_cat":[15,39],"product_tag":[],"class_list":{"0":"post-1342","1":"product","2":"type-product","3":"status-publish","4":"has-post-thumbnail","6":"product_cat-urunler","7":"product_cat-kose-koltuklar","9":"first","10":"instock","11":"shipping-taxable","12":"product-type-simple"},"yoast_head":"<!-- This site is optimized with the Yoast SEO plugin v24.9 - https:\/\/yoast.com\/wordpress\/plugins\/seo\/ -->\n<title>New Scala K\u00f6\u015fe Koltuk - Newmood<\/title>\n<meta name=\"robots\" content=\"index, follow, max-snippet:-1, max-image-preview:large, max-video-preview:-1\" \/>\n<link rel=\"canonical\" href=\"https:\/\/newmood.com.tr\/en\/new-scala-kose-koltuk\/\" \/>\n<meta property=\"og:locale\" content=\"en_US\" \/>\n<meta property=\"og:type\" content=\"article\" \/>\n<meta property=\"og:title\" content=\"New Scala K\u00f6\u015fe Koltuk - Newmood\" \/>\n<meta property=\"og:description\" content=\"New Scala K\u00f6\u015fe Koltuk, modern \u00e7izgileri ve \u015f\u0131k tasar\u0131m\u0131yla ya\u015fam alan\u0131n\u0131za sofistike bir hava kat\u0131yor. Geni\u015f ve rahat oturma alan\u0131, yumu\u015fak dokulu minderleriyle konforlu bir dinlenme deneyimi sunar. Mod\u00fcler yap\u0131s\u0131 sayesinde mekan\u0131n\u0131za uyum sa\u011flayacak \u015fekilde d\u00fczenlenebilir, k\u00f6\u015fe yap\u0131s\u0131yla hem estetik hem de i\u015flevsel bir alan yarat\u0131r.\" \/>\n<meta property=\"og:url\" content=\"https:\/\/newmood.com.tr\/en\/new-scala-kose-koltuk\/\" \/>\n<meta property=\"og:site_name\" content=\"Newmood\" \/>\n<meta property=\"article:modified_time\" content=\"2024-09-12T09:39:05+00:00\" \/>\n<meta property=\"og:image\" content=\"https:\/\/newmood.com.tr\/wp-content\/uploads\/2024\/09\/new-scala-kose-takimi-120924-4.jpg\" \/>\n\t<meta property=\"og:image:width\" content=\"1920\" \/>\n\t<meta property=\"og:image:height\" content=\"1200\" \/>\n\t<meta property=\"og:image:type\" content=\"image\/jpeg\" \/>\n<meta name=\"twitter:card\" content=\"summary_large_image\" \/>\n<script type=\"application\/ld+json\" class=\"yoast-schema-graph\">{\"@context\":\"https:\/\/schema.org\",\"@graph\":[{\"@type\":\"WebPage\",\"@id\":\"https:\/\/newmood.com.tr\/en\/new-scala-kose-koltuk\/\",\"url\":\"https:\/\/newmood.com.tr\/en\/new-scala-kose-koltuk\/\",\"name\":\"New Scala K\u00f6\u015fe Koltuk - Newmood\",\"isPartOf\":{\"@id\":\"https:\/\/newmood.com.tr\/en\/#website\"},\"primaryImageOfPage\":{\"@id\":\"https:\/\/newmood.com.tr\/en\/new-scala-kose-koltuk\/#primaryimage\"},\"image\":{\"@id\":\"https:\/\/newmood.com.tr\/en\/new-scala-kose-koltuk\/#primaryimage\"},\"thumbnailUrl\":\"https:\/\/newmood.com.tr\/wp-content\/uploads\/2024\/09\/new-scala-kose-takimi-120924-4.jpg\",\"datePublished\":\"2024-09-12T09:39:04+00:00\",\"dateModified\":\"2024-09-12T09:39:05+00:00\",\"breadcrumb\":{\"@id\":\"https:\/\/newmood.com.tr\/en\/new-scala-kose-koltuk\/#breadcrumb\"},\"inLanguage\":\"en-US\",\"potentialAction\":[{\"@type\":\"ReadAction\",\"target\":[\"https:\/\/newmood.com.tr\/en\/new-scala-kose-koltuk\/\"]}]},{\"@type\":\"ImageObject\",\"inLanguage\":\"en-US\",\"@id\":\"https:\/\/newmood.com.tr\/en\/new-scala-kose-koltuk\/#primaryimage\",\"url\":\"https:\/\/newmood.com.tr\/wp-content\/uploads\/2024\/09\/new-scala-kose-takimi-120924-4.jpg\",\"contentUrl\":\"https:\/\/newmood.com.tr\/wp-content\/uploads\/2024\/09\/new-scala-kose-takimi-120924-4.jpg\",\"width\":1920,\"height\":1200},{\"@type\":\"BreadcrumbList\",\"@id\":\"https:\/\/newmood.com.tr\/en\/new-scala-kose-koltuk\/#breadcrumb\",\"itemListElement\":[{\"@type\":\"ListItem\",\"position\":1,\"name\":\"Anasayfa\",\"item\":\"https:\/\/newmood.com.tr\/\"},{\"@type\":\"ListItem\",\"position\":2,\"name\":\"\u00dcr\u00fcnler\",\"item\":\"https:\/\/newmood.com.tr\/shop\/\"},{\"@type\":\"ListItem\",\"position\":3,\"name\":\"New Scala K\u00f6\u015fe Koltuk\"}]},{\"@type\":\"WebSite\",\"@id\":\"https:\/\/newmood.com.tr\/en\/#website\",\"url\":\"https:\/\/newmood.com.tr\/en\/\",\"name\":\"Newmood\",\"description\":\"\",\"potentialAction\":[{\"@type\":\"SearchAction\",\"target\":{\"@type\":\"EntryPoint\",\"urlTemplate\":\"https:\/\/newmood.com.tr\/en\/?s={search_term_string}\"},\"query-input\":{\"@type\":\"PropertyValueSpecification\",\"valueRequired\":true,\"valueName\":\"search_term_string\"}}],\"inLanguage\":\"en-US\"}]}<\/script>\n<!-- \/ Yoast SEO plugin. -->","yoast_head_json":{"title":"New Scala K\u00f6\u015fe Koltuk - Newmood","robots":{"index":"index","follow":"follow","max-snippet":"max-snippet:-1","max-image-preview":"max-image-preview:large","max-video-preview":"max-video-preview:-1"},"canonical":"https:\/\/newmood.com.tr\/en\/new-scala-kose-koltuk\/","og_locale":"en_US","og_type":"article","og_title":"New Scala K\u00f6\u015fe Koltuk - Newmood","og_description":"New Scala K\u00f6\u015fe Koltuk, modern \u00e7izgileri ve \u015f\u0131k tasar\u0131m\u0131yla ya\u015fam alan\u0131n\u0131za sofistike bir hava kat\u0131yor. Geni\u015f ve rahat oturma alan\u0131, yumu\u015fak dokulu minderleriyle konforlu bir dinlenme deneyimi sunar. Mod\u00fcler yap\u0131s\u0131 sayesinde mekan\u0131n\u0131za uyum sa\u011flayacak \u015fekilde d\u00fczenlenebilir, k\u00f6\u015fe yap\u0131s\u0131yla hem estetik hem de i\u015flevsel bir alan yarat\u0131r.","og_url":"https:\/\/newmood.com.tr\/en\/new-scala-kose-koltuk\/","og_site_name":"Newmood","article_modified_time":"2024-09-12T09:39:05+00:00","og_image":[{"width":1920,"height":1200,"url":"https:\/\/newmood.com.tr\/wp-content\/uploads\/2024\/09\/new-scala-kose-takimi-120924-4.jpg","type":"image\/jpeg"}],"twitter_card":"summary_large_image","schema":{"@context":"https:\/\/schema.org","@graph":[{"@type":"WebPage","@id":"https:\/\/newmood.com.tr\/en\/new-scala-kose-koltuk\/","url":"https:\/\/newmood.com.tr\/en\/new-scala-kose-koltuk\/","name":"New Scala K\u00f6\u015fe Koltuk - Newmood","isPartOf":{"@id":"https:\/\/newmood.com.tr\/en\/#website"},"primaryImageOfPage":{"@id":"https:\/\/newmood.com.tr\/en\/new-scala-kose-koltuk\/#primaryimage"},"image":{"@id":"https:\/\/newmood.com.tr\/en\/new-scala-kose-koltuk\/#primaryimage"},"thumbnailUrl":"https:\/\/newmood.com.tr\/wp-content\/uploads\/2024\/09\/new-scala-kose-takimi-120924-4.jpg","datePublished":"2024-09-12T09:39:04+00:00","dateModified":"2024-09-12T09:39:05+00:00","breadcrumb":{"@id":"https:\/\/newmood.com.tr\/en\/new-scala-kose-koltuk\/#breadcrumb"},"inLanguage":"en-US","potentialAction":[{"@type":"ReadAction","target":["https:\/\/newmood.com.tr\/en\/new-scala-kose-koltuk\/"]}]},{"@type":"ImageObject","inLanguage":"en-US","@id":"https:\/\/newmood.com.tr\/en\/new-scala-kose-koltuk\/#primaryimage","url":"https:\/\/newmood.com.tr\/wp-content\/uploads\/2024\/09\/new-scala-kose-takimi-120924-4.jpg","contentUrl":"https:\/\/newmood.com.tr\/wp-content\/uploads\/2024\/09\/new-scala-kose-takimi-120924-4.jpg","width":1920,"height":1200},{"@type":"BreadcrumbList","@id":"https:\/\/newmood.com.tr\/en\/new-scala-kose-koltuk\/#breadcrumb","itemListElement":[{"@type":"ListItem","position":1,"name":"Anasayfa","item":"https:\/\/newmood.com.tr\/"},{"@type":"ListItem","position":2,"name":"\u00dcr\u00fcnler","item":"https:\/\/newmood.com.tr\/shop\/"},{"@type":"ListItem","position":3,"name":"New Scala K\u00f6\u015fe Koltuk"}]},{"@type":"WebSite","@id":"https:\/\/newmood.com.tr\/en\/#website","url":"https:\/\/newmood.com.tr\/en\/","name":"Newmood","description":"","potentialAction":[{"@type":"SearchAction","target":{"@type":"EntryPoint","urlTemplate":"https:\/\/newmood.com.tr\/en\/?s={search_term_string}"},"query-input":{"@type":"PropertyValueSpecification","valueRequired":true,"valueName":"search_term_string"}}],"inLanguage":"en-US"}]}},"_links":{"self":[{"href":"https:\/\/newmood.com.tr\/en\/wp-json\/wp\/v2\/product\/1342"}],"collection":[{"href":"https:\/\/newmood.com.tr\/en\/wp-json\/wp\/v2\/product"}],"about":[{"href":"https:\/\/newmood.com.tr\/en\/wp-json\/wp\/v2\/types\/product"}],"replies":[{"embeddable":true,"href":"https:\/\/newmood.com.tr\/en\/wp-json\/wp\/v2\/comments?post=1342"}],"wp:featuredmedia":[{"embeddable":true,"href":"https:\/\/newmood.com.tr\/en\/wp-json\/wp\/v2\/media\/1338"}],"wp:attachment":[{"href":"https:\/\/newmood.com.tr\/en\/wp-json\/wp\/v2\/media?parent=1342"}],"wp:term":[{"taxonomy":"product_brand","embeddable":true,"href":"https:\/\/newmood.com.tr\/en\/wp-json\/wp\/v2\/product_brand?post=1342"},{"taxonomy":"product_cat","embeddable":true,"href":"https:\/\/newmood.com.tr\/en\/wp-json\/wp\/v2\/product_cat?post=1342"},{"taxonomy":"product_tag","embeddable":true,"href":"https:\/\/newmood.com.tr\/en\/wp-json\/wp\/v2\/product_tag?post=1342"}],"curies":[{"name":"wp","href":"https:\/\/api.w.org\/{rel}","templated":true}]}}