{"id":1311,"date":"2024-09-11T14:33:15","date_gmt":"2024-09-11T14:33:15","guid":{"rendered":"https:\/\/newmood.kodektif.com\/?post_type=product&#038;p=1311"},"modified":"2024-09-11T14:33:16","modified_gmt":"2024-09-11T14:33:16","slug":"toscano-kose-koltuk","status":"publish","type":"product","link":"https:\/\/newmood.com.tr\/en\/toscano-kose-koltuk\/","title":{"rendered":"Toscano Corner Sofa"},"content":{"rendered":"","protected":false},"excerpt":{"rendered":"<p>Toscano Corner Sofa brings an elegant touch to your living space with its modern and stylish design. Its large seating area and soft cushions offer a comfortable seating experience. Its ergonomic structure, back supports and high-quality fabric provide comfort even during long sessions. Drawing attention with its stylish details and elegant lines, Toscano Corner Sofa is designed to adapt to all types of interior decoration. Its modular structure allows different arrangements and makes the best use of the shape of your room.<\/p>","protected":false},"featured_media":1302,"comment_status":"open","ping_status":"closed","template":"","meta":[],"product_brand":[],"product_cat":[15,39],"product_tag":[],"class_list":{"0":"post-1311","1":"product","2":"type-product","3":"status-publish","4":"has-post-thumbnail","6":"product_cat-urunler","7":"product_cat-kose-koltuklar","9":"first","10":"instock","11":"shipping-taxable","12":"product-type-simple"},"yoast_head":"<!-- This site is optimized with the Yoast SEO plugin v24.9 - https:\/\/yoast.com\/wordpress\/plugins\/seo\/ -->\n<title>Toscano K\u00f6\u015fe Koltuk - Newmood<\/title>\n<meta name=\"robots\" content=\"index, follow, max-snippet:-1, max-image-preview:large, max-video-preview:-1\" \/>\n<link rel=\"canonical\" href=\"https:\/\/newmood.com.tr\/en\/toscano-kose-koltuk\/\" \/>\n<meta property=\"og:locale\" content=\"en_US\" \/>\n<meta property=\"og:type\" content=\"article\" \/>\n<meta property=\"og:title\" content=\"Toscano K\u00f6\u015fe Koltuk - Newmood\" \/>\n<meta property=\"og:description\" content=\"Toscano K\u00f6\u015fe Koltuk, modern ve \u015f\u0131k tasar\u0131m\u0131yla ya\u015fam alan\u0131n\u0131za zarif bir dokunu\u015f getirir. Geni\u015f oturma alan\u0131 ve yumu\u015fak minderleri, konforlu bir oturum deneyimi sunar. Ergonomik yap\u0131s\u0131, s\u0131rt destekleri ve y\u00fcksek kaliteli kuma\u015f\u0131, uzun s\u00fcreli oturumlarda bile rahatl\u0131k sa\u011flar. \u015e\u0131k detaylar\u0131 ve zarif \u00e7izgileriyle dikkat \u00e7eken Toscano K\u00f6\u015fe Koltuk, her t\u00fcr i\u00e7 mekan dekorasyonuna uyum sa\u011flayacak \u015fekilde tasarlanm\u0131\u015ft\u0131r. Mod\u00fcler yap\u0131s\u0131, farkl\u0131 d\u00fczenlemelere olanak tan\u0131r ve odan\u0131z\u0131n \u015feklini en iyi \u015fekilde de\u011ferlendirir.\" \/>\n<meta property=\"og:url\" content=\"https:\/\/newmood.com.tr\/en\/toscano-kose-koltuk\/\" \/>\n<meta property=\"og:site_name\" content=\"Newmood\" \/>\n<meta property=\"article:modified_time\" content=\"2024-09-11T14:33:16+00:00\" \/>\n<meta property=\"og:image\" content=\"https:\/\/newmood.com.tr\/wp-content\/uploads\/2024\/09\/toscano-kose-takimi-110924-1.jpg\" \/>\n\t<meta property=\"og:image:width\" content=\"1920\" \/>\n\t<meta property=\"og:image:height\" content=\"1200\" \/>\n\t<meta property=\"og:image:type\" content=\"image\/jpeg\" \/>\n<meta name=\"twitter:card\" content=\"summary_large_image\" \/>\n<script type=\"application\/ld+json\" class=\"yoast-schema-graph\">{\"@context\":\"https:\/\/schema.org\",\"@graph\":[{\"@type\":\"WebPage\",\"@id\":\"https:\/\/newmood.com.tr\/en\/toscano-kose-koltuk\/\",\"url\":\"https:\/\/newmood.com.tr\/en\/toscano-kose-koltuk\/\",\"name\":\"Toscano K\u00f6\u015fe Koltuk - Newmood\",\"isPartOf\":{\"@id\":\"https:\/\/newmood.com.tr\/en\/#website\"},\"primaryImageOfPage\":{\"@id\":\"https:\/\/newmood.com.tr\/en\/toscano-kose-koltuk\/#primaryimage\"},\"image\":{\"@id\":\"https:\/\/newmood.com.tr\/en\/toscano-kose-koltuk\/#primaryimage\"},\"thumbnailUrl\":\"https:\/\/newmood.com.tr\/wp-content\/uploads\/2024\/09\/toscano-kose-takimi-110924-1.jpg\",\"datePublished\":\"2024-09-11T14:33:15+00:00\",\"dateModified\":\"2024-09-11T14:33:16+00:00\",\"breadcrumb\":{\"@id\":\"https:\/\/newmood.com.tr\/en\/toscano-kose-koltuk\/#breadcrumb\"},\"inLanguage\":\"en-US\",\"potentialAction\":[{\"@type\":\"ReadAction\",\"target\":[\"https:\/\/newmood.com.tr\/en\/toscano-kose-koltuk\/\"]}]},{\"@type\":\"ImageObject\",\"inLanguage\":\"en-US\",\"@id\":\"https:\/\/newmood.com.tr\/en\/toscano-kose-koltuk\/#primaryimage\",\"url\":\"https:\/\/newmood.com.tr\/wp-content\/uploads\/2024\/09\/toscano-kose-takimi-110924-1.jpg\",\"contentUrl\":\"https:\/\/newmood.com.tr\/wp-content\/uploads\/2024\/09\/toscano-kose-takimi-110924-1.jpg\",\"width\":1920,\"height\":1200},{\"@type\":\"BreadcrumbList\",\"@id\":\"https:\/\/newmood.com.tr\/en\/toscano-kose-koltuk\/#breadcrumb\",\"itemListElement\":[{\"@type\":\"ListItem\",\"position\":1,\"name\":\"Anasayfa\",\"item\":\"https:\/\/newmood.com.tr\/\"},{\"@type\":\"ListItem\",\"position\":2,\"name\":\"\u00dcr\u00fcnler\",\"item\":\"https:\/\/newmood.com.tr\/shop\/\"},{\"@type\":\"ListItem\",\"position\":3,\"name\":\"Toscano K\u00f6\u015fe Koltuk\"}]},{\"@type\":\"WebSite\",\"@id\":\"https:\/\/newmood.com.tr\/en\/#website\",\"url\":\"https:\/\/newmood.com.tr\/en\/\",\"name\":\"Newmood\",\"description\":\"\",\"potentialAction\":[{\"@type\":\"SearchAction\",\"target\":{\"@type\":\"EntryPoint\",\"urlTemplate\":\"https:\/\/newmood.com.tr\/en\/?s={search_term_string}\"},\"query-input\":{\"@type\":\"PropertyValueSpecification\",\"valueRequired\":true,\"valueName\":\"search_term_string\"}}],\"inLanguage\":\"en-US\"}]}<\/script>\n<!-- \/ Yoast SEO plugin. -->","yoast_head_json":{"title":"Toscano K\u00f6\u015fe Koltuk - Newmood","robots":{"index":"index","follow":"follow","max-snippet":"max-snippet:-1","max-image-preview":"max-image-preview:large","max-video-preview":"max-video-preview:-1"},"canonical":"https:\/\/newmood.com.tr\/en\/toscano-kose-koltuk\/","og_locale":"en_US","og_type":"article","og_title":"Toscano K\u00f6\u015fe Koltuk - Newmood","og_description":"Toscano K\u00f6\u015fe Koltuk, modern ve \u015f\u0131k tasar\u0131m\u0131yla ya\u015fam alan\u0131n\u0131za zarif bir dokunu\u015f getirir. Geni\u015f oturma alan\u0131 ve yumu\u015fak minderleri, konforlu bir oturum deneyimi sunar. Ergonomik yap\u0131s\u0131, s\u0131rt destekleri ve y\u00fcksek kaliteli kuma\u015f\u0131, uzun s\u00fcreli oturumlarda bile rahatl\u0131k sa\u011flar. \u015e\u0131k detaylar\u0131 ve zarif \u00e7izgileriyle dikkat \u00e7eken Toscano K\u00f6\u015fe Koltuk, her t\u00fcr i\u00e7 mekan dekorasyonuna uyum sa\u011flayacak \u015fekilde tasarlanm\u0131\u015ft\u0131r. Mod\u00fcler yap\u0131s\u0131, farkl\u0131 d\u00fczenlemelere olanak tan\u0131r ve odan\u0131z\u0131n \u015feklini en iyi \u015fekilde de\u011ferlendirir.","og_url":"https:\/\/newmood.com.tr\/en\/toscano-kose-koltuk\/","og_site_name":"Newmood","article_modified_time":"2024-09-11T14:33:16+00:00","og_image":[{"width":1920,"height":1200,"url":"https:\/\/newmood.com.tr\/wp-content\/uploads\/2024\/09\/toscano-kose-takimi-110924-1.jpg","type":"image\/jpeg"}],"twitter_card":"summary_large_image","schema":{"@context":"https:\/\/schema.org","@graph":[{"@type":"WebPage","@id":"https:\/\/newmood.com.tr\/en\/toscano-kose-koltuk\/","url":"https:\/\/newmood.com.tr\/en\/toscano-kose-koltuk\/","name":"Toscano K\u00f6\u015fe Koltuk - Newmood","isPartOf":{"@id":"https:\/\/newmood.com.tr\/en\/#website"},"primaryImageOfPage":{"@id":"https:\/\/newmood.com.tr\/en\/toscano-kose-koltuk\/#primaryimage"},"image":{"@id":"https:\/\/newmood.com.tr\/en\/toscano-kose-koltuk\/#primaryimage"},"thumbnailUrl":"https:\/\/newmood.com.tr\/wp-content\/uploads\/2024\/09\/toscano-kose-takimi-110924-1.jpg","datePublished":"2024-09-11T14:33:15+00:00","dateModified":"2024-09-11T14:33:16+00:00","breadcrumb":{"@id":"https:\/\/newmood.com.tr\/en\/toscano-kose-koltuk\/#breadcrumb"},"inLanguage":"en-US","potentialAction":[{"@type":"ReadAction","target":["https:\/\/newmood.com.tr\/en\/toscano-kose-koltuk\/"]}]},{"@type":"ImageObject","inLanguage":"en-US","@id":"https:\/\/newmood.com.tr\/en\/toscano-kose-koltuk\/#primaryimage","url":"https:\/\/newmood.com.tr\/wp-content\/uploads\/2024\/09\/toscano-kose-takimi-110924-1.jpg","contentUrl":"https:\/\/newmood.com.tr\/wp-content\/uploads\/2024\/09\/toscano-kose-takimi-110924-1.jpg","width":1920,"height":1200},{"@type":"BreadcrumbList","@id":"https:\/\/newmood.com.tr\/en\/toscano-kose-koltuk\/#breadcrumb","itemListElement":[{"@type":"ListItem","position":1,"name":"Anasayfa","item":"https:\/\/newmood.com.tr\/"},{"@type":"ListItem","position":2,"name":"\u00dcr\u00fcnler","item":"https:\/\/newmood.com.tr\/shop\/"},{"@type":"ListItem","position":3,"name":"Toscano K\u00f6\u015fe Koltuk"}]},{"@type":"WebSite","@id":"https:\/\/newmood.com.tr\/en\/#website","url":"https:\/\/newmood.com.tr\/en\/","name":"Newmood","description":"","potentialAction":[{"@type":"SearchAction","target":{"@type":"EntryPoint","urlTemplate":"https:\/\/newmood.com.tr\/en\/?s={search_term_string}"},"query-input":{"@type":"PropertyValueSpecification","valueRequired":true,"valueName":"search_term_string"}}],"inLanguage":"en-US"}]}},"_links":{"self":[{"href":"https:\/\/newmood.com.tr\/en\/wp-json\/wp\/v2\/product\/1311"}],"collection":[{"href":"https:\/\/newmood.com.tr\/en\/wp-json\/wp\/v2\/product"}],"about":[{"href":"https:\/\/newmood.com.tr\/en\/wp-json\/wp\/v2\/types\/product"}],"replies":[{"embeddable":true,"href":"https:\/\/newmood.com.tr\/en\/wp-json\/wp\/v2\/comments?post=1311"}],"wp:featuredmedia":[{"embeddable":true,"href":"https:\/\/newmood.com.tr\/en\/wp-json\/wp\/v2\/media\/1302"}],"wp:attachment":[{"href":"https:\/\/newmood.com.tr\/en\/wp-json\/wp\/v2\/media?parent=1311"}],"wp:term":[{"taxonomy":"product_brand","embeddable":true,"href":"https:\/\/newmood.com.tr\/en\/wp-json\/wp\/v2\/product_brand?post=1311"},{"taxonomy":"product_cat","embeddable":true,"href":"https:\/\/newmood.com.tr\/en\/wp-json\/wp\/v2\/product_cat?post=1311"},{"taxonomy":"product_tag","embeddable":true,"href":"https:\/\/newmood.com.tr\/en\/wp-json\/wp\/v2\/product_tag?post=1311"}],"curies":[{"name":"wp","href":"https:\/\/api.w.org\/{rel}","templated":true}]}}