{"id":1259,"date":"2024-09-11T13:22:04","date_gmt":"2024-09-11T13:22:04","guid":{"rendered":"https:\/\/newmood.kodektif.com\/?post_type=product&#038;p=1259"},"modified":"2024-09-11T13:22:04","modified_gmt":"2024-09-11T13:22:04","slug":"lion-kose-koltuk","status":"publish","type":"product","link":"https:\/\/newmood.com.tr\/en\/lion-kose-koltuk\/","title":{"rendered":"Lion Corner Sofa"},"content":{"rendered":"","protected":false},"excerpt":{"rendered":"<p>Lion Corner Sofa brings a modern touch to your living spaces with its elegant design and comfort-oriented structure. Thanks to its large seating area and soft cushions, it offers comfort even during long sessions. Its ergonomic structure, back supports and comfortable fabric provide a comfortable sitting experience. Drawing attention with its stylish details and minimalist lines, the Lion Corner Sofa is designed to adapt to various decoration styles. Its modular structure allows different layouts to suit your space and maximizes the usable area of \u200b\u200byour room.<\/p>","protected":false},"featured_media":1250,"comment_status":"open","ping_status":"closed","template":"","meta":[],"product_brand":[],"product_cat":[15,39],"product_tag":[],"class_list":{"0":"post-1259","1":"product","2":"type-product","3":"status-publish","4":"has-post-thumbnail","6":"product_cat-urunler","7":"product_cat-kose-koltuklar","9":"first","10":"instock","11":"shipping-taxable","12":"product-type-simple"},"yoast_head":"<!-- This site is optimized with the Yoast SEO plugin v24.9 - https:\/\/yoast.com\/wordpress\/plugins\/seo\/ -->\n<title>Lion K\u00f6\u015fe Koltuk - Newmood<\/title>\n<meta name=\"robots\" content=\"index, follow, max-snippet:-1, max-image-preview:large, max-video-preview:-1\" \/>\n<link rel=\"canonical\" href=\"https:\/\/newmood.com.tr\/en\/lion-kose-koltuk\/\" \/>\n<meta property=\"og:locale\" content=\"en_US\" \/>\n<meta property=\"og:type\" content=\"article\" \/>\n<meta property=\"og:title\" content=\"Lion K\u00f6\u015fe Koltuk - Newmood\" \/>\n<meta property=\"og:description\" content=\"Lion K\u00f6\u015fe Koltuk, zarif tasar\u0131m\u0131 ve konfor odakl\u0131 yap\u0131s\u0131yla ya\u015fam alanlar\u0131n\u0131za modern bir dokunu\u015f getirir. Geni\u015f oturma alan\u0131 ve yumu\u015fak minderleri sayesinde, uzun s\u00fcreli oturumlarda bile rahatl\u0131k sunar. Ergonomik yap\u0131s\u0131, s\u0131rt destekleri ve rahat kuma\u015f\u0131, konforlu bir oturum deneyimi sa\u011flar. \u015e\u0131k detaylar\u0131 ve minimalist \u00e7izgileriyle dikkat \u00e7eken Lion K\u00f6\u015fe Koltuk, \u00e7e\u015fitli dekorasyon stillerine uyum sa\u011flayacak \u015fekilde tasarlanm\u0131\u015ft\u0131r. Mod\u00fcler yap\u0131s\u0131, mekan\u0131n\u0131za uygun farkl\u0131 yerle\u015fim d\u00fczenlerine imkan tan\u0131r ve odan\u0131z\u0131n kullan\u0131m alan\u0131n\u0131 maksimize eder.\" \/>\n<meta property=\"og:url\" content=\"https:\/\/newmood.com.tr\/en\/lion-kose-koltuk\/\" \/>\n<meta property=\"og:site_name\" content=\"Newmood\" \/>\n<meta property=\"og:image\" content=\"https:\/\/newmood.com.tr\/wp-content\/uploads\/2024\/09\/lion-kose-takimi-110924-9.jpg\" \/>\n\t<meta property=\"og:image:width\" content=\"1920\" \/>\n\t<meta property=\"og:image:height\" content=\"1200\" \/>\n\t<meta property=\"og:image:type\" content=\"image\/jpeg\" \/>\n<meta name=\"twitter:card\" content=\"summary_large_image\" \/>\n<script type=\"application\/ld+json\" class=\"yoast-schema-graph\">{\"@context\":\"https:\/\/schema.org\",\"@graph\":[{\"@type\":\"WebPage\",\"@id\":\"https:\/\/newmood.com.tr\/en\/lion-kose-koltuk\/\",\"url\":\"https:\/\/newmood.com.tr\/en\/lion-kose-koltuk\/\",\"name\":\"Lion K\u00f6\u015fe Koltuk - Newmood\",\"isPartOf\":{\"@id\":\"https:\/\/newmood.com.tr\/en\/#website\"},\"primaryImageOfPage\":{\"@id\":\"https:\/\/newmood.com.tr\/en\/lion-kose-koltuk\/#primaryimage\"},\"image\":{\"@id\":\"https:\/\/newmood.com.tr\/en\/lion-kose-koltuk\/#primaryimage\"},\"thumbnailUrl\":\"https:\/\/newmood.com.tr\/wp-content\/uploads\/2024\/09\/lion-kose-takimi-110924-9.jpg\",\"datePublished\":\"2024-09-11T13:22:04+00:00\",\"breadcrumb\":{\"@id\":\"https:\/\/newmood.com.tr\/en\/lion-kose-koltuk\/#breadcrumb\"},\"inLanguage\":\"en-US\",\"potentialAction\":[{\"@type\":\"ReadAction\",\"target\":[\"https:\/\/newmood.com.tr\/en\/lion-kose-koltuk\/\"]}]},{\"@type\":\"ImageObject\",\"inLanguage\":\"en-US\",\"@id\":\"https:\/\/newmood.com.tr\/en\/lion-kose-koltuk\/#primaryimage\",\"url\":\"https:\/\/newmood.com.tr\/wp-content\/uploads\/2024\/09\/lion-kose-takimi-110924-9.jpg\",\"contentUrl\":\"https:\/\/newmood.com.tr\/wp-content\/uploads\/2024\/09\/lion-kose-takimi-110924-9.jpg\",\"width\":1920,\"height\":1200},{\"@type\":\"BreadcrumbList\",\"@id\":\"https:\/\/newmood.com.tr\/en\/lion-kose-koltuk\/#breadcrumb\",\"itemListElement\":[{\"@type\":\"ListItem\",\"position\":1,\"name\":\"Anasayfa\",\"item\":\"https:\/\/newmood.com.tr\/\"},{\"@type\":\"ListItem\",\"position\":2,\"name\":\"\u00dcr\u00fcnler\",\"item\":\"https:\/\/newmood.com.tr\/shop\/\"},{\"@type\":\"ListItem\",\"position\":3,\"name\":\"Lion K\u00f6\u015fe Koltuk\"}]},{\"@type\":\"WebSite\",\"@id\":\"https:\/\/newmood.com.tr\/en\/#website\",\"url\":\"https:\/\/newmood.com.tr\/en\/\",\"name\":\"Newmood\",\"description\":\"\",\"potentialAction\":[{\"@type\":\"SearchAction\",\"target\":{\"@type\":\"EntryPoint\",\"urlTemplate\":\"https:\/\/newmood.com.tr\/en\/?s={search_term_string}\"},\"query-input\":{\"@type\":\"PropertyValueSpecification\",\"valueRequired\":true,\"valueName\":\"search_term_string\"}}],\"inLanguage\":\"en-US\"}]}<\/script>\n<!-- \/ Yoast SEO plugin. -->","yoast_head_json":{"title":"Lion K\u00f6\u015fe Koltuk - Newmood","robots":{"index":"index","follow":"follow","max-snippet":"max-snippet:-1","max-image-preview":"max-image-preview:large","max-video-preview":"max-video-preview:-1"},"canonical":"https:\/\/newmood.com.tr\/en\/lion-kose-koltuk\/","og_locale":"en_US","og_type":"article","og_title":"Lion K\u00f6\u015fe Koltuk - Newmood","og_description":"Lion K\u00f6\u015fe Koltuk, zarif tasar\u0131m\u0131 ve konfor odakl\u0131 yap\u0131s\u0131yla ya\u015fam alanlar\u0131n\u0131za modern bir dokunu\u015f getirir. Geni\u015f oturma alan\u0131 ve yumu\u015fak minderleri sayesinde, uzun s\u00fcreli oturumlarda bile rahatl\u0131k sunar. Ergonomik yap\u0131s\u0131, s\u0131rt destekleri ve rahat kuma\u015f\u0131, konforlu bir oturum deneyimi sa\u011flar. \u015e\u0131k detaylar\u0131 ve minimalist \u00e7izgileriyle dikkat \u00e7eken Lion K\u00f6\u015fe Koltuk, \u00e7e\u015fitli dekorasyon stillerine uyum sa\u011flayacak \u015fekilde tasarlanm\u0131\u015ft\u0131r. Mod\u00fcler yap\u0131s\u0131, mekan\u0131n\u0131za uygun farkl\u0131 yerle\u015fim d\u00fczenlerine imkan tan\u0131r ve odan\u0131z\u0131n kullan\u0131m alan\u0131n\u0131 maksimize eder.","og_url":"https:\/\/newmood.com.tr\/en\/lion-kose-koltuk\/","og_site_name":"Newmood","og_image":[{"width":1920,"height":1200,"url":"https:\/\/newmood.com.tr\/wp-content\/uploads\/2024\/09\/lion-kose-takimi-110924-9.jpg","type":"image\/jpeg"}],"twitter_card":"summary_large_image","schema":{"@context":"https:\/\/schema.org","@graph":[{"@type":"WebPage","@id":"https:\/\/newmood.com.tr\/en\/lion-kose-koltuk\/","url":"https:\/\/newmood.com.tr\/en\/lion-kose-koltuk\/","name":"Lion K\u00f6\u015fe Koltuk - Newmood","isPartOf":{"@id":"https:\/\/newmood.com.tr\/en\/#website"},"primaryImageOfPage":{"@id":"https:\/\/newmood.com.tr\/en\/lion-kose-koltuk\/#primaryimage"},"image":{"@id":"https:\/\/newmood.com.tr\/en\/lion-kose-koltuk\/#primaryimage"},"thumbnailUrl":"https:\/\/newmood.com.tr\/wp-content\/uploads\/2024\/09\/lion-kose-takimi-110924-9.jpg","datePublished":"2024-09-11T13:22:04+00:00","breadcrumb":{"@id":"https:\/\/newmood.com.tr\/en\/lion-kose-koltuk\/#breadcrumb"},"inLanguage":"en-US","potentialAction":[{"@type":"ReadAction","target":["https:\/\/newmood.com.tr\/en\/lion-kose-koltuk\/"]}]},{"@type":"ImageObject","inLanguage":"en-US","@id":"https:\/\/newmood.com.tr\/en\/lion-kose-koltuk\/#primaryimage","url":"https:\/\/newmood.com.tr\/wp-content\/uploads\/2024\/09\/lion-kose-takimi-110924-9.jpg","contentUrl":"https:\/\/newmood.com.tr\/wp-content\/uploads\/2024\/09\/lion-kose-takimi-110924-9.jpg","width":1920,"height":1200},{"@type":"BreadcrumbList","@id":"https:\/\/newmood.com.tr\/en\/lion-kose-koltuk\/#breadcrumb","itemListElement":[{"@type":"ListItem","position":1,"name":"Anasayfa","item":"https:\/\/newmood.com.tr\/"},{"@type":"ListItem","position":2,"name":"\u00dcr\u00fcnler","item":"https:\/\/newmood.com.tr\/shop\/"},{"@type":"ListItem","position":3,"name":"Lion K\u00f6\u015fe Koltuk"}]},{"@type":"WebSite","@id":"https:\/\/newmood.com.tr\/en\/#website","url":"https:\/\/newmood.com.tr\/en\/","name":"Newmood","description":"","potentialAction":[{"@type":"SearchAction","target":{"@type":"EntryPoint","urlTemplate":"https:\/\/newmood.com.tr\/en\/?s={search_term_string}"},"query-input":{"@type":"PropertyValueSpecification","valueRequired":true,"valueName":"search_term_string"}}],"inLanguage":"en-US"}]}},"_links":{"self":[{"href":"https:\/\/newmood.com.tr\/en\/wp-json\/wp\/v2\/product\/1259"}],"collection":[{"href":"https:\/\/newmood.com.tr\/en\/wp-json\/wp\/v2\/product"}],"about":[{"href":"https:\/\/newmood.com.tr\/en\/wp-json\/wp\/v2\/types\/product"}],"replies":[{"embeddable":true,"href":"https:\/\/newmood.com.tr\/en\/wp-json\/wp\/v2\/comments?post=1259"}],"wp:featuredmedia":[{"embeddable":true,"href":"https:\/\/newmood.com.tr\/en\/wp-json\/wp\/v2\/media\/1250"}],"wp:attachment":[{"href":"https:\/\/newmood.com.tr\/en\/wp-json\/wp\/v2\/media?parent=1259"}],"wp:term":[{"taxonomy":"product_brand","embeddable":true,"href":"https:\/\/newmood.com.tr\/en\/wp-json\/wp\/v2\/product_brand?post=1259"},{"taxonomy":"product_cat","embeddable":true,"href":"https:\/\/newmood.com.tr\/en\/wp-json\/wp\/v2\/product_cat?post=1259"},{"taxonomy":"product_tag","embeddable":true,"href":"https:\/\/newmood.com.tr\/en\/wp-json\/wp\/v2\/product_tag?post=1259"}],"curies":[{"name":"wp","href":"https:\/\/api.w.org\/{rel}","templated":true}]}}