{"id":1241,"date":"2024-09-11T13:19:21","date_gmt":"2024-09-11T13:19:21","guid":{"rendered":"https:\/\/newmood.kodektif.com\/?post_type=product&#038;p=1241"},"modified":"2024-09-11T13:19:52","modified_gmt":"2024-09-11T13:19:52","slug":"lion-kose-takimi","status":"publish","type":"product","link":"https:\/\/newmood.com.tr\/en\/lion-kose-takimi\/","title":{"rendered":"Lion Corner Set"},"content":{"rendered":"","protected":false},"excerpt":{"rendered":"<p>Lion Corner Set brings a sophisticated touch to your living spaces with its modern design and comfort-oriented features. It offers a comfortable seating experience thanks to its large seating area and comfortable cushions. It provides an eye-catching aesthetic with its stylish lines and elegant details. Thanks to its modular structure, this corner set can easily adapt to different layouts and adds flexibility and functionality to your space. It is made of quality materials and stands out with its durability and long-lasting use.<\/p>","protected":false},"featured_media":1242,"comment_status":"open","ping_status":"closed","template":"","meta":[],"product_brand":[],"product_cat":[17,38],"product_tag":[],"class_list":{"0":"post-1241","1":"product","2":"type-product","3":"status-publish","4":"has-post-thumbnail","6":"product_cat-koleksiyonlar","7":"product_cat-kose-takimlari","9":"first","10":"instock","11":"shipping-taxable","12":"product-type-simple"},"yoast_head":"<!-- This site is optimized with the Yoast SEO plugin v24.9 - https:\/\/yoast.com\/wordpress\/plugins\/seo\/ -->\n<title>Lion K\u00f6\u015fe Tak\u0131m\u0131 - Newmood<\/title>\n<meta name=\"robots\" content=\"index, follow, max-snippet:-1, max-image-preview:large, max-video-preview:-1\" \/>\n<link rel=\"canonical\" href=\"https:\/\/newmood.com.tr\/en\/lion-kose-takimi\/\" \/>\n<meta property=\"og:locale\" content=\"en_US\" \/>\n<meta property=\"og:type\" content=\"article\" \/>\n<meta property=\"og:title\" content=\"Lion K\u00f6\u015fe Tak\u0131m\u0131 - Newmood\" \/>\n<meta property=\"og:description\" content=\"Lion K\u00f6\u015fe Tak\u0131m\u0131, modern tasar\u0131m\u0131 ve konfor odakl\u0131 \u00f6zellikleriyle ya\u015fam alanlar\u0131n\u0131za sofistike bir dokunu\u015f getirir. Geni\u015f oturma alan\u0131 ve rahat minderleri sayesinde konforlu bir oturum deneyimi sunar. \u015e\u0131k hatlar\u0131 ve zarif detaylar\u0131 ile g\u00f6z al\u0131c\u0131 bir estetik sa\u011flar. Mod\u00fcler yap\u0131s\u0131 sayesinde, farkl\u0131 yerle\u015fim d\u00fczenlerine kolayca uyum sa\u011flayabilen bu k\u00f6\u015fe tak\u0131m\u0131, mekan\u0131n\u0131za esneklik ve i\u015flevsellik katar. Kaliteli malzemelerden \u00fcretilmi\u015f olup, hem dayan\u0131kl\u0131l\u0131\u011f\u0131 hem de uzun \u00f6m\u00fcrl\u00fc kullan\u0131m\u0131 ile \u00f6ne \u00e7\u0131kar.\" \/>\n<meta property=\"og:url\" content=\"https:\/\/newmood.com.tr\/en\/lion-kose-takimi\/\" \/>\n<meta property=\"og:site_name\" content=\"Newmood\" \/>\n<meta property=\"article:modified_time\" content=\"2024-09-11T13:19:52+00:00\" \/>\n<meta property=\"og:image\" content=\"https:\/\/newmood.com.tr\/wp-content\/uploads\/2024\/09\/lion-kose-takimi-110924-1.jpg\" \/>\n\t<meta property=\"og:image:width\" content=\"1920\" \/>\n\t<meta property=\"og:image:height\" content=\"1200\" \/>\n\t<meta property=\"og:image:type\" content=\"image\/jpeg\" \/>\n<meta name=\"twitter:card\" content=\"summary_large_image\" \/>\n<script type=\"application\/ld+json\" class=\"yoast-schema-graph\">{\"@context\":\"https:\/\/schema.org\",\"@graph\":[{\"@type\":\"WebPage\",\"@id\":\"https:\/\/newmood.com.tr\/en\/lion-kose-takimi\/\",\"url\":\"https:\/\/newmood.com.tr\/en\/lion-kose-takimi\/\",\"name\":\"Lion K\u00f6\u015fe Tak\u0131m\u0131 - Newmood\",\"isPartOf\":{\"@id\":\"https:\/\/newmood.com.tr\/en\/#website\"},\"primaryImageOfPage\":{\"@id\":\"https:\/\/newmood.com.tr\/en\/lion-kose-takimi\/#primaryimage\"},\"image\":{\"@id\":\"https:\/\/newmood.com.tr\/en\/lion-kose-takimi\/#primaryimage\"},\"thumbnailUrl\":\"https:\/\/newmood.com.tr\/wp-content\/uploads\/2024\/09\/lion-kose-takimi-110924-1.jpg\",\"datePublished\":\"2024-09-11T13:19:21+00:00\",\"dateModified\":\"2024-09-11T13:19:52+00:00\",\"breadcrumb\":{\"@id\":\"https:\/\/newmood.com.tr\/en\/lion-kose-takimi\/#breadcrumb\"},\"inLanguage\":\"en-US\",\"potentialAction\":[{\"@type\":\"ReadAction\",\"target\":[\"https:\/\/newmood.com.tr\/en\/lion-kose-takimi\/\"]}]},{\"@type\":\"ImageObject\",\"inLanguage\":\"en-US\",\"@id\":\"https:\/\/newmood.com.tr\/en\/lion-kose-takimi\/#primaryimage\",\"url\":\"https:\/\/newmood.com.tr\/wp-content\/uploads\/2024\/09\/lion-kose-takimi-110924-1.jpg\",\"contentUrl\":\"https:\/\/newmood.com.tr\/wp-content\/uploads\/2024\/09\/lion-kose-takimi-110924-1.jpg\",\"width\":1920,\"height\":1200},{\"@type\":\"BreadcrumbList\",\"@id\":\"https:\/\/newmood.com.tr\/en\/lion-kose-takimi\/#breadcrumb\",\"itemListElement\":[{\"@type\":\"ListItem\",\"position\":1,\"name\":\"Anasayfa\",\"item\":\"https:\/\/newmood.com.tr\/\"},{\"@type\":\"ListItem\",\"position\":2,\"name\":\"\u00dcr\u00fcnler\",\"item\":\"https:\/\/newmood.com.tr\/shop\/\"},{\"@type\":\"ListItem\",\"position\":3,\"name\":\"Lion K\u00f6\u015fe Tak\u0131m\u0131\"}]},{\"@type\":\"WebSite\",\"@id\":\"https:\/\/newmood.com.tr\/en\/#website\",\"url\":\"https:\/\/newmood.com.tr\/en\/\",\"name\":\"Newmood\",\"description\":\"\",\"potentialAction\":[{\"@type\":\"SearchAction\",\"target\":{\"@type\":\"EntryPoint\",\"urlTemplate\":\"https:\/\/newmood.com.tr\/en\/?s={search_term_string}\"},\"query-input\":{\"@type\":\"PropertyValueSpecification\",\"valueRequired\":true,\"valueName\":\"search_term_string\"}}],\"inLanguage\":\"en-US\"}]}<\/script>\n<!-- \/ Yoast SEO plugin. -->","yoast_head_json":{"title":"Lion K\u00f6\u015fe Tak\u0131m\u0131 - Newmood","robots":{"index":"index","follow":"follow","max-snippet":"max-snippet:-1","max-image-preview":"max-image-preview:large","max-video-preview":"max-video-preview:-1"},"canonical":"https:\/\/newmood.com.tr\/en\/lion-kose-takimi\/","og_locale":"en_US","og_type":"article","og_title":"Lion K\u00f6\u015fe Tak\u0131m\u0131 - Newmood","og_description":"Lion K\u00f6\u015fe Tak\u0131m\u0131, modern tasar\u0131m\u0131 ve konfor odakl\u0131 \u00f6zellikleriyle ya\u015fam alanlar\u0131n\u0131za sofistike bir dokunu\u015f getirir. Geni\u015f oturma alan\u0131 ve rahat minderleri sayesinde konforlu bir oturum deneyimi sunar. \u015e\u0131k hatlar\u0131 ve zarif detaylar\u0131 ile g\u00f6z al\u0131c\u0131 bir estetik sa\u011flar. Mod\u00fcler yap\u0131s\u0131 sayesinde, farkl\u0131 yerle\u015fim d\u00fczenlerine kolayca uyum sa\u011flayabilen bu k\u00f6\u015fe tak\u0131m\u0131, mekan\u0131n\u0131za esneklik ve i\u015flevsellik katar. Kaliteli malzemelerden \u00fcretilmi\u015f olup, hem dayan\u0131kl\u0131l\u0131\u011f\u0131 hem de uzun \u00f6m\u00fcrl\u00fc kullan\u0131m\u0131 ile \u00f6ne \u00e7\u0131kar.","og_url":"https:\/\/newmood.com.tr\/en\/lion-kose-takimi\/","og_site_name":"Newmood","article_modified_time":"2024-09-11T13:19:52+00:00","og_image":[{"width":1920,"height":1200,"url":"https:\/\/newmood.com.tr\/wp-content\/uploads\/2024\/09\/lion-kose-takimi-110924-1.jpg","type":"image\/jpeg"}],"twitter_card":"summary_large_image","schema":{"@context":"https:\/\/schema.org","@graph":[{"@type":"WebPage","@id":"https:\/\/newmood.com.tr\/en\/lion-kose-takimi\/","url":"https:\/\/newmood.com.tr\/en\/lion-kose-takimi\/","name":"Lion K\u00f6\u015fe Tak\u0131m\u0131 - Newmood","isPartOf":{"@id":"https:\/\/newmood.com.tr\/en\/#website"},"primaryImageOfPage":{"@id":"https:\/\/newmood.com.tr\/en\/lion-kose-takimi\/#primaryimage"},"image":{"@id":"https:\/\/newmood.com.tr\/en\/lion-kose-takimi\/#primaryimage"},"thumbnailUrl":"https:\/\/newmood.com.tr\/wp-content\/uploads\/2024\/09\/lion-kose-takimi-110924-1.jpg","datePublished":"2024-09-11T13:19:21+00:00","dateModified":"2024-09-11T13:19:52+00:00","breadcrumb":{"@id":"https:\/\/newmood.com.tr\/en\/lion-kose-takimi\/#breadcrumb"},"inLanguage":"en-US","potentialAction":[{"@type":"ReadAction","target":["https:\/\/newmood.com.tr\/en\/lion-kose-takimi\/"]}]},{"@type":"ImageObject","inLanguage":"en-US","@id":"https:\/\/newmood.com.tr\/en\/lion-kose-takimi\/#primaryimage","url":"https:\/\/newmood.com.tr\/wp-content\/uploads\/2024\/09\/lion-kose-takimi-110924-1.jpg","contentUrl":"https:\/\/newmood.com.tr\/wp-content\/uploads\/2024\/09\/lion-kose-takimi-110924-1.jpg","width":1920,"height":1200},{"@type":"BreadcrumbList","@id":"https:\/\/newmood.com.tr\/en\/lion-kose-takimi\/#breadcrumb","itemListElement":[{"@type":"ListItem","position":1,"name":"Anasayfa","item":"https:\/\/newmood.com.tr\/"},{"@type":"ListItem","position":2,"name":"\u00dcr\u00fcnler","item":"https:\/\/newmood.com.tr\/shop\/"},{"@type":"ListItem","position":3,"name":"Lion K\u00f6\u015fe Tak\u0131m\u0131"}]},{"@type":"WebSite","@id":"https:\/\/newmood.com.tr\/en\/#website","url":"https:\/\/newmood.com.tr\/en\/","name":"Newmood","description":"","potentialAction":[{"@type":"SearchAction","target":{"@type":"EntryPoint","urlTemplate":"https:\/\/newmood.com.tr\/en\/?s={search_term_string}"},"query-input":{"@type":"PropertyValueSpecification","valueRequired":true,"valueName":"search_term_string"}}],"inLanguage":"en-US"}]}},"_links":{"self":[{"href":"https:\/\/newmood.com.tr\/en\/wp-json\/wp\/v2\/product\/1241"}],"collection":[{"href":"https:\/\/newmood.com.tr\/en\/wp-json\/wp\/v2\/product"}],"about":[{"href":"https:\/\/newmood.com.tr\/en\/wp-json\/wp\/v2\/types\/product"}],"replies":[{"embeddable":true,"href":"https:\/\/newmood.com.tr\/en\/wp-json\/wp\/v2\/comments?post=1241"}],"wp:featuredmedia":[{"embeddable":true,"href":"https:\/\/newmood.com.tr\/en\/wp-json\/wp\/v2\/media\/1242"}],"wp:attachment":[{"href":"https:\/\/newmood.com.tr\/en\/wp-json\/wp\/v2\/media?parent=1241"}],"wp:term":[{"taxonomy":"product_brand","embeddable":true,"href":"https:\/\/newmood.com.tr\/en\/wp-json\/wp\/v2\/product_brand?post=1241"},{"taxonomy":"product_cat","embeddable":true,"href":"https:\/\/newmood.com.tr\/en\/wp-json\/wp\/v2\/product_cat?post=1241"},{"taxonomy":"product_tag","embeddable":true,"href":"https:\/\/newmood.com.tr\/en\/wp-json\/wp\/v2\/product_tag?post=1241"}],"curies":[{"name":"wp","href":"https:\/\/api.w.org\/{rel}","templated":true}]}}