{"id":1221,"date":"2024-09-11T12:17:14","date_gmt":"2024-09-11T12:17:14","guid":{"rendered":"https:\/\/newmood.kodektif.com\/?post_type=product&#038;p=1221"},"modified":"2024-09-11T12:18:16","modified_gmt":"2024-09-11T12:18:16","slug":"bono-kose-takimi","status":"publish","type":"product","link":"https:\/\/newmood.com.tr\/en\/bono-corner-set\/","title":{"rendered":"Bono Corner Set"},"content":{"rendered":"","protected":false},"excerpt":{"rendered":"<p>Bono Corner Set offers the perfect combination of modern aesthetics and superior comfort. This set, which stands out with its soft textured fabric and large seating area, becomes the most enjoyable corner of your home by offering a comfortable seating experience. Thanks to its modular structure, it can be used in different arrangements depending on the shape and size of your room, thus providing maximum flexibility.<\/p>","protected":false},"featured_media":315,"comment_status":"open","ping_status":"closed","template":"","meta":[],"product_brand":[],"product_cat":[17,38],"product_tag":[],"class_list":{"0":"post-1221","1":"product","2":"type-product","3":"status-publish","4":"has-post-thumbnail","6":"product_cat-koleksiyonlar","7":"product_cat-kose-takimlari","9":"first","10":"instock","11":"shipping-taxable","12":"product-type-simple"},"yoast_head":"<!-- This site is optimized with the Yoast SEO plugin v24.9 - https:\/\/yoast.com\/wordpress\/plugins\/seo\/ -->\n<title>Bono K\u00f6\u015fe Tak\u0131m\u0131 - Newmood<\/title>\n<meta name=\"robots\" content=\"index, follow, max-snippet:-1, max-image-preview:large, max-video-preview:-1\" \/>\n<link rel=\"canonical\" href=\"https:\/\/newmood.com.tr\/en\/bono-corner-set\/\" \/>\n<meta property=\"og:locale\" content=\"en_US\" \/>\n<meta property=\"og:type\" content=\"article\" \/>\n<meta property=\"og:title\" content=\"Bono K\u00f6\u015fe Tak\u0131m\u0131 - Newmood\" \/>\n<meta property=\"og:description\" content=\"Bono K\u00f6\u015fe Tak\u0131m\u0131, modern estetik ve \u00fcst\u00fcn konforun m\u00fckemmel bir kombinasyonunu sunar. Yumu\u015fak dokulu kuma\u015f\u0131 ve geni\u015f oturma alan\u0131 ile dikkat \u00e7eken bu tak\u0131m, konforlu bir oturma deneyimi sunarak evinizin en keyifli k\u00f6\u015fesi haline gelir. Mod\u00fcler yap\u0131s\u0131 sayesinde odan\u0131z\u0131n \u015fekline ve boyutuna g\u00f6re farkl\u0131 d\u00fczenlemelerde kullan\u0131labilir, b\u00f6ylece maksimum esneklik sa\u011flar.\" \/>\n<meta property=\"og:url\" content=\"https:\/\/newmood.com.tr\/en\/bono-corner-set\/\" \/>\n<meta property=\"og:site_name\" content=\"Newmood\" \/>\n<meta property=\"article:modified_time\" content=\"2024-09-11T12:18:16+00:00\" \/>\n<meta property=\"og:image\" content=\"https:\/\/newmood.com.tr\/wp-content\/uploads\/2024\/09\/bono-koltuk-takimi-040924-02.jpg\" \/>\n\t<meta property=\"og:image:width\" content=\"1920\" \/>\n\t<meta property=\"og:image:height\" content=\"1200\" \/>\n\t<meta property=\"og:image:type\" content=\"image\/jpeg\" \/>\n<meta name=\"twitter:card\" content=\"summary_large_image\" \/>\n<script type=\"application\/ld+json\" class=\"yoast-schema-graph\">{\"@context\":\"https:\/\/schema.org\",\"@graph\":[{\"@type\":\"WebPage\",\"@id\":\"https:\/\/newmood.com.tr\/en\/bono-corner-set\/\",\"url\":\"https:\/\/newmood.com.tr\/en\/bono-corner-set\/\",\"name\":\"Bono K\u00f6\u015fe Tak\u0131m\u0131 - Newmood\",\"isPartOf\":{\"@id\":\"https:\/\/newmood.com.tr\/en\/#website\"},\"primaryImageOfPage\":{\"@id\":\"https:\/\/newmood.com.tr\/en\/bono-corner-set\/#primaryimage\"},\"image\":{\"@id\":\"https:\/\/newmood.com.tr\/en\/bono-corner-set\/#primaryimage\"},\"thumbnailUrl\":\"https:\/\/newmood.com.tr\/wp-content\/uploads\/2024\/09\/bono-koltuk-takimi-040924-02.jpg\",\"datePublished\":\"2024-09-11T12:17:14+00:00\",\"dateModified\":\"2024-09-11T12:18:16+00:00\",\"breadcrumb\":{\"@id\":\"https:\/\/newmood.com.tr\/en\/bono-corner-set\/#breadcrumb\"},\"inLanguage\":\"en-US\",\"potentialAction\":[{\"@type\":\"ReadAction\",\"target\":[\"https:\/\/newmood.com.tr\/en\/bono-corner-set\/\"]}]},{\"@type\":\"ImageObject\",\"inLanguage\":\"en-US\",\"@id\":\"https:\/\/newmood.com.tr\/en\/bono-corner-set\/#primaryimage\",\"url\":\"https:\/\/newmood.com.tr\/wp-content\/uploads\/2024\/09\/bono-koltuk-takimi-040924-02.jpg\",\"contentUrl\":\"https:\/\/newmood.com.tr\/wp-content\/uploads\/2024\/09\/bono-koltuk-takimi-040924-02.jpg\",\"width\":1920,\"height\":1200},{\"@type\":\"BreadcrumbList\",\"@id\":\"https:\/\/newmood.com.tr\/en\/bono-corner-set\/#breadcrumb\",\"itemListElement\":[{\"@type\":\"ListItem\",\"position\":1,\"name\":\"Anasayfa\",\"item\":\"https:\/\/newmood.com.tr\/\"},{\"@type\":\"ListItem\",\"position\":2,\"name\":\"\u00dcr\u00fcnler\",\"item\":\"https:\/\/newmood.com.tr\/shop\/\"},{\"@type\":\"ListItem\",\"position\":3,\"name\":\"Bono K\u00f6\u015fe Tak\u0131m\u0131\"}]},{\"@type\":\"WebSite\",\"@id\":\"https:\/\/newmood.com.tr\/en\/#website\",\"url\":\"https:\/\/newmood.com.tr\/en\/\",\"name\":\"Newmood\",\"description\":\"\",\"potentialAction\":[{\"@type\":\"SearchAction\",\"target\":{\"@type\":\"EntryPoint\",\"urlTemplate\":\"https:\/\/newmood.com.tr\/en\/?s={search_term_string}\"},\"query-input\":{\"@type\":\"PropertyValueSpecification\",\"valueRequired\":true,\"valueName\":\"search_term_string\"}}],\"inLanguage\":\"en-US\"}]}<\/script>\n<!-- \/ Yoast SEO plugin. -->","yoast_head_json":{"title":"Bono K\u00f6\u015fe Tak\u0131m\u0131 - Newmood","robots":{"index":"index","follow":"follow","max-snippet":"max-snippet:-1","max-image-preview":"max-image-preview:large","max-video-preview":"max-video-preview:-1"},"canonical":"https:\/\/newmood.com.tr\/en\/bono-corner-set\/","og_locale":"en_US","og_type":"article","og_title":"Bono K\u00f6\u015fe Tak\u0131m\u0131 - Newmood","og_description":"Bono K\u00f6\u015fe Tak\u0131m\u0131, modern estetik ve \u00fcst\u00fcn konforun m\u00fckemmel bir kombinasyonunu sunar. Yumu\u015fak dokulu kuma\u015f\u0131 ve geni\u015f oturma alan\u0131 ile dikkat \u00e7eken bu tak\u0131m, konforlu bir oturma deneyimi sunarak evinizin en keyifli k\u00f6\u015fesi haline gelir. Mod\u00fcler yap\u0131s\u0131 sayesinde odan\u0131z\u0131n \u015fekline ve boyutuna g\u00f6re farkl\u0131 d\u00fczenlemelerde kullan\u0131labilir, b\u00f6ylece maksimum esneklik sa\u011flar.","og_url":"https:\/\/newmood.com.tr\/en\/bono-corner-set\/","og_site_name":"Newmood","article_modified_time":"2024-09-11T12:18:16+00:00","og_image":[{"width":1920,"height":1200,"url":"https:\/\/newmood.com.tr\/wp-content\/uploads\/2024\/09\/bono-koltuk-takimi-040924-02.jpg","type":"image\/jpeg"}],"twitter_card":"summary_large_image","schema":{"@context":"https:\/\/schema.org","@graph":[{"@type":"WebPage","@id":"https:\/\/newmood.com.tr\/en\/bono-corner-set\/","url":"https:\/\/newmood.com.tr\/en\/bono-corner-set\/","name":"Bono K\u00f6\u015fe Tak\u0131m\u0131 - Newmood","isPartOf":{"@id":"https:\/\/newmood.com.tr\/en\/#website"},"primaryImageOfPage":{"@id":"https:\/\/newmood.com.tr\/en\/bono-corner-set\/#primaryimage"},"image":{"@id":"https:\/\/newmood.com.tr\/en\/bono-corner-set\/#primaryimage"},"thumbnailUrl":"https:\/\/newmood.com.tr\/wp-content\/uploads\/2024\/09\/bono-koltuk-takimi-040924-02.jpg","datePublished":"2024-09-11T12:17:14+00:00","dateModified":"2024-09-11T12:18:16+00:00","breadcrumb":{"@id":"https:\/\/newmood.com.tr\/en\/bono-corner-set\/#breadcrumb"},"inLanguage":"en-US","potentialAction":[{"@type":"ReadAction","target":["https:\/\/newmood.com.tr\/en\/bono-corner-set\/"]}]},{"@type":"ImageObject","inLanguage":"en-US","@id":"https:\/\/newmood.com.tr\/en\/bono-corner-set\/#primaryimage","url":"https:\/\/newmood.com.tr\/wp-content\/uploads\/2024\/09\/bono-koltuk-takimi-040924-02.jpg","contentUrl":"https:\/\/newmood.com.tr\/wp-content\/uploads\/2024\/09\/bono-koltuk-takimi-040924-02.jpg","width":1920,"height":1200},{"@type":"BreadcrumbList","@id":"https:\/\/newmood.com.tr\/en\/bono-corner-set\/#breadcrumb","itemListElement":[{"@type":"ListItem","position":1,"name":"Anasayfa","item":"https:\/\/newmood.com.tr\/"},{"@type":"ListItem","position":2,"name":"\u00dcr\u00fcnler","item":"https:\/\/newmood.com.tr\/shop\/"},{"@type":"ListItem","position":3,"name":"Bono K\u00f6\u015fe Tak\u0131m\u0131"}]},{"@type":"WebSite","@id":"https:\/\/newmood.com.tr\/en\/#website","url":"https:\/\/newmood.com.tr\/en\/","name":"Newmood","description":"","potentialAction":[{"@type":"SearchAction","target":{"@type":"EntryPoint","urlTemplate":"https:\/\/newmood.com.tr\/en\/?s={search_term_string}"},"query-input":{"@type":"PropertyValueSpecification","valueRequired":true,"valueName":"search_term_string"}}],"inLanguage":"en-US"}]}},"_links":{"self":[{"href":"https:\/\/newmood.com.tr\/en\/wp-json\/wp\/v2\/product\/1221"}],"collection":[{"href":"https:\/\/newmood.com.tr\/en\/wp-json\/wp\/v2\/product"}],"about":[{"href":"https:\/\/newmood.com.tr\/en\/wp-json\/wp\/v2\/types\/product"}],"replies":[{"embeddable":true,"href":"https:\/\/newmood.com.tr\/en\/wp-json\/wp\/v2\/comments?post=1221"}],"wp:featuredmedia":[{"embeddable":true,"href":"https:\/\/newmood.com.tr\/en\/wp-json\/wp\/v2\/media\/315"}],"wp:attachment":[{"href":"https:\/\/newmood.com.tr\/en\/wp-json\/wp\/v2\/media?parent=1221"}],"wp:term":[{"taxonomy":"product_brand","embeddable":true,"href":"https:\/\/newmood.com.tr\/en\/wp-json\/wp\/v2\/product_brand?post=1221"},{"taxonomy":"product_cat","embeddable":true,"href":"https:\/\/newmood.com.tr\/en\/wp-json\/wp\/v2\/product_cat?post=1221"},{"taxonomy":"product_tag","embeddable":true,"href":"https:\/\/newmood.com.tr\/en\/wp-json\/wp\/v2\/product_tag?post=1221"}],"curies":[{"name":"wp","href":"https:\/\/api.w.org\/{rel}","templated":true}]}}