{"id":1219,"date":"2024-09-11T11:48:44","date_gmt":"2024-09-11T11:48:44","guid":{"rendered":"https:\/\/newmood.kodektif.com\/?post_type=product&#038;p=1219"},"modified":"2024-10-30T12:58:05","modified_gmt":"2024-10-30T12:58:05","slug":"domino-berjer","status":"publish","type":"product","link":"https:\/\/newmood.com.tr\/en\/domino-berjer\/","title":{"rendered":"Domino Armchair"},"content":{"rendered":"","protected":false},"excerpt":{"rendered":"<p>Domino Armchair is a piece that adds elegance and comfort to your living area with its modern and elegant design. While its soft upholstery and ergonomic structure offer comfort even during long sessions, it attracts attention with its stylish details and aesthetic lines. Providing a comfortable seating experience thanks to its large seating area, Domino Armchair can be used in perfect harmony with the corner sofa set or can add an elegant touch to your living space on its own.<\/p>","protected":false},"featured_media":1212,"comment_status":"open","ping_status":"closed","template":"","meta":[],"product_brand":[],"product_cat":[15,19],"product_tag":[],"class_list":{"0":"post-1219","1":"product","2":"type-product","3":"status-publish","4":"has-post-thumbnail","6":"product_cat-urunler","7":"product_cat-berjerler","9":"first","10":"instock","11":"shipping-taxable","12":"product-type-simple"},"yoast_head":"<!-- This site is optimized with the Yoast SEO plugin v24.9 - https:\/\/yoast.com\/wordpress\/plugins\/seo\/ -->\n<title>Domino Berjer - Newmood<\/title>\n<meta name=\"robots\" content=\"index, follow, max-snippet:-1, max-image-preview:large, max-video-preview:-1\" \/>\n<link rel=\"canonical\" href=\"https:\/\/newmood.com.tr\/en\/domino-berjer\/\" \/>\n<meta property=\"og:locale\" content=\"en_US\" \/>\n<meta property=\"og:type\" content=\"article\" \/>\n<meta property=\"og:title\" content=\"Domino Berjer - Newmood\" \/>\n<meta property=\"og:description\" content=\"Domino Berjer, modern ve zarif tasar\u0131m\u0131yla oturma alan\u0131n\u0131za \u015f\u0131kl\u0131k ve konfor katan bir par\u00e7a. Yumu\u015fak d\u00f6\u015femesi ve ergonomik yap\u0131s\u0131, uzun s\u00fcreli oturumlarda bile rahatl\u0131k sunarken, \u015f\u0131k detaylar\u0131 ve estetik hatlar\u0131yla dikkat \u00e7eker. Geni\u015f oturma alan\u0131 sayesinde konforlu bir oturma deneyimi sa\u011flayan Domino Berjer, k\u00f6\u015fe koltuk tak\u0131m\u0131 ile m\u00fckemmel bir uyum i\u00e7inde kullan\u0131labilir ya da tek ba\u015f\u0131na ya\u015fam alan\u0131n\u0131za zarif bir dokunu\u015f katabilir.\" \/>\n<meta property=\"og:url\" content=\"https:\/\/newmood.com.tr\/en\/domino-berjer\/\" \/>\n<meta property=\"og:site_name\" content=\"Newmood\" \/>\n<meta property=\"article:modified_time\" content=\"2024-10-30T12:58:05+00:00\" \/>\n<meta property=\"og:image\" content=\"https:\/\/newmood.com.tr\/wp-content\/uploads\/2024\/09\/domino-kose-takimi-110924-10.jpg\" \/>\n\t<meta property=\"og:image:width\" content=\"1920\" \/>\n\t<meta property=\"og:image:height\" content=\"1200\" \/>\n\t<meta property=\"og:image:type\" content=\"image\/jpeg\" \/>\n<meta name=\"twitter:card\" content=\"summary_large_image\" \/>\n<script type=\"application\/ld+json\" class=\"yoast-schema-graph\">{\"@context\":\"https:\/\/schema.org\",\"@graph\":[{\"@type\":\"WebPage\",\"@id\":\"https:\/\/newmood.com.tr\/en\/domino-berjer\/\",\"url\":\"https:\/\/newmood.com.tr\/en\/domino-berjer\/\",\"name\":\"Domino Berjer - Newmood\",\"isPartOf\":{\"@id\":\"https:\/\/newmood.com.tr\/en\/#website\"},\"primaryImageOfPage\":{\"@id\":\"https:\/\/newmood.com.tr\/en\/domino-berjer\/#primaryimage\"},\"image\":{\"@id\":\"https:\/\/newmood.com.tr\/en\/domino-berjer\/#primaryimage\"},\"thumbnailUrl\":\"https:\/\/newmood.com.tr\/wp-content\/uploads\/2024\/09\/domino-kose-takimi-110924-10.jpg\",\"datePublished\":\"2024-09-11T11:48:44+00:00\",\"dateModified\":\"2024-10-30T12:58:05+00:00\",\"breadcrumb\":{\"@id\":\"https:\/\/newmood.com.tr\/en\/domino-berjer\/#breadcrumb\"},\"inLanguage\":\"en-US\",\"potentialAction\":[{\"@type\":\"ReadAction\",\"target\":[\"https:\/\/newmood.com.tr\/en\/domino-berjer\/\"]}]},{\"@type\":\"ImageObject\",\"inLanguage\":\"en-US\",\"@id\":\"https:\/\/newmood.com.tr\/en\/domino-berjer\/#primaryimage\",\"url\":\"https:\/\/newmood.com.tr\/wp-content\/uploads\/2024\/09\/domino-kose-takimi-110924-10.jpg\",\"contentUrl\":\"https:\/\/newmood.com.tr\/wp-content\/uploads\/2024\/09\/domino-kose-takimi-110924-10.jpg\",\"width\":1920,\"height\":1200},{\"@type\":\"BreadcrumbList\",\"@id\":\"https:\/\/newmood.com.tr\/en\/domino-berjer\/#breadcrumb\",\"itemListElement\":[{\"@type\":\"ListItem\",\"position\":1,\"name\":\"Anasayfa\",\"item\":\"https:\/\/newmood.com.tr\/\"},{\"@type\":\"ListItem\",\"position\":2,\"name\":\"\u00dcr\u00fcnler\",\"item\":\"https:\/\/newmood.com.tr\/shop\/\"},{\"@type\":\"ListItem\",\"position\":3,\"name\":\"Domino Berjer\"}]},{\"@type\":\"WebSite\",\"@id\":\"https:\/\/newmood.com.tr\/en\/#website\",\"url\":\"https:\/\/newmood.com.tr\/en\/\",\"name\":\"Newmood\",\"description\":\"\",\"potentialAction\":[{\"@type\":\"SearchAction\",\"target\":{\"@type\":\"EntryPoint\",\"urlTemplate\":\"https:\/\/newmood.com.tr\/en\/?s={search_term_string}\"},\"query-input\":{\"@type\":\"PropertyValueSpecification\",\"valueRequired\":true,\"valueName\":\"search_term_string\"}}],\"inLanguage\":\"en-US\"}]}<\/script>\n<!-- \/ Yoast SEO plugin. -->","yoast_head_json":{"title":"Domino Berjer - Newmood","robots":{"index":"index","follow":"follow","max-snippet":"max-snippet:-1","max-image-preview":"max-image-preview:large","max-video-preview":"max-video-preview:-1"},"canonical":"https:\/\/newmood.com.tr\/en\/domino-berjer\/","og_locale":"en_US","og_type":"article","og_title":"Domino Berjer - Newmood","og_description":"Domino Berjer, modern ve zarif tasar\u0131m\u0131yla oturma alan\u0131n\u0131za \u015f\u0131kl\u0131k ve konfor katan bir par\u00e7a. Yumu\u015fak d\u00f6\u015femesi ve ergonomik yap\u0131s\u0131, uzun s\u00fcreli oturumlarda bile rahatl\u0131k sunarken, \u015f\u0131k detaylar\u0131 ve estetik hatlar\u0131yla dikkat \u00e7eker. Geni\u015f oturma alan\u0131 sayesinde konforlu bir oturma deneyimi sa\u011flayan Domino Berjer, k\u00f6\u015fe koltuk tak\u0131m\u0131 ile m\u00fckemmel bir uyum i\u00e7inde kullan\u0131labilir ya da tek ba\u015f\u0131na ya\u015fam alan\u0131n\u0131za zarif bir dokunu\u015f katabilir.","og_url":"https:\/\/newmood.com.tr\/en\/domino-berjer\/","og_site_name":"Newmood","article_modified_time":"2024-10-30T12:58:05+00:00","og_image":[{"width":1920,"height":1200,"url":"https:\/\/newmood.com.tr\/wp-content\/uploads\/2024\/09\/domino-kose-takimi-110924-10.jpg","type":"image\/jpeg"}],"twitter_card":"summary_large_image","schema":{"@context":"https:\/\/schema.org","@graph":[{"@type":"WebPage","@id":"https:\/\/newmood.com.tr\/en\/domino-berjer\/","url":"https:\/\/newmood.com.tr\/en\/domino-berjer\/","name":"Domino Berjer - Newmood","isPartOf":{"@id":"https:\/\/newmood.com.tr\/en\/#website"},"primaryImageOfPage":{"@id":"https:\/\/newmood.com.tr\/en\/domino-berjer\/#primaryimage"},"image":{"@id":"https:\/\/newmood.com.tr\/en\/domino-berjer\/#primaryimage"},"thumbnailUrl":"https:\/\/newmood.com.tr\/wp-content\/uploads\/2024\/09\/domino-kose-takimi-110924-10.jpg","datePublished":"2024-09-11T11:48:44+00:00","dateModified":"2024-10-30T12:58:05+00:00","breadcrumb":{"@id":"https:\/\/newmood.com.tr\/en\/domino-berjer\/#breadcrumb"},"inLanguage":"en-US","potentialAction":[{"@type":"ReadAction","target":["https:\/\/newmood.com.tr\/en\/domino-berjer\/"]}]},{"@type":"ImageObject","inLanguage":"en-US","@id":"https:\/\/newmood.com.tr\/en\/domino-berjer\/#primaryimage","url":"https:\/\/newmood.com.tr\/wp-content\/uploads\/2024\/09\/domino-kose-takimi-110924-10.jpg","contentUrl":"https:\/\/newmood.com.tr\/wp-content\/uploads\/2024\/09\/domino-kose-takimi-110924-10.jpg","width":1920,"height":1200},{"@type":"BreadcrumbList","@id":"https:\/\/newmood.com.tr\/en\/domino-berjer\/#breadcrumb","itemListElement":[{"@type":"ListItem","position":1,"name":"Anasayfa","item":"https:\/\/newmood.com.tr\/"},{"@type":"ListItem","position":2,"name":"\u00dcr\u00fcnler","item":"https:\/\/newmood.com.tr\/shop\/"},{"@type":"ListItem","position":3,"name":"Domino Berjer"}]},{"@type":"WebSite","@id":"https:\/\/newmood.com.tr\/en\/#website","url":"https:\/\/newmood.com.tr\/en\/","name":"Newmood","description":"","potentialAction":[{"@type":"SearchAction","target":{"@type":"EntryPoint","urlTemplate":"https:\/\/newmood.com.tr\/en\/?s={search_term_string}"},"query-input":{"@type":"PropertyValueSpecification","valueRequired":true,"valueName":"search_term_string"}}],"inLanguage":"en-US"}]}},"_links":{"self":[{"href":"https:\/\/newmood.com.tr\/en\/wp-json\/wp\/v2\/product\/1219"}],"collection":[{"href":"https:\/\/newmood.com.tr\/en\/wp-json\/wp\/v2\/product"}],"about":[{"href":"https:\/\/newmood.com.tr\/en\/wp-json\/wp\/v2\/types\/product"}],"replies":[{"embeddable":true,"href":"https:\/\/newmood.com.tr\/en\/wp-json\/wp\/v2\/comments?post=1219"}],"wp:featuredmedia":[{"embeddable":true,"href":"https:\/\/newmood.com.tr\/en\/wp-json\/wp\/v2\/media\/1212"}],"wp:attachment":[{"href":"https:\/\/newmood.com.tr\/en\/wp-json\/wp\/v2\/media?parent=1219"}],"wp:term":[{"taxonomy":"product_brand","embeddable":true,"href":"https:\/\/newmood.com.tr\/en\/wp-json\/wp\/v2\/product_brand?post=1219"},{"taxonomy":"product_cat","embeddable":true,"href":"https:\/\/newmood.com.tr\/en\/wp-json\/wp\/v2\/product_cat?post=1219"},{"taxonomy":"product_tag","embeddable":true,"href":"https:\/\/newmood.com.tr\/en\/wp-json\/wp\/v2\/product_tag?post=1219"}],"curies":[{"name":"wp","href":"https:\/\/api.w.org\/{rel}","templated":true}]}}