{"id":1200,"date":"2024-09-11T11:19:50","date_gmt":"2024-09-11T11:19:50","guid":{"rendered":"https:\/\/newmood.kodektif.com\/?post_type=product&#038;p=1200"},"modified":"2024-09-11T12:37:19","modified_gmt":"2024-09-11T12:37:19","slug":"bruco-kose-koltuk","status":"publish","type":"product","link":"https:\/\/newmood.com.tr\/en\/bruco-kose-koltuk\/","title":{"rendered":"Bruco Corner Sofa"},"content":{"rendered":"","protected":false},"excerpt":{"rendered":"<p>Bruco Corner Sofa is a piece that adds both comfort and elegance to your living space with its large seating area and modern design. It takes sitting pleasure to the next level thanks to its soft fabric covering, comfortable cushions and ergonomic structure. While it creates an ideal meeting point for family members and guests with its wide corner structure, it can be rearranged to suit your space with its modular design.<\/p>","protected":false},"featured_media":1180,"comment_status":"open","ping_status":"closed","template":"","meta":[],"product_brand":[],"product_cat":[15,39],"product_tag":[],"class_list":{"0":"post-1200","1":"product","2":"type-product","3":"status-publish","4":"has-post-thumbnail","6":"product_cat-urunler","7":"product_cat-kose-koltuklar","9":"first","10":"instock","11":"shipping-taxable","12":"product-type-simple"},"yoast_head":"<!-- This site is optimized with the Yoast SEO plugin v24.9 - https:\/\/yoast.com\/wordpress\/plugins\/seo\/ -->\n<title>Bruco K\u00f6\u015fe Koltuk - Newmood<\/title>\n<meta name=\"robots\" content=\"index, follow, max-snippet:-1, max-image-preview:large, max-video-preview:-1\" \/>\n<link rel=\"canonical\" href=\"https:\/\/newmood.com.tr\/en\/bruco-kose-koltuk\/\" \/>\n<meta property=\"og:locale\" content=\"en_US\" \/>\n<meta property=\"og:type\" content=\"article\" \/>\n<meta property=\"og:title\" content=\"Bruco K\u00f6\u015fe Koltuk - Newmood\" \/>\n<meta property=\"og:description\" content=\"Bruco K\u00f6\u015fe Koltuk, geni\u015f oturma alan\u0131 ve modern tasar\u0131m\u0131yla ya\u015fam alan\u0131n\u0131za hem konfor hem de \u015f\u0131kl\u0131k katan bir par\u00e7ad\u0131r. Yumu\u015fak kuma\u015f kaplamas\u0131, rahat minderleri ve ergonomik yap\u0131s\u0131 sayesinde oturma keyfini \u00fcst seviyeye ta\u015f\u0131r. Geni\u015f k\u00f6\u015fe yap\u0131s\u0131yla aile bireyleri ve misafirler i\u00e7in ideal bir bulu\u015fma noktas\u0131 olu\u015ftururken, mod\u00fcler tasar\u0131m\u0131 ile mekan\u0131n\u0131za uygun \u015fekilde yeniden d\u00fczenlenebilir.\" \/>\n<meta property=\"og:url\" content=\"https:\/\/newmood.com.tr\/en\/bruco-kose-koltuk\/\" \/>\n<meta property=\"og:site_name\" content=\"Newmood\" \/>\n<meta property=\"article:modified_time\" content=\"2024-09-11T12:37:19+00:00\" \/>\n<meta property=\"og:image\" content=\"https:\/\/newmood.com.tr\/wp-content\/uploads\/2024\/09\/bruco-kose-takimi-110924-11.jpg\" \/>\n\t<meta property=\"og:image:width\" content=\"1920\" \/>\n\t<meta property=\"og:image:height\" content=\"1200\" \/>\n\t<meta property=\"og:image:type\" content=\"image\/jpeg\" \/>\n<meta name=\"twitter:card\" content=\"summary_large_image\" \/>\n<script type=\"application\/ld+json\" class=\"yoast-schema-graph\">{\"@context\":\"https:\/\/schema.org\",\"@graph\":[{\"@type\":\"WebPage\",\"@id\":\"https:\/\/newmood.com.tr\/en\/bruco-kose-koltuk\/\",\"url\":\"https:\/\/newmood.com.tr\/en\/bruco-kose-koltuk\/\",\"name\":\"Bruco K\u00f6\u015fe Koltuk - Newmood\",\"isPartOf\":{\"@id\":\"https:\/\/newmood.com.tr\/en\/#website\"},\"primaryImageOfPage\":{\"@id\":\"https:\/\/newmood.com.tr\/en\/bruco-kose-koltuk\/#primaryimage\"},\"image\":{\"@id\":\"https:\/\/newmood.com.tr\/en\/bruco-kose-koltuk\/#primaryimage\"},\"thumbnailUrl\":\"https:\/\/newmood.com.tr\/wp-content\/uploads\/2024\/09\/bruco-kose-takimi-110924-11.jpg\",\"datePublished\":\"2024-09-11T11:19:50+00:00\",\"dateModified\":\"2024-09-11T12:37:19+00:00\",\"breadcrumb\":{\"@id\":\"https:\/\/newmood.com.tr\/en\/bruco-kose-koltuk\/#breadcrumb\"},\"inLanguage\":\"en-US\",\"potentialAction\":[{\"@type\":\"ReadAction\",\"target\":[\"https:\/\/newmood.com.tr\/en\/bruco-kose-koltuk\/\"]}]},{\"@type\":\"ImageObject\",\"inLanguage\":\"en-US\",\"@id\":\"https:\/\/newmood.com.tr\/en\/bruco-kose-koltuk\/#primaryimage\",\"url\":\"https:\/\/newmood.com.tr\/wp-content\/uploads\/2024\/09\/bruco-kose-takimi-110924-11.jpg\",\"contentUrl\":\"https:\/\/newmood.com.tr\/wp-content\/uploads\/2024\/09\/bruco-kose-takimi-110924-11.jpg\",\"width\":1920,\"height\":1200},{\"@type\":\"BreadcrumbList\",\"@id\":\"https:\/\/newmood.com.tr\/en\/bruco-kose-koltuk\/#breadcrumb\",\"itemListElement\":[{\"@type\":\"ListItem\",\"position\":1,\"name\":\"Anasayfa\",\"item\":\"https:\/\/newmood.com.tr\/\"},{\"@type\":\"ListItem\",\"position\":2,\"name\":\"\u00dcr\u00fcnler\",\"item\":\"https:\/\/newmood.com.tr\/shop\/\"},{\"@type\":\"ListItem\",\"position\":3,\"name\":\"Bruco K\u00f6\u015fe Koltuk\"}]},{\"@type\":\"WebSite\",\"@id\":\"https:\/\/newmood.com.tr\/en\/#website\",\"url\":\"https:\/\/newmood.com.tr\/en\/\",\"name\":\"Newmood\",\"description\":\"\",\"potentialAction\":[{\"@type\":\"SearchAction\",\"target\":{\"@type\":\"EntryPoint\",\"urlTemplate\":\"https:\/\/newmood.com.tr\/en\/?s={search_term_string}\"},\"query-input\":{\"@type\":\"PropertyValueSpecification\",\"valueRequired\":true,\"valueName\":\"search_term_string\"}}],\"inLanguage\":\"en-US\"}]}<\/script>\n<!-- \/ Yoast SEO plugin. -->","yoast_head_json":{"title":"Bruco K\u00f6\u015fe Koltuk - Newmood","robots":{"index":"index","follow":"follow","max-snippet":"max-snippet:-1","max-image-preview":"max-image-preview:large","max-video-preview":"max-video-preview:-1"},"canonical":"https:\/\/newmood.com.tr\/en\/bruco-kose-koltuk\/","og_locale":"en_US","og_type":"article","og_title":"Bruco K\u00f6\u015fe Koltuk - Newmood","og_description":"Bruco K\u00f6\u015fe Koltuk, geni\u015f oturma alan\u0131 ve modern tasar\u0131m\u0131yla ya\u015fam alan\u0131n\u0131za hem konfor hem de \u015f\u0131kl\u0131k katan bir par\u00e7ad\u0131r. Yumu\u015fak kuma\u015f kaplamas\u0131, rahat minderleri ve ergonomik yap\u0131s\u0131 sayesinde oturma keyfini \u00fcst seviyeye ta\u015f\u0131r. Geni\u015f k\u00f6\u015fe yap\u0131s\u0131yla aile bireyleri ve misafirler i\u00e7in ideal bir bulu\u015fma noktas\u0131 olu\u015ftururken, mod\u00fcler tasar\u0131m\u0131 ile mekan\u0131n\u0131za uygun \u015fekilde yeniden d\u00fczenlenebilir.","og_url":"https:\/\/newmood.com.tr\/en\/bruco-kose-koltuk\/","og_site_name":"Newmood","article_modified_time":"2024-09-11T12:37:19+00:00","og_image":[{"width":1920,"height":1200,"url":"https:\/\/newmood.com.tr\/wp-content\/uploads\/2024\/09\/bruco-kose-takimi-110924-11.jpg","type":"image\/jpeg"}],"twitter_card":"summary_large_image","schema":{"@context":"https:\/\/schema.org","@graph":[{"@type":"WebPage","@id":"https:\/\/newmood.com.tr\/en\/bruco-kose-koltuk\/","url":"https:\/\/newmood.com.tr\/en\/bruco-kose-koltuk\/","name":"Bruco K\u00f6\u015fe Koltuk - Newmood","isPartOf":{"@id":"https:\/\/newmood.com.tr\/en\/#website"},"primaryImageOfPage":{"@id":"https:\/\/newmood.com.tr\/en\/bruco-kose-koltuk\/#primaryimage"},"image":{"@id":"https:\/\/newmood.com.tr\/en\/bruco-kose-koltuk\/#primaryimage"},"thumbnailUrl":"https:\/\/newmood.com.tr\/wp-content\/uploads\/2024\/09\/bruco-kose-takimi-110924-11.jpg","datePublished":"2024-09-11T11:19:50+00:00","dateModified":"2024-09-11T12:37:19+00:00","breadcrumb":{"@id":"https:\/\/newmood.com.tr\/en\/bruco-kose-koltuk\/#breadcrumb"},"inLanguage":"en-US","potentialAction":[{"@type":"ReadAction","target":["https:\/\/newmood.com.tr\/en\/bruco-kose-koltuk\/"]}]},{"@type":"ImageObject","inLanguage":"en-US","@id":"https:\/\/newmood.com.tr\/en\/bruco-kose-koltuk\/#primaryimage","url":"https:\/\/newmood.com.tr\/wp-content\/uploads\/2024\/09\/bruco-kose-takimi-110924-11.jpg","contentUrl":"https:\/\/newmood.com.tr\/wp-content\/uploads\/2024\/09\/bruco-kose-takimi-110924-11.jpg","width":1920,"height":1200},{"@type":"BreadcrumbList","@id":"https:\/\/newmood.com.tr\/en\/bruco-kose-koltuk\/#breadcrumb","itemListElement":[{"@type":"ListItem","position":1,"name":"Anasayfa","item":"https:\/\/newmood.com.tr\/"},{"@type":"ListItem","position":2,"name":"\u00dcr\u00fcnler","item":"https:\/\/newmood.com.tr\/shop\/"},{"@type":"ListItem","position":3,"name":"Bruco K\u00f6\u015fe Koltuk"}]},{"@type":"WebSite","@id":"https:\/\/newmood.com.tr\/en\/#website","url":"https:\/\/newmood.com.tr\/en\/","name":"Newmood","description":"","potentialAction":[{"@type":"SearchAction","target":{"@type":"EntryPoint","urlTemplate":"https:\/\/newmood.com.tr\/en\/?s={search_term_string}"},"query-input":{"@type":"PropertyValueSpecification","valueRequired":true,"valueName":"search_term_string"}}],"inLanguage":"en-US"}]}},"_links":{"self":[{"href":"https:\/\/newmood.com.tr\/en\/wp-json\/wp\/v2\/product\/1200"}],"collection":[{"href":"https:\/\/newmood.com.tr\/en\/wp-json\/wp\/v2\/product"}],"about":[{"href":"https:\/\/newmood.com.tr\/en\/wp-json\/wp\/v2\/types\/product"}],"replies":[{"embeddable":true,"href":"https:\/\/newmood.com.tr\/en\/wp-json\/wp\/v2\/comments?post=1200"}],"wp:featuredmedia":[{"embeddable":true,"href":"https:\/\/newmood.com.tr\/en\/wp-json\/wp\/v2\/media\/1180"}],"wp:attachment":[{"href":"https:\/\/newmood.com.tr\/en\/wp-json\/wp\/v2\/media?parent=1200"}],"wp:term":[{"taxonomy":"product_brand","embeddable":true,"href":"https:\/\/newmood.com.tr\/en\/wp-json\/wp\/v2\/product_brand?post=1200"},{"taxonomy":"product_cat","embeddable":true,"href":"https:\/\/newmood.com.tr\/en\/wp-json\/wp\/v2\/product_cat?post=1200"},{"taxonomy":"product_tag","embeddable":true,"href":"https:\/\/newmood.com.tr\/en\/wp-json\/wp\/v2\/product_tag?post=1200"}],"curies":[{"name":"wp","href":"https:\/\/api.w.org\/{rel}","templated":true}]}}