{"id":1169,"date":"2024-09-11T11:02:18","date_gmt":"2024-09-11T11:02:18","guid":{"rendered":"https:\/\/newmood.kodektif.com\/?post_type=product&#038;p=1169"},"modified":"2024-09-11T11:17:36","modified_gmt":"2024-09-11T11:17:36","slug":"bruco-kose-takimi","status":"publish","type":"product","link":"https:\/\/newmood.com.tr\/en\/bruco-kose-takimi\/","title":{"rendered":"Bruco Corner Set"},"content":{"rendered":"","protected":false},"excerpt":{"rendered":"<p>Bruco Corner Set is a modern seating solution that combines elegance and comfort. This corner set, which stands out with its large and comfortable seating area, adds an elegant touch to your living space with its aesthetic details and functional design. Thanks to its soft fabric covering and ergonomic design, it provides comfort during long sessions and also creates a stylish focal point in the center of the room.<\/p>","protected":false},"featured_media":1170,"comment_status":"open","ping_status":"closed","template":"","meta":[],"product_brand":[],"product_cat":[17,38],"product_tag":[],"class_list":{"0":"post-1169","1":"product","2":"type-product","3":"status-publish","4":"has-post-thumbnail","6":"product_cat-koleksiyonlar","7":"product_cat-kose-takimlari","9":"first","10":"instock","11":"shipping-taxable","12":"product-type-simple"},"yoast_head":"<!-- This site is optimized with the Yoast SEO plugin v24.9 - https:\/\/yoast.com\/wordpress\/plugins\/seo\/ -->\n<title>Bruco K\u00f6\u015fe Tak\u0131m\u0131 - Newmood<\/title>\n<meta name=\"robots\" content=\"index, follow, max-snippet:-1, max-image-preview:large, max-video-preview:-1\" \/>\n<link rel=\"canonical\" href=\"https:\/\/newmood.com.tr\/en\/bruco-kose-takimi\/\" \/>\n<meta property=\"og:locale\" content=\"en_US\" \/>\n<meta property=\"og:type\" content=\"article\" \/>\n<meta property=\"og:title\" content=\"Bruco K\u00f6\u015fe Tak\u0131m\u0131 - Newmood\" \/>\n<meta property=\"og:description\" content=\"Bruco K\u00f6\u015fe Tak\u0131m\u0131, \u015f\u0131kl\u0131\u011f\u0131 ve konforu bir arada sunan modern bir oturma \u00e7\u00f6z\u00fcm\u00fcd\u00fcr. Geni\u015f ve rahat oturum alan\u0131 ile dikkat \u00e7eken bu k\u00f6\u015fe tak\u0131m\u0131, estetik detaylar\u0131 ve fonksiyonel tasar\u0131m\u0131yla ya\u015fam alan\u0131n\u0131za zarif bir dokunu\u015f katar. Yumu\u015fak kuma\u015f kaplamas\u0131 ve ergonomik tasar\u0131m\u0131 sayesinde uzun s\u00fcreli oturumlarda konfor sa\u011flar, ayn\u0131 zamanda odan\u0131n merkezinde \u015f\u0131k bir odak noktas\u0131 olu\u015fturur.\" \/>\n<meta property=\"og:url\" content=\"https:\/\/newmood.com.tr\/en\/bruco-kose-takimi\/\" \/>\n<meta property=\"og:site_name\" content=\"Newmood\" \/>\n<meta property=\"article:modified_time\" content=\"2024-09-11T11:17:36+00:00\" \/>\n<meta property=\"og:image\" content=\"https:\/\/newmood.com.tr\/wp-content\/uploads\/2024\/09\/bruco-kose-takimi-110924-01.jpg\" \/>\n\t<meta property=\"og:image:width\" content=\"1920\" \/>\n\t<meta property=\"og:image:height\" content=\"1200\" \/>\n\t<meta property=\"og:image:type\" content=\"image\/jpeg\" \/>\n<meta name=\"twitter:card\" content=\"summary_large_image\" \/>\n<script type=\"application\/ld+json\" class=\"yoast-schema-graph\">{\"@context\":\"https:\/\/schema.org\",\"@graph\":[{\"@type\":\"WebPage\",\"@id\":\"https:\/\/newmood.com.tr\/en\/bruco-kose-takimi\/\",\"url\":\"https:\/\/newmood.com.tr\/en\/bruco-kose-takimi\/\",\"name\":\"Bruco K\u00f6\u015fe Tak\u0131m\u0131 - Newmood\",\"isPartOf\":{\"@id\":\"https:\/\/newmood.com.tr\/en\/#website\"},\"primaryImageOfPage\":{\"@id\":\"https:\/\/newmood.com.tr\/en\/bruco-kose-takimi\/#primaryimage\"},\"image\":{\"@id\":\"https:\/\/newmood.com.tr\/en\/bruco-kose-takimi\/#primaryimage\"},\"thumbnailUrl\":\"https:\/\/newmood.com.tr\/wp-content\/uploads\/2024\/09\/bruco-kose-takimi-110924-01.jpg\",\"datePublished\":\"2024-09-11T11:02:18+00:00\",\"dateModified\":\"2024-09-11T11:17:36+00:00\",\"breadcrumb\":{\"@id\":\"https:\/\/newmood.com.tr\/en\/bruco-kose-takimi\/#breadcrumb\"},\"inLanguage\":\"en-US\",\"potentialAction\":[{\"@type\":\"ReadAction\",\"target\":[\"https:\/\/newmood.com.tr\/en\/bruco-kose-takimi\/\"]}]},{\"@type\":\"ImageObject\",\"inLanguage\":\"en-US\",\"@id\":\"https:\/\/newmood.com.tr\/en\/bruco-kose-takimi\/#primaryimage\",\"url\":\"https:\/\/newmood.com.tr\/wp-content\/uploads\/2024\/09\/bruco-kose-takimi-110924-01.jpg\",\"contentUrl\":\"https:\/\/newmood.com.tr\/wp-content\/uploads\/2024\/09\/bruco-kose-takimi-110924-01.jpg\",\"width\":1920,\"height\":1200},{\"@type\":\"BreadcrumbList\",\"@id\":\"https:\/\/newmood.com.tr\/en\/bruco-kose-takimi\/#breadcrumb\",\"itemListElement\":[{\"@type\":\"ListItem\",\"position\":1,\"name\":\"Anasayfa\",\"item\":\"https:\/\/newmood.com.tr\/\"},{\"@type\":\"ListItem\",\"position\":2,\"name\":\"\u00dcr\u00fcnler\",\"item\":\"https:\/\/newmood.com.tr\/shop\/\"},{\"@type\":\"ListItem\",\"position\":3,\"name\":\"Bruco K\u00f6\u015fe Tak\u0131m\u0131\"}]},{\"@type\":\"WebSite\",\"@id\":\"https:\/\/newmood.com.tr\/en\/#website\",\"url\":\"https:\/\/newmood.com.tr\/en\/\",\"name\":\"Newmood\",\"description\":\"\",\"potentialAction\":[{\"@type\":\"SearchAction\",\"target\":{\"@type\":\"EntryPoint\",\"urlTemplate\":\"https:\/\/newmood.com.tr\/en\/?s={search_term_string}\"},\"query-input\":{\"@type\":\"PropertyValueSpecification\",\"valueRequired\":true,\"valueName\":\"search_term_string\"}}],\"inLanguage\":\"en-US\"}]}<\/script>\n<!-- \/ Yoast SEO plugin. -->","yoast_head_json":{"title":"Bruco K\u00f6\u015fe Tak\u0131m\u0131 - Newmood","robots":{"index":"index","follow":"follow","max-snippet":"max-snippet:-1","max-image-preview":"max-image-preview:large","max-video-preview":"max-video-preview:-1"},"canonical":"https:\/\/newmood.com.tr\/en\/bruco-kose-takimi\/","og_locale":"en_US","og_type":"article","og_title":"Bruco K\u00f6\u015fe Tak\u0131m\u0131 - Newmood","og_description":"Bruco K\u00f6\u015fe Tak\u0131m\u0131, \u015f\u0131kl\u0131\u011f\u0131 ve konforu bir arada sunan modern bir oturma \u00e7\u00f6z\u00fcm\u00fcd\u00fcr. Geni\u015f ve rahat oturum alan\u0131 ile dikkat \u00e7eken bu k\u00f6\u015fe tak\u0131m\u0131, estetik detaylar\u0131 ve fonksiyonel tasar\u0131m\u0131yla ya\u015fam alan\u0131n\u0131za zarif bir dokunu\u015f katar. Yumu\u015fak kuma\u015f kaplamas\u0131 ve ergonomik tasar\u0131m\u0131 sayesinde uzun s\u00fcreli oturumlarda konfor sa\u011flar, ayn\u0131 zamanda odan\u0131n merkezinde \u015f\u0131k bir odak noktas\u0131 olu\u015fturur.","og_url":"https:\/\/newmood.com.tr\/en\/bruco-kose-takimi\/","og_site_name":"Newmood","article_modified_time":"2024-09-11T11:17:36+00:00","og_image":[{"width":1920,"height":1200,"url":"https:\/\/newmood.com.tr\/wp-content\/uploads\/2024\/09\/bruco-kose-takimi-110924-01.jpg","type":"image\/jpeg"}],"twitter_card":"summary_large_image","schema":{"@context":"https:\/\/schema.org","@graph":[{"@type":"WebPage","@id":"https:\/\/newmood.com.tr\/en\/bruco-kose-takimi\/","url":"https:\/\/newmood.com.tr\/en\/bruco-kose-takimi\/","name":"Bruco K\u00f6\u015fe Tak\u0131m\u0131 - Newmood","isPartOf":{"@id":"https:\/\/newmood.com.tr\/en\/#website"},"primaryImageOfPage":{"@id":"https:\/\/newmood.com.tr\/en\/bruco-kose-takimi\/#primaryimage"},"image":{"@id":"https:\/\/newmood.com.tr\/en\/bruco-kose-takimi\/#primaryimage"},"thumbnailUrl":"https:\/\/newmood.com.tr\/wp-content\/uploads\/2024\/09\/bruco-kose-takimi-110924-01.jpg","datePublished":"2024-09-11T11:02:18+00:00","dateModified":"2024-09-11T11:17:36+00:00","breadcrumb":{"@id":"https:\/\/newmood.com.tr\/en\/bruco-kose-takimi\/#breadcrumb"},"inLanguage":"en-US","potentialAction":[{"@type":"ReadAction","target":["https:\/\/newmood.com.tr\/en\/bruco-kose-takimi\/"]}]},{"@type":"ImageObject","inLanguage":"en-US","@id":"https:\/\/newmood.com.tr\/en\/bruco-kose-takimi\/#primaryimage","url":"https:\/\/newmood.com.tr\/wp-content\/uploads\/2024\/09\/bruco-kose-takimi-110924-01.jpg","contentUrl":"https:\/\/newmood.com.tr\/wp-content\/uploads\/2024\/09\/bruco-kose-takimi-110924-01.jpg","width":1920,"height":1200},{"@type":"BreadcrumbList","@id":"https:\/\/newmood.com.tr\/en\/bruco-kose-takimi\/#breadcrumb","itemListElement":[{"@type":"ListItem","position":1,"name":"Anasayfa","item":"https:\/\/newmood.com.tr\/"},{"@type":"ListItem","position":2,"name":"\u00dcr\u00fcnler","item":"https:\/\/newmood.com.tr\/shop\/"},{"@type":"ListItem","position":3,"name":"Bruco K\u00f6\u015fe Tak\u0131m\u0131"}]},{"@type":"WebSite","@id":"https:\/\/newmood.com.tr\/en\/#website","url":"https:\/\/newmood.com.tr\/en\/","name":"Newmood","description":"","potentialAction":[{"@type":"SearchAction","target":{"@type":"EntryPoint","urlTemplate":"https:\/\/newmood.com.tr\/en\/?s={search_term_string}"},"query-input":{"@type":"PropertyValueSpecification","valueRequired":true,"valueName":"search_term_string"}}],"inLanguage":"en-US"}]}},"_links":{"self":[{"href":"https:\/\/newmood.com.tr\/en\/wp-json\/wp\/v2\/product\/1169"}],"collection":[{"href":"https:\/\/newmood.com.tr\/en\/wp-json\/wp\/v2\/product"}],"about":[{"href":"https:\/\/newmood.com.tr\/en\/wp-json\/wp\/v2\/types\/product"}],"replies":[{"embeddable":true,"href":"https:\/\/newmood.com.tr\/en\/wp-json\/wp\/v2\/comments?post=1169"}],"wp:featuredmedia":[{"embeddable":true,"href":"https:\/\/newmood.com.tr\/en\/wp-json\/wp\/v2\/media\/1170"}],"wp:attachment":[{"href":"https:\/\/newmood.com.tr\/en\/wp-json\/wp\/v2\/media?parent=1169"}],"wp:term":[{"taxonomy":"product_brand","embeddable":true,"href":"https:\/\/newmood.com.tr\/en\/wp-json\/wp\/v2\/product_brand?post=1169"},{"taxonomy":"product_cat","embeddable":true,"href":"https:\/\/newmood.com.tr\/en\/wp-json\/wp\/v2\/product_cat?post=1169"},{"taxonomy":"product_tag","embeddable":true,"href":"https:\/\/newmood.com.tr\/en\/wp-json\/wp\/v2\/product_tag?post=1169"}],"curies":[{"name":"wp","href":"https:\/\/api.w.org\/{rel}","templated":true}]}}