{"id":1066,"date":"2024-09-09T15:16:14","date_gmt":"2024-09-09T15:16:14","guid":{"rendered":"https:\/\/newmood.kodektif.com\/?post_type=product&#038;p=1066"},"modified":"2024-09-09T15:16:14","modified_gmt":"2024-09-09T15:16:14","slug":"maserati-yemek-odasi","status":"publish","type":"product","link":"https:\/\/newmood.com.tr\/en\/maserati-yemek-odasi\/","title":{"rendered":"Maserati Dining Room"},"content":{"rendered":"","protected":false},"excerpt":{"rendered":"<p>Maserati Dining Room brings modern elegance to your living space with its luxurious and sophisticated design. With its large dining table, stylish chairs and elegant console, it is a perfect choice for both daily use and special events. Produced with quality materials, Maserati Dining Room impresses with its remarkable details and elegant workmanship. Modern touches combined with minimalist lines make this set both aesthetic and functional. Maserati Dining Room provides a comfortable and inviting atmosphere while adding elegance and prestige to your living space.<\/p>","protected":false},"featured_media":1071,"comment_status":"open","ping_status":"closed","template":"","meta":[],"product_brand":[],"product_cat":[17,35],"product_tag":[],"class_list":{"0":"post-1066","1":"product","2":"type-product","3":"status-publish","4":"has-post-thumbnail","6":"product_cat-koleksiyonlar","7":"product_cat-yemek-odalari","9":"first","10":"instock","11":"shipping-taxable","12":"product-type-simple"},"yoast_head":"<!-- This site is optimized with the Yoast SEO plugin v24.9 - https:\/\/yoast.com\/wordpress\/plugins\/seo\/ -->\n<title>Maserati Yemek Odas\u0131 - Newmood<\/title>\n<meta name=\"robots\" content=\"index, follow, max-snippet:-1, max-image-preview:large, max-video-preview:-1\" \/>\n<link rel=\"canonical\" href=\"https:\/\/newmood.com.tr\/en\/maserati-yemek-odasi\/\" \/>\n<meta property=\"og:locale\" content=\"en_US\" \/>\n<meta property=\"og:type\" content=\"article\" \/>\n<meta property=\"og:title\" content=\"Maserati Yemek Odas\u0131 - Newmood\" \/>\n<meta property=\"og:description\" content=\"Maserati Yemek Odas\u0131, l\u00fcks ve sofistike tasar\u0131m\u0131yla ya\u015fam alan\u0131n\u0131za modern bir zarafet getirir. Geni\u015f yemek masas\u0131, \u015f\u0131k sandalyeler ve zarif konsolu ile hem g\u00fcnl\u00fck kullan\u0131m hem de \u00f6zel davetler i\u00e7in m\u00fckemmel bir se\u00e7imdir. Kaliteli malzemelerle \u00fcretilen Maserati Yemek Odas\u0131, dikkat \u00e7ekici detaylar\u0131 ve zarif i\u015f\u00e7ili\u011fi ile g\u00f6z doldurur. Minimalist \u00e7izgilerle birle\u015ftirilen modern dokunu\u015flar, bu tak\u0131m\u0131 hem estetik hem de i\u015flevsel hale getirir. Maserati Yemek Odas\u0131, ya\u015fam alan\u0131n\u0131za zarafet ve prestij katarken, konforlu ve davetkar bir atmosfer sa\u011flar.\" \/>\n<meta property=\"og:url\" content=\"https:\/\/newmood.com.tr\/en\/maserati-yemek-odasi\/\" \/>\n<meta property=\"og:site_name\" content=\"Newmood\" \/>\n<meta property=\"og:image\" content=\"https:\/\/newmood.com.tr\/wp-content\/uploads\/2024\/09\/maserati-yemek-odasi-100924-1.jpg\" \/>\n\t<meta property=\"og:image:width\" content=\"1920\" \/>\n\t<meta property=\"og:image:height\" content=\"1200\" \/>\n\t<meta property=\"og:image:type\" content=\"image\/jpeg\" \/>\n<meta name=\"twitter:card\" content=\"summary_large_image\" \/>\n<script type=\"application\/ld+json\" class=\"yoast-schema-graph\">{\"@context\":\"https:\/\/schema.org\",\"@graph\":[{\"@type\":\"WebPage\",\"@id\":\"https:\/\/newmood.com.tr\/en\/maserati-yemek-odasi\/\",\"url\":\"https:\/\/newmood.com.tr\/en\/maserati-yemek-odasi\/\",\"name\":\"Maserati Yemek Odas\u0131 - Newmood\",\"isPartOf\":{\"@id\":\"https:\/\/newmood.com.tr\/en\/#website\"},\"primaryImageOfPage\":{\"@id\":\"https:\/\/newmood.com.tr\/en\/maserati-yemek-odasi\/#primaryimage\"},\"image\":{\"@id\":\"https:\/\/newmood.com.tr\/en\/maserati-yemek-odasi\/#primaryimage\"},\"thumbnailUrl\":\"https:\/\/newmood.com.tr\/wp-content\/uploads\/2024\/09\/maserati-yemek-odasi-100924-1.jpg\",\"datePublished\":\"2024-09-09T15:16:14+00:00\",\"breadcrumb\":{\"@id\":\"https:\/\/newmood.com.tr\/en\/maserati-yemek-odasi\/#breadcrumb\"},\"inLanguage\":\"en-US\",\"potentialAction\":[{\"@type\":\"ReadAction\",\"target\":[\"https:\/\/newmood.com.tr\/en\/maserati-yemek-odasi\/\"]}]},{\"@type\":\"ImageObject\",\"inLanguage\":\"en-US\",\"@id\":\"https:\/\/newmood.com.tr\/en\/maserati-yemek-odasi\/#primaryimage\",\"url\":\"https:\/\/newmood.com.tr\/wp-content\/uploads\/2024\/09\/maserati-yemek-odasi-100924-1.jpg\",\"contentUrl\":\"https:\/\/newmood.com.tr\/wp-content\/uploads\/2024\/09\/maserati-yemek-odasi-100924-1.jpg\",\"width\":1920,\"height\":1200},{\"@type\":\"BreadcrumbList\",\"@id\":\"https:\/\/newmood.com.tr\/en\/maserati-yemek-odasi\/#breadcrumb\",\"itemListElement\":[{\"@type\":\"ListItem\",\"position\":1,\"name\":\"Anasayfa\",\"item\":\"https:\/\/newmood.com.tr\/\"},{\"@type\":\"ListItem\",\"position\":2,\"name\":\"\u00dcr\u00fcnler\",\"item\":\"https:\/\/newmood.com.tr\/shop\/\"},{\"@type\":\"ListItem\",\"position\":3,\"name\":\"Maserati Yemek Odas\u0131\"}]},{\"@type\":\"WebSite\",\"@id\":\"https:\/\/newmood.com.tr\/en\/#website\",\"url\":\"https:\/\/newmood.com.tr\/en\/\",\"name\":\"Newmood\",\"description\":\"\",\"potentialAction\":[{\"@type\":\"SearchAction\",\"target\":{\"@type\":\"EntryPoint\",\"urlTemplate\":\"https:\/\/newmood.com.tr\/en\/?s={search_term_string}\"},\"query-input\":{\"@type\":\"PropertyValueSpecification\",\"valueRequired\":true,\"valueName\":\"search_term_string\"}}],\"inLanguage\":\"en-US\"}]}<\/script>\n<!-- \/ Yoast SEO plugin. -->","yoast_head_json":{"title":"Maserati Yemek Odas\u0131 - Newmood","robots":{"index":"index","follow":"follow","max-snippet":"max-snippet:-1","max-image-preview":"max-image-preview:large","max-video-preview":"max-video-preview:-1"},"canonical":"https:\/\/newmood.com.tr\/en\/maserati-yemek-odasi\/","og_locale":"en_US","og_type":"article","og_title":"Maserati Yemek Odas\u0131 - Newmood","og_description":"Maserati Yemek Odas\u0131, l\u00fcks ve sofistike tasar\u0131m\u0131yla ya\u015fam alan\u0131n\u0131za modern bir zarafet getirir. Geni\u015f yemek masas\u0131, \u015f\u0131k sandalyeler ve zarif konsolu ile hem g\u00fcnl\u00fck kullan\u0131m hem de \u00f6zel davetler i\u00e7in m\u00fckemmel bir se\u00e7imdir. Kaliteli malzemelerle \u00fcretilen Maserati Yemek Odas\u0131, dikkat \u00e7ekici detaylar\u0131 ve zarif i\u015f\u00e7ili\u011fi ile g\u00f6z doldurur. Minimalist \u00e7izgilerle birle\u015ftirilen modern dokunu\u015flar, bu tak\u0131m\u0131 hem estetik hem de i\u015flevsel hale getirir. Maserati Yemek Odas\u0131, ya\u015fam alan\u0131n\u0131za zarafet ve prestij katarken, konforlu ve davetkar bir atmosfer sa\u011flar.","og_url":"https:\/\/newmood.com.tr\/en\/maserati-yemek-odasi\/","og_site_name":"Newmood","og_image":[{"width":1920,"height":1200,"url":"https:\/\/newmood.com.tr\/wp-content\/uploads\/2024\/09\/maserati-yemek-odasi-100924-1.jpg","type":"image\/jpeg"}],"twitter_card":"summary_large_image","schema":{"@context":"https:\/\/schema.org","@graph":[{"@type":"WebPage","@id":"https:\/\/newmood.com.tr\/en\/maserati-yemek-odasi\/","url":"https:\/\/newmood.com.tr\/en\/maserati-yemek-odasi\/","name":"Maserati Yemek Odas\u0131 - Newmood","isPartOf":{"@id":"https:\/\/newmood.com.tr\/en\/#website"},"primaryImageOfPage":{"@id":"https:\/\/newmood.com.tr\/en\/maserati-yemek-odasi\/#primaryimage"},"image":{"@id":"https:\/\/newmood.com.tr\/en\/maserati-yemek-odasi\/#primaryimage"},"thumbnailUrl":"https:\/\/newmood.com.tr\/wp-content\/uploads\/2024\/09\/maserati-yemek-odasi-100924-1.jpg","datePublished":"2024-09-09T15:16:14+00:00","breadcrumb":{"@id":"https:\/\/newmood.com.tr\/en\/maserati-yemek-odasi\/#breadcrumb"},"inLanguage":"en-US","potentialAction":[{"@type":"ReadAction","target":["https:\/\/newmood.com.tr\/en\/maserati-yemek-odasi\/"]}]},{"@type":"ImageObject","inLanguage":"en-US","@id":"https:\/\/newmood.com.tr\/en\/maserati-yemek-odasi\/#primaryimage","url":"https:\/\/newmood.com.tr\/wp-content\/uploads\/2024\/09\/maserati-yemek-odasi-100924-1.jpg","contentUrl":"https:\/\/newmood.com.tr\/wp-content\/uploads\/2024\/09\/maserati-yemek-odasi-100924-1.jpg","width":1920,"height":1200},{"@type":"BreadcrumbList","@id":"https:\/\/newmood.com.tr\/en\/maserati-yemek-odasi\/#breadcrumb","itemListElement":[{"@type":"ListItem","position":1,"name":"Anasayfa","item":"https:\/\/newmood.com.tr\/"},{"@type":"ListItem","position":2,"name":"\u00dcr\u00fcnler","item":"https:\/\/newmood.com.tr\/shop\/"},{"@type":"ListItem","position":3,"name":"Maserati Yemek Odas\u0131"}]},{"@type":"WebSite","@id":"https:\/\/newmood.com.tr\/en\/#website","url":"https:\/\/newmood.com.tr\/en\/","name":"Newmood","description":"","potentialAction":[{"@type":"SearchAction","target":{"@type":"EntryPoint","urlTemplate":"https:\/\/newmood.com.tr\/en\/?s={search_term_string}"},"query-input":{"@type":"PropertyValueSpecification","valueRequired":true,"valueName":"search_term_string"}}],"inLanguage":"en-US"}]}},"_links":{"self":[{"href":"https:\/\/newmood.com.tr\/en\/wp-json\/wp\/v2\/product\/1066"}],"collection":[{"href":"https:\/\/newmood.com.tr\/en\/wp-json\/wp\/v2\/product"}],"about":[{"href":"https:\/\/newmood.com.tr\/en\/wp-json\/wp\/v2\/types\/product"}],"replies":[{"embeddable":true,"href":"https:\/\/newmood.com.tr\/en\/wp-json\/wp\/v2\/comments?post=1066"}],"wp:featuredmedia":[{"embeddable":true,"href":"https:\/\/newmood.com.tr\/en\/wp-json\/wp\/v2\/media\/1071"}],"wp:attachment":[{"href":"https:\/\/newmood.com.tr\/en\/wp-json\/wp\/v2\/media?parent=1066"}],"wp:term":[{"taxonomy":"product_brand","embeddable":true,"href":"https:\/\/newmood.com.tr\/en\/wp-json\/wp\/v2\/product_brand?post=1066"},{"taxonomy":"product_cat","embeddable":true,"href":"https:\/\/newmood.com.tr\/en\/wp-json\/wp\/v2\/product_cat?post=1066"},{"taxonomy":"product_tag","embeddable":true,"href":"https:\/\/newmood.com.tr\/en\/wp-json\/wp\/v2\/product_tag?post=1066"}],"curies":[{"name":"wp","href":"https:\/\/api.w.org\/{rel}","templated":true}]}}