{"id":1012,"date":"2024-09-09T14:13:19","date_gmt":"2024-09-09T14:13:19","guid":{"rendered":"https:\/\/newmood.kodektif.com\/?post_type=product&#038;p=1012"},"modified":"2024-09-09T14:13:34","modified_gmt":"2024-09-09T14:13:34","slug":"nirvana-modern-sandalye","status":"publish","type":"product","link":"https:\/\/newmood.com.tr\/en\/nirvana-modern-sandalye\/","title":{"rendered":"Nirvana Modern Chair"},"content":{"rendered":"","protected":false},"excerpt":{"rendered":"<p>Nirvana Modern Chair is a stylish seating element that attracts attention with its elegant design and comfort. Its modern lines and quality materials stand out as both an aesthetic and functional piece. Its comfortable seating area and ergonomic structure provide comfort even during long sessions. Its stylish finish and fine details add a sophisticated touch to your dining room or living area. Nirvana Modern Chair adapts to various decoration styles, making it a perfect choice for both daily meals and special occasions. It brings elegance and elegance to your home with its aesthetic appearance and solid structure.<\/p>","protected":false},"featured_media":1003,"comment_status":"open","ping_status":"closed","template":"","meta":[],"product_brand":[],"product_cat":[15,20],"product_tag":[],"class_list":{"0":"post-1012","1":"product","2":"type-product","3":"status-publish","4":"has-post-thumbnail","6":"product_cat-urunler","7":"product_cat-sandalyeler","9":"first","10":"instock","11":"shipping-taxable","12":"product-type-simple"},"yoast_head":"<!-- This site is optimized with the Yoast SEO plugin v24.9 - https:\/\/yoast.com\/wordpress\/plugins\/seo\/ -->\n<title>Nirvana Modern Sandalye - Newmood<\/title>\n<meta name=\"robots\" content=\"index, follow, max-snippet:-1, max-image-preview:large, max-video-preview:-1\" \/>\n<link rel=\"canonical\" href=\"https:\/\/newmood.com.tr\/en\/nirvana-modern-sandalye\/\" \/>\n<meta property=\"og:locale\" content=\"en_US\" \/>\n<meta property=\"og:type\" content=\"article\" \/>\n<meta property=\"og:title\" content=\"Nirvana Modern Sandalye - Newmood\" \/>\n<meta property=\"og:description\" content=\"Nirvana Modern Sandalye, zarif tasar\u0131m\u0131 ve konforu ile dikkat \u00e7eken \u015f\u0131k bir oturma eleman\u0131d\u0131r. Modern \u00e7izgileri ve kaliteli malzemeleri, hem estetik hem de fonksiyonel bir par\u00e7a olarak \u00f6ne \u00e7\u0131kar. Konforlu oturma alan\u0131 ve ergonomik yap\u0131s\u0131, uzun s\u00fcreli oturumlarda bile rahatl\u0131k sa\u011flar. \u015e\u0131k kaplama ve ince detaylar\u0131, yemek odas\u0131 veya oturma alan\u0131n\u0131za sofistike bir dokunu\u015f katar. Nirvana Modern Sandalye, \u00e7e\u015fitli dekorasyon tarzlar\u0131na uyum sa\u011flayarak hem g\u00fcnl\u00fck yemekler hem de \u00f6zel davetler i\u00e7in m\u00fckemmel bir tercihtir. Estetik g\u00f6r\u00fcn\u00fcm\u00fc ve sa\u011flam yap\u0131s\u0131yla evinize \u015f\u0131kl\u0131k ve zarafet getirir.\" \/>\n<meta property=\"og:url\" content=\"https:\/\/newmood.com.tr\/en\/nirvana-modern-sandalye\/\" \/>\n<meta property=\"og:site_name\" content=\"Newmood\" \/>\n<meta property=\"article:modified_time\" content=\"2024-09-09T14:13:34+00:00\" \/>\n<meta property=\"og:image\" content=\"https:\/\/newmood.com.tr\/wp-content\/uploads\/2024\/09\/nirvana-modern-yemek-odasi-090924-21.jpg\" \/>\n\t<meta property=\"og:image:width\" content=\"1920\" \/>\n\t<meta property=\"og:image:height\" content=\"1200\" \/>\n\t<meta property=\"og:image:type\" content=\"image\/jpeg\" \/>\n<meta name=\"twitter:card\" content=\"summary_large_image\" \/>\n<script type=\"application\/ld+json\" class=\"yoast-schema-graph\">{\"@context\":\"https:\/\/schema.org\",\"@graph\":[{\"@type\":\"WebPage\",\"@id\":\"https:\/\/newmood.com.tr\/en\/nirvana-modern-sandalye\/\",\"url\":\"https:\/\/newmood.com.tr\/en\/nirvana-modern-sandalye\/\",\"name\":\"Nirvana Modern Sandalye - Newmood\",\"isPartOf\":{\"@id\":\"https:\/\/newmood.com.tr\/en\/#website\"},\"primaryImageOfPage\":{\"@id\":\"https:\/\/newmood.com.tr\/en\/nirvana-modern-sandalye\/#primaryimage\"},\"image\":{\"@id\":\"https:\/\/newmood.com.tr\/en\/nirvana-modern-sandalye\/#primaryimage\"},\"thumbnailUrl\":\"https:\/\/newmood.com.tr\/wp-content\/uploads\/2024\/09\/nirvana-modern-yemek-odasi-090924-21.jpg\",\"datePublished\":\"2024-09-09T14:13:19+00:00\",\"dateModified\":\"2024-09-09T14:13:34+00:00\",\"breadcrumb\":{\"@id\":\"https:\/\/newmood.com.tr\/en\/nirvana-modern-sandalye\/#breadcrumb\"},\"inLanguage\":\"en-US\",\"potentialAction\":[{\"@type\":\"ReadAction\",\"target\":[\"https:\/\/newmood.com.tr\/en\/nirvana-modern-sandalye\/\"]}]},{\"@type\":\"ImageObject\",\"inLanguage\":\"en-US\",\"@id\":\"https:\/\/newmood.com.tr\/en\/nirvana-modern-sandalye\/#primaryimage\",\"url\":\"https:\/\/newmood.com.tr\/wp-content\/uploads\/2024\/09\/nirvana-modern-yemek-odasi-090924-21.jpg\",\"contentUrl\":\"https:\/\/newmood.com.tr\/wp-content\/uploads\/2024\/09\/nirvana-modern-yemek-odasi-090924-21.jpg\",\"width\":1920,\"height\":1200},{\"@type\":\"BreadcrumbList\",\"@id\":\"https:\/\/newmood.com.tr\/en\/nirvana-modern-sandalye\/#breadcrumb\",\"itemListElement\":[{\"@type\":\"ListItem\",\"position\":1,\"name\":\"Anasayfa\",\"item\":\"https:\/\/newmood.com.tr\/\"},{\"@type\":\"ListItem\",\"position\":2,\"name\":\"\u00dcr\u00fcnler\",\"item\":\"https:\/\/newmood.com.tr\/shop\/\"},{\"@type\":\"ListItem\",\"position\":3,\"name\":\"Nirvana Modern Sandalye\"}]},{\"@type\":\"WebSite\",\"@id\":\"https:\/\/newmood.com.tr\/en\/#website\",\"url\":\"https:\/\/newmood.com.tr\/en\/\",\"name\":\"Newmood\",\"description\":\"\",\"potentialAction\":[{\"@type\":\"SearchAction\",\"target\":{\"@type\":\"EntryPoint\",\"urlTemplate\":\"https:\/\/newmood.com.tr\/en\/?s={search_term_string}\"},\"query-input\":{\"@type\":\"PropertyValueSpecification\",\"valueRequired\":true,\"valueName\":\"search_term_string\"}}],\"inLanguage\":\"en-US\"}]}<\/script>\n<!-- \/ Yoast SEO plugin. -->","yoast_head_json":{"title":"Nirvana Modern Sandalye - Newmood","robots":{"index":"index","follow":"follow","max-snippet":"max-snippet:-1","max-image-preview":"max-image-preview:large","max-video-preview":"max-video-preview:-1"},"canonical":"https:\/\/newmood.com.tr\/en\/nirvana-modern-sandalye\/","og_locale":"en_US","og_type":"article","og_title":"Nirvana Modern Sandalye - Newmood","og_description":"Nirvana Modern Sandalye, zarif tasar\u0131m\u0131 ve konforu ile dikkat \u00e7eken \u015f\u0131k bir oturma eleman\u0131d\u0131r. Modern \u00e7izgileri ve kaliteli malzemeleri, hem estetik hem de fonksiyonel bir par\u00e7a olarak \u00f6ne \u00e7\u0131kar. Konforlu oturma alan\u0131 ve ergonomik yap\u0131s\u0131, uzun s\u00fcreli oturumlarda bile rahatl\u0131k sa\u011flar. \u015e\u0131k kaplama ve ince detaylar\u0131, yemek odas\u0131 veya oturma alan\u0131n\u0131za sofistike bir dokunu\u015f katar. Nirvana Modern Sandalye, \u00e7e\u015fitli dekorasyon tarzlar\u0131na uyum sa\u011flayarak hem g\u00fcnl\u00fck yemekler hem de \u00f6zel davetler i\u00e7in m\u00fckemmel bir tercihtir. Estetik g\u00f6r\u00fcn\u00fcm\u00fc ve sa\u011flam yap\u0131s\u0131yla evinize \u015f\u0131kl\u0131k ve zarafet getirir.","og_url":"https:\/\/newmood.com.tr\/en\/nirvana-modern-sandalye\/","og_site_name":"Newmood","article_modified_time":"2024-09-09T14:13:34+00:00","og_image":[{"width":1920,"height":1200,"url":"https:\/\/newmood.com.tr\/wp-content\/uploads\/2024\/09\/nirvana-modern-yemek-odasi-090924-21.jpg","type":"image\/jpeg"}],"twitter_card":"summary_large_image","schema":{"@context":"https:\/\/schema.org","@graph":[{"@type":"WebPage","@id":"https:\/\/newmood.com.tr\/en\/nirvana-modern-sandalye\/","url":"https:\/\/newmood.com.tr\/en\/nirvana-modern-sandalye\/","name":"Nirvana Modern Sandalye - Newmood","isPartOf":{"@id":"https:\/\/newmood.com.tr\/en\/#website"},"primaryImageOfPage":{"@id":"https:\/\/newmood.com.tr\/en\/nirvana-modern-sandalye\/#primaryimage"},"image":{"@id":"https:\/\/newmood.com.tr\/en\/nirvana-modern-sandalye\/#primaryimage"},"thumbnailUrl":"https:\/\/newmood.com.tr\/wp-content\/uploads\/2024\/09\/nirvana-modern-yemek-odasi-090924-21.jpg","datePublished":"2024-09-09T14:13:19+00:00","dateModified":"2024-09-09T14:13:34+00:00","breadcrumb":{"@id":"https:\/\/newmood.com.tr\/en\/nirvana-modern-sandalye\/#breadcrumb"},"inLanguage":"en-US","potentialAction":[{"@type":"ReadAction","target":["https:\/\/newmood.com.tr\/en\/nirvana-modern-sandalye\/"]}]},{"@type":"ImageObject","inLanguage":"en-US","@id":"https:\/\/newmood.com.tr\/en\/nirvana-modern-sandalye\/#primaryimage","url":"https:\/\/newmood.com.tr\/wp-content\/uploads\/2024\/09\/nirvana-modern-yemek-odasi-090924-21.jpg","contentUrl":"https:\/\/newmood.com.tr\/wp-content\/uploads\/2024\/09\/nirvana-modern-yemek-odasi-090924-21.jpg","width":1920,"height":1200},{"@type":"BreadcrumbList","@id":"https:\/\/newmood.com.tr\/en\/nirvana-modern-sandalye\/#breadcrumb","itemListElement":[{"@type":"ListItem","position":1,"name":"Anasayfa","item":"https:\/\/newmood.com.tr\/"},{"@type":"ListItem","position":2,"name":"\u00dcr\u00fcnler","item":"https:\/\/newmood.com.tr\/shop\/"},{"@type":"ListItem","position":3,"name":"Nirvana Modern Sandalye"}]},{"@type":"WebSite","@id":"https:\/\/newmood.com.tr\/en\/#website","url":"https:\/\/newmood.com.tr\/en\/","name":"Newmood","description":"","potentialAction":[{"@type":"SearchAction","target":{"@type":"EntryPoint","urlTemplate":"https:\/\/newmood.com.tr\/en\/?s={search_term_string}"},"query-input":{"@type":"PropertyValueSpecification","valueRequired":true,"valueName":"search_term_string"}}],"inLanguage":"en-US"}]}},"_links":{"self":[{"href":"https:\/\/newmood.com.tr\/en\/wp-json\/wp\/v2\/product\/1012"}],"collection":[{"href":"https:\/\/newmood.com.tr\/en\/wp-json\/wp\/v2\/product"}],"about":[{"href":"https:\/\/newmood.com.tr\/en\/wp-json\/wp\/v2\/types\/product"}],"replies":[{"embeddable":true,"href":"https:\/\/newmood.com.tr\/en\/wp-json\/wp\/v2\/comments?post=1012"}],"wp:featuredmedia":[{"embeddable":true,"href":"https:\/\/newmood.com.tr\/en\/wp-json\/wp\/v2\/media\/1003"}],"wp:attachment":[{"href":"https:\/\/newmood.com.tr\/en\/wp-json\/wp\/v2\/media?parent=1012"}],"wp:term":[{"taxonomy":"product_brand","embeddable":true,"href":"https:\/\/newmood.com.tr\/en\/wp-json\/wp\/v2\/product_brand?post=1012"},{"taxonomy":"product_cat","embeddable":true,"href":"https:\/\/newmood.com.tr\/en\/wp-json\/wp\/v2\/product_cat?post=1012"},{"taxonomy":"product_tag","embeddable":true,"href":"https:\/\/newmood.com.tr\/en\/wp-json\/wp\/v2\/product_tag?post=1012"}],"curies":[{"name":"wp","href":"https:\/\/api.w.org\/{rel}","templated":true}]}}