{"id":1011,"date":"2024-09-09T14:11:39","date_gmt":"2024-09-09T14:11:39","guid":{"rendered":"https:\/\/newmood.kodektif.com\/?post_type=product&#038;p=1011"},"modified":"2024-09-09T14:11:39","modified_gmt":"2024-09-09T14:11:39","slug":"nirvana-modern-masa","status":"publish","type":"product","link":"https:\/\/newmood.com.tr\/en\/nirvana-modern-masa\/","title":{"rendered":"Nirvana Modern Table"},"content":{"rendered":"","protected":false},"excerpt":{"rendered":"<p>Nirvana Modern Table is a stylish dining table where contemporary design combines with elegant details. Its large surface and solid structure offer an ideal space for your various organizations, from family dinners to special invitations. This table, which draws attention with its modern lines and high-quality materials, also stands out with its aesthetic details. Nirvana Modern Table adapts to all types of decoration styles with its minimalist design and stylish appearance and adds a sophisticated atmosphere to your living space. A perfect choice for both daily use and special moments, this table brings elegance and elegance to your home.<\/p>","protected":false},"featured_media":1000,"comment_status":"open","ping_status":"closed","template":"","meta":[],"product_brand":[],"product_cat":[15,21],"product_tag":[],"class_list":{"0":"post-1011","1":"product","2":"type-product","3":"status-publish","4":"has-post-thumbnail","6":"product_cat-urunler","7":"product_cat-masalar","9":"first","10":"instock","11":"shipping-taxable","12":"product-type-simple"},"yoast_head":"<!-- This site is optimized with the Yoast SEO plugin v24.9 - https:\/\/yoast.com\/wordpress\/plugins\/seo\/ -->\n<title>Nirvana Modern Masa - Newmood<\/title>\n<meta name=\"robots\" content=\"index, follow, max-snippet:-1, max-image-preview:large, max-video-preview:-1\" \/>\n<link rel=\"canonical\" href=\"https:\/\/newmood.com.tr\/en\/nirvana-modern-masa\/\" \/>\n<meta property=\"og:locale\" content=\"en_US\" \/>\n<meta property=\"og:type\" content=\"article\" \/>\n<meta property=\"og:title\" content=\"Nirvana Modern Masa - Newmood\" \/>\n<meta property=\"og:description\" content=\"Nirvana Modern Masa, \u00e7a\u011fda\u015f tasar\u0131m\u0131n zarif detaylarla birle\u015fti\u011fi \u015f\u0131k bir yemek masas\u0131d\u0131r. Geni\u015f y\u00fczeyi ve sa\u011flam yap\u0131s\u0131, aile yemeklerinden \u00f6zel davetlere kadar \u00e7e\u015fitli organizasyonlar\u0131n\u0131z i\u00e7in ideal bir alan sunar. Modern \u00e7izgileri ve y\u00fcksek kaliteli malzemeleriyle dikkat \u00e7eken bu masa, estetik detaylar\u0131yla da \u00f6ne \u00e7\u0131kar. Nirvana Modern Masa, minimalist tasar\u0131m\u0131 ve \u015f\u0131k g\u00f6r\u00fcn\u00fcm\u00fcyle her t\u00fcr dekorasyon tarz\u0131na uyum sa\u011flar, ya\u015fam alan\u0131n\u0131za sofistike bir hava katar. Hem g\u00fcnl\u00fck kullan\u0131m hem de \u00f6zel anlar i\u00e7in m\u00fckemmel bir tercih olan bu masa, evinize \u015f\u0131kl\u0131k ve zarafet getirir.\" \/>\n<meta property=\"og:url\" content=\"https:\/\/newmood.com.tr\/en\/nirvana-modern-masa\/\" \/>\n<meta property=\"og:site_name\" content=\"Newmood\" \/>\n<meta property=\"og:image\" content=\"https:\/\/newmood.com.tr\/wp-content\/uploads\/2024\/09\/nirvana-modern-yemek-odasi-090924-18.jpg\" \/>\n\t<meta property=\"og:image:width\" content=\"1920\" \/>\n\t<meta property=\"og:image:height\" content=\"1200\" \/>\n\t<meta property=\"og:image:type\" content=\"image\/jpeg\" \/>\n<meta name=\"twitter:card\" content=\"summary_large_image\" \/>\n<script type=\"application\/ld+json\" class=\"yoast-schema-graph\">{\"@context\":\"https:\/\/schema.org\",\"@graph\":[{\"@type\":\"WebPage\",\"@id\":\"https:\/\/newmood.com.tr\/en\/nirvana-modern-masa\/\",\"url\":\"https:\/\/newmood.com.tr\/en\/nirvana-modern-masa\/\",\"name\":\"Nirvana Modern Masa - Newmood\",\"isPartOf\":{\"@id\":\"https:\/\/newmood.com.tr\/en\/#website\"},\"primaryImageOfPage\":{\"@id\":\"https:\/\/newmood.com.tr\/en\/nirvana-modern-masa\/#primaryimage\"},\"image\":{\"@id\":\"https:\/\/newmood.com.tr\/en\/nirvana-modern-masa\/#primaryimage\"},\"thumbnailUrl\":\"https:\/\/newmood.com.tr\/wp-content\/uploads\/2024\/09\/nirvana-modern-yemek-odasi-090924-18.jpg\",\"datePublished\":\"2024-09-09T14:11:39+00:00\",\"breadcrumb\":{\"@id\":\"https:\/\/newmood.com.tr\/en\/nirvana-modern-masa\/#breadcrumb\"},\"inLanguage\":\"en-US\",\"potentialAction\":[{\"@type\":\"ReadAction\",\"target\":[\"https:\/\/newmood.com.tr\/en\/nirvana-modern-masa\/\"]}]},{\"@type\":\"ImageObject\",\"inLanguage\":\"en-US\",\"@id\":\"https:\/\/newmood.com.tr\/en\/nirvana-modern-masa\/#primaryimage\",\"url\":\"https:\/\/newmood.com.tr\/wp-content\/uploads\/2024\/09\/nirvana-modern-yemek-odasi-090924-18.jpg\",\"contentUrl\":\"https:\/\/newmood.com.tr\/wp-content\/uploads\/2024\/09\/nirvana-modern-yemek-odasi-090924-18.jpg\",\"width\":1920,\"height\":1200},{\"@type\":\"BreadcrumbList\",\"@id\":\"https:\/\/newmood.com.tr\/en\/nirvana-modern-masa\/#breadcrumb\",\"itemListElement\":[{\"@type\":\"ListItem\",\"position\":1,\"name\":\"Anasayfa\",\"item\":\"https:\/\/newmood.com.tr\/\"},{\"@type\":\"ListItem\",\"position\":2,\"name\":\"\u00dcr\u00fcnler\",\"item\":\"https:\/\/newmood.com.tr\/shop\/\"},{\"@type\":\"ListItem\",\"position\":3,\"name\":\"Nirvana Modern Masa\"}]},{\"@type\":\"WebSite\",\"@id\":\"https:\/\/newmood.com.tr\/en\/#website\",\"url\":\"https:\/\/newmood.com.tr\/en\/\",\"name\":\"Newmood\",\"description\":\"\",\"potentialAction\":[{\"@type\":\"SearchAction\",\"target\":{\"@type\":\"EntryPoint\",\"urlTemplate\":\"https:\/\/newmood.com.tr\/en\/?s={search_term_string}\"},\"query-input\":{\"@type\":\"PropertyValueSpecification\",\"valueRequired\":true,\"valueName\":\"search_term_string\"}}],\"inLanguage\":\"en-US\"}]}<\/script>\n<!-- \/ Yoast SEO plugin. -->","yoast_head_json":{"title":"Nirvana Modern Masa - Newmood","robots":{"index":"index","follow":"follow","max-snippet":"max-snippet:-1","max-image-preview":"max-image-preview:large","max-video-preview":"max-video-preview:-1"},"canonical":"https:\/\/newmood.com.tr\/en\/nirvana-modern-masa\/","og_locale":"en_US","og_type":"article","og_title":"Nirvana Modern Masa - Newmood","og_description":"Nirvana Modern Masa, \u00e7a\u011fda\u015f tasar\u0131m\u0131n zarif detaylarla birle\u015fti\u011fi \u015f\u0131k bir yemek masas\u0131d\u0131r. Geni\u015f y\u00fczeyi ve sa\u011flam yap\u0131s\u0131, aile yemeklerinden \u00f6zel davetlere kadar \u00e7e\u015fitli organizasyonlar\u0131n\u0131z i\u00e7in ideal bir alan sunar. Modern \u00e7izgileri ve y\u00fcksek kaliteli malzemeleriyle dikkat \u00e7eken bu masa, estetik detaylar\u0131yla da \u00f6ne \u00e7\u0131kar. Nirvana Modern Masa, minimalist tasar\u0131m\u0131 ve \u015f\u0131k g\u00f6r\u00fcn\u00fcm\u00fcyle her t\u00fcr dekorasyon tarz\u0131na uyum sa\u011flar, ya\u015fam alan\u0131n\u0131za sofistike bir hava katar. Hem g\u00fcnl\u00fck kullan\u0131m hem de \u00f6zel anlar i\u00e7in m\u00fckemmel bir tercih olan bu masa, evinize \u015f\u0131kl\u0131k ve zarafet getirir.","og_url":"https:\/\/newmood.com.tr\/en\/nirvana-modern-masa\/","og_site_name":"Newmood","og_image":[{"width":1920,"height":1200,"url":"https:\/\/newmood.com.tr\/wp-content\/uploads\/2024\/09\/nirvana-modern-yemek-odasi-090924-18.jpg","type":"image\/jpeg"}],"twitter_card":"summary_large_image","schema":{"@context":"https:\/\/schema.org","@graph":[{"@type":"WebPage","@id":"https:\/\/newmood.com.tr\/en\/nirvana-modern-masa\/","url":"https:\/\/newmood.com.tr\/en\/nirvana-modern-masa\/","name":"Nirvana Modern Masa - Newmood","isPartOf":{"@id":"https:\/\/newmood.com.tr\/en\/#website"},"primaryImageOfPage":{"@id":"https:\/\/newmood.com.tr\/en\/nirvana-modern-masa\/#primaryimage"},"image":{"@id":"https:\/\/newmood.com.tr\/en\/nirvana-modern-masa\/#primaryimage"},"thumbnailUrl":"https:\/\/newmood.com.tr\/wp-content\/uploads\/2024\/09\/nirvana-modern-yemek-odasi-090924-18.jpg","datePublished":"2024-09-09T14:11:39+00:00","breadcrumb":{"@id":"https:\/\/newmood.com.tr\/en\/nirvana-modern-masa\/#breadcrumb"},"inLanguage":"en-US","potentialAction":[{"@type":"ReadAction","target":["https:\/\/newmood.com.tr\/en\/nirvana-modern-masa\/"]}]},{"@type":"ImageObject","inLanguage":"en-US","@id":"https:\/\/newmood.com.tr\/en\/nirvana-modern-masa\/#primaryimage","url":"https:\/\/newmood.com.tr\/wp-content\/uploads\/2024\/09\/nirvana-modern-yemek-odasi-090924-18.jpg","contentUrl":"https:\/\/newmood.com.tr\/wp-content\/uploads\/2024\/09\/nirvana-modern-yemek-odasi-090924-18.jpg","width":1920,"height":1200},{"@type":"BreadcrumbList","@id":"https:\/\/newmood.com.tr\/en\/nirvana-modern-masa\/#breadcrumb","itemListElement":[{"@type":"ListItem","position":1,"name":"Anasayfa","item":"https:\/\/newmood.com.tr\/"},{"@type":"ListItem","position":2,"name":"\u00dcr\u00fcnler","item":"https:\/\/newmood.com.tr\/shop\/"},{"@type":"ListItem","position":3,"name":"Nirvana Modern Masa"}]},{"@type":"WebSite","@id":"https:\/\/newmood.com.tr\/en\/#website","url":"https:\/\/newmood.com.tr\/en\/","name":"Newmood","description":"","potentialAction":[{"@type":"SearchAction","target":{"@type":"EntryPoint","urlTemplate":"https:\/\/newmood.com.tr\/en\/?s={search_term_string}"},"query-input":{"@type":"PropertyValueSpecification","valueRequired":true,"valueName":"search_term_string"}}],"inLanguage":"en-US"}]}},"_links":{"self":[{"href":"https:\/\/newmood.com.tr\/en\/wp-json\/wp\/v2\/product\/1011"}],"collection":[{"href":"https:\/\/newmood.com.tr\/en\/wp-json\/wp\/v2\/product"}],"about":[{"href":"https:\/\/newmood.com.tr\/en\/wp-json\/wp\/v2\/types\/product"}],"replies":[{"embeddable":true,"href":"https:\/\/newmood.com.tr\/en\/wp-json\/wp\/v2\/comments?post=1011"}],"wp:featuredmedia":[{"embeddable":true,"href":"https:\/\/newmood.com.tr\/en\/wp-json\/wp\/v2\/media\/1000"}],"wp:attachment":[{"href":"https:\/\/newmood.com.tr\/en\/wp-json\/wp\/v2\/media?parent=1011"}],"wp:term":[{"taxonomy":"product_brand","embeddable":true,"href":"https:\/\/newmood.com.tr\/en\/wp-json\/wp\/v2\/product_brand?post=1011"},{"taxonomy":"product_cat","embeddable":true,"href":"https:\/\/newmood.com.tr\/en\/wp-json\/wp\/v2\/product_cat?post=1011"},{"taxonomy":"product_tag","embeddable":true,"href":"https:\/\/newmood.com.tr\/en\/wp-json\/wp\/v2\/product_tag?post=1011"}],"curies":[{"name":"wp","href":"https:\/\/api.w.org\/{rel}","templated":true}]}}