{"id":26,"date":"2024-08-27T11:53:32","date_gmt":"2024-08-27T11:53:32","guid":{"rendered":"https:\/\/newmood.kodektif.com\/?page_id=26"},"modified":"2025-07-28T12:55:37","modified_gmt":"2025-07-28T12:55:37","slug":"hakkimizda","status":"publish","type":"page","link":"https:\/\/newmood.com.tr\/en\/about-us\/","title":{"rendered":"About Us"},"content":{"rendered":"<div class=\"wpb-content-wrapper\"><div id=\"about-us-row\" data-vc-full-width=\"true\" data-vc-full-width-init=\"false\" class=\"vc_row wpb_row vc_row-fluid wd-rs-66e98f83b16a2\"><div class=\"wpb_column vc_column_container vc_col-sm-12\"><div class=\"vc_column-inner\"><div class=\"wpb_wrapper\">\n\t<div class=\"wpb_text_column wpb_content_element\" >\n\t\t<div class=\"wpb_wrapper\">\n\t\t\t<div class=\"about-us-text-content\">\n<div class=\"text-content-row first\">\n<p>In this adventure, which we started in a small workshop in the sector in 1982, we set out with the vision that there is always better. We continued on our way by following world standards and design principles. We combined design and quality. In 2014, we changed our name under the name NEWMOOD armchair and took the first step of institutionalization with our new mood that finds meaning in our name.<\/p>\n<\/div>\n<div class=\"text-content-row second\">\n<h1>Infinite Designs<\/h1>\n<\/div>\n<div class=\"text-content-row third\">\n<div class=\"text-content-col first\">\n<p>We continue to maintain our privileged stance in our country and in the world market with our products based on 36 years of history and experience...<\/p>\n<\/div>\n<div class=\"text-content-col second\">\n<p>As the NEWMOOD family, we produce our seats without compromising quality, aesthetics and functionality. We are moving forward in our own line by combining technology and manual labor in our products.<\/p>\n<\/div>\n<\/div>\n<\/div>\n\n\t\t<\/div>\n\t<\/div>\n<\/div><\/div><\/div><\/div><div class=\"vc_row-full-width vc_clearfix\"><\/div><div id=\"about-us-content\" class=\"vc_row wpb_row vc_row-fluid vc_row-o-equal-height vc_row-flex wd-rs-66e999169c143\"><div class=\"wpb_column vc_column_container vc_col-sm-6\"><div class=\"vc_column-inner\"><div class=\"wpb_wrapper\">\t\t<div class=\"promo-banner-wrapper  wd-rs-66e99360eeb30\">\n\t\t\t<div id=\"wd-66e99360eeb30\" class=\"promo-banner  banner- banner-hover-none color-scheme-light banner-btn-size-default banner-btn-style-default  wd-underline-colored\">\n\t\t\t\t<div class=\"main-wrapp-img\">\n\t\t\t\t\t<div class=\"banner-image wd-bg-position-center\" >\n\t\t\t\t\t\t<img loading=\"lazy\" decoding=\"async\" width=\"1200\" height=\"1600\" src=\"https:\/\/newmood.com.tr\/wp-content\/uploads\/2024\/09\/selected-row-mobile-banner-img-170924-2.jpg\" class=\"attachment-full size-full\" alt=\"\" \/>\t\t\t\t\t<\/div>\n\t\t\t\t<\/div>\n\n\t\t\t\t<div class=\"wrapper-content-banner wd-fill  wd-items-top wd-justify-left\">\n\t\t\t\t\t<div class=\"content-banner  text-left\">\n\t\t\t\t\t\t\t\t\t\t\t\t\n\t\t\t\t\t\t\n\t\t\t\t\t\t\t\t\t\t\t<\/div>\n\t\t\t\t<\/div>\n\n\t\t\t\t\n\t\t\t\t\t\t\t<\/div>\n\t\t<\/div>\n\n\t\t<\/div><\/div><\/div><div class=\"wpb_column vc_column_container vc_col-sm-6 woodmart-sticky-column wd_sticky_offset_150 wd-rs-66e9992079d98\"><div class=\"vc_column-inner\"><div class=\"wpb_wrapper\">\n\t<div class=\"wpb_text_column wpb_content_element\" >\n\t\t<div class=\"wpb_wrapper\">\n\t\t\t<h2>New life ideas<\/h2>\n<p>We believe that in addition to the light and architectural features of a space, the lifestyle, needs, and essentials of its users also determine our furniture, accessories, and decoration choices. At Newmood, the spaciousness, dynamism, quality, and aesthetics we offer in the spaces we decorate are a reflection of our meticulous consideration of these elements. We shape our creative design processes with a people-centered approach and strive to bring the vision of the future to the present. We know that design can only yield excellent results when experience, careful observation, and a sense of aesthetics combine with technology and quality. Collections created with Newmood's unique design approach capture the spirit of each era, continuing to offer a timeless elegance.<\/p>\n\n\t\t<\/div>\n\t<\/div>\n<\/div><\/div><\/div><\/div>\n<\/div>","protected":false},"excerpt":{"rendered":"Sekt\u00f6rde 1982 y\u0131l\u0131nda k\u00fc\u00e7\u00fck bir at\u00f6lyede bas\u0327lad\u0131g\u0306\u0131m\u0131z bu ser\u00fcvende, her zaman daha iyisi vard\u0131r vizyonu ile yola \u00e7\u0131kt\u0131k. D\u00fcnya standartlar\u0131n\u0131","protected":false},"author":1,"featured_media":0,"parent":0,"menu_order":0,"comment_status":"closed","ping_status":"closed","template":"","meta":{"footnotes":""},"class_list":["post-26","page","type-page","status-publish","hentry"],"yoast_head":"<!-- This site is optimized with the Yoast SEO plugin v24.9 - https:\/\/yoast.com\/wordpress\/plugins\/seo\/ -->\n<title>Hakk\u0131m\u0131zda - Newmood<\/title>\n<meta name=\"robots\" content=\"index, follow, max-snippet:-1, max-image-preview:large, max-video-preview:-1\" \/>\n<link rel=\"canonical\" href=\"https:\/\/newmood.com.tr\/en\/about-us\/\" \/>\n<meta property=\"og:locale\" content=\"en_US\" \/>\n<meta property=\"og:type\" content=\"article\" \/>\n<meta property=\"og:title\" content=\"Hakk\u0131m\u0131zda - Newmood\" \/>\n<meta property=\"og:url\" content=\"https:\/\/newmood.com.tr\/en\/about-us\/\" \/>\n<meta property=\"og:site_name\" content=\"Newmood\" \/>\n<meta property=\"article:modified_time\" content=\"2025-07-28T12:55:37+00:00\" \/>\n<meta name=\"twitter:card\" content=\"summary_large_image\" \/>\n<meta name=\"twitter:label1\" content=\"Est. reading time\" \/>\n\t<meta name=\"twitter:data1\" content=\"2 minutes\" \/>\n<script type=\"application\/ld+json\" class=\"yoast-schema-graph\">{\"@context\":\"https:\/\/schema.org\",\"@graph\":[{\"@type\":\"WebPage\",\"@id\":\"https:\/\/newmood.com.tr\/en\/about-us\/\",\"url\":\"https:\/\/newmood.com.tr\/en\/about-us\/\",\"name\":\"Hakk\u0131m\u0131zda - Newmood\",\"isPartOf\":{\"@id\":\"https:\/\/newmood.com.tr\/en\/#website\"},\"datePublished\":\"2024-08-27T11:53:32+00:00\",\"dateModified\":\"2025-07-28T12:55:37+00:00\",\"breadcrumb\":{\"@id\":\"https:\/\/newmood.com.tr\/en\/about-us\/#breadcrumb\"},\"inLanguage\":\"en-US\",\"potentialAction\":[{\"@type\":\"ReadAction\",\"target\":[\"https:\/\/newmood.com.tr\/en\/about-us\/\"]}]},{\"@type\":\"BreadcrumbList\",\"@id\":\"https:\/\/newmood.com.tr\/en\/about-us\/#breadcrumb\",\"itemListElement\":[{\"@type\":\"ListItem\",\"position\":1,\"name\":\"Anasayfa\",\"item\":\"https:\/\/newmood.com.tr\/\"},{\"@type\":\"ListItem\",\"position\":2,\"name\":\"Hakk\u0131m\u0131zda\"}]},{\"@type\":\"WebSite\",\"@id\":\"https:\/\/newmood.com.tr\/en\/#website\",\"url\":\"https:\/\/newmood.com.tr\/en\/\",\"name\":\"Newmood\",\"description\":\"\",\"potentialAction\":[{\"@type\":\"SearchAction\",\"target\":{\"@type\":\"EntryPoint\",\"urlTemplate\":\"https:\/\/newmood.com.tr\/en\/?s={search_term_string}\"},\"query-input\":{\"@type\":\"PropertyValueSpecification\",\"valueRequired\":true,\"valueName\":\"search_term_string\"}}],\"inLanguage\":\"en-US\"}]}<\/script>\n<!-- \/ Yoast SEO plugin. -->","yoast_head_json":{"title":"Hakk\u0131m\u0131zda - Newmood","robots":{"index":"index","follow":"follow","max-snippet":"max-snippet:-1","max-image-preview":"max-image-preview:large","max-video-preview":"max-video-preview:-1"},"canonical":"https:\/\/newmood.com.tr\/en\/about-us\/","og_locale":"en_US","og_type":"article","og_title":"Hakk\u0131m\u0131zda - Newmood","og_url":"https:\/\/newmood.com.tr\/en\/about-us\/","og_site_name":"Newmood","article_modified_time":"2025-07-28T12:55:37+00:00","twitter_card":"summary_large_image","twitter_misc":{"Est. reading time":"2 minutes"},"schema":{"@context":"https:\/\/schema.org","@graph":[{"@type":"WebPage","@id":"https:\/\/newmood.com.tr\/en\/about-us\/","url":"https:\/\/newmood.com.tr\/en\/about-us\/","name":"Hakk\u0131m\u0131zda - Newmood","isPartOf":{"@id":"https:\/\/newmood.com.tr\/en\/#website"},"datePublished":"2024-08-27T11:53:32+00:00","dateModified":"2025-07-28T12:55:37+00:00","breadcrumb":{"@id":"https:\/\/newmood.com.tr\/en\/about-us\/#breadcrumb"},"inLanguage":"en-US","potentialAction":[{"@type":"ReadAction","target":["https:\/\/newmood.com.tr\/en\/about-us\/"]}]},{"@type":"BreadcrumbList","@id":"https:\/\/newmood.com.tr\/en\/about-us\/#breadcrumb","itemListElement":[{"@type":"ListItem","position":1,"name":"Anasayfa","item":"https:\/\/newmood.com.tr\/"},{"@type":"ListItem","position":2,"name":"Hakk\u0131m\u0131zda"}]},{"@type":"WebSite","@id":"https:\/\/newmood.com.tr\/en\/#website","url":"https:\/\/newmood.com.tr\/en\/","name":"Newmood","description":"","potentialAction":[{"@type":"SearchAction","target":{"@type":"EntryPoint","urlTemplate":"https:\/\/newmood.com.tr\/en\/?s={search_term_string}"},"query-input":{"@type":"PropertyValueSpecification","valueRequired":true,"valueName":"search_term_string"}}],"inLanguage":"en-US"}]}},"_links":{"self":[{"href":"https:\/\/newmood.com.tr\/en\/wp-json\/wp\/v2\/pages\/26"}],"collection":[{"href":"https:\/\/newmood.com.tr\/en\/wp-json\/wp\/v2\/pages"}],"about":[{"href":"https:\/\/newmood.com.tr\/en\/wp-json\/wp\/v2\/types\/page"}],"author":[{"embeddable":true,"href":"https:\/\/newmood.com.tr\/en\/wp-json\/wp\/v2\/users\/1"}],"replies":[{"embeddable":true,"href":"https:\/\/newmood.com.tr\/en\/wp-json\/wp\/v2\/comments?post=26"}],"version-history":[{"count":0,"href":"https:\/\/newmood.com.tr\/en\/wp-json\/wp\/v2\/pages\/26\/revisions"}],"wp:attachment":[{"href":"https:\/\/newmood.com.tr\/en\/wp-json\/wp\/v2\/media?parent=26"}],"curies":[{"name":"wp","href":"https:\/\/api.w.org\/{rel}","templated":true}]}}